{"id":996,"date":"2022-12-18T13:11:52","date_gmt":"2022-12-18T12:11:52","guid":{"rendered":"https:\/\/www.vintape.org\/?post_type=product&#038;p=996"},"modified":"2026-04-13T15:14:57","modified_gmt":"2026-04-13T14:14:57","slug":"selda-bagcan-dost-merhaba-lp","status":"publish","type":"product","link":"https:\/\/www.vintape.org\/?product=selda-bagcan-dost-merhaba-lp","title":{"rendered":"Selda Ba\u011fcan &#8211; Dost Merhaba (LP)"},"content":{"rendered":"<p><strong>A Y\u00fcz\u00fc:<\/strong><\/p>\n<ol>\n<li><strong>\u00d6yle Bir Yerdeyim ki \/ Dostum\u00a0Dostum E\u015flik Eden: Ahmet Kaya<br \/>\nS\u00f6z: Hasan H\u00fcseyin Korkmazgil\u00a0 \/M\u00fczik: Ahmet Kaya<\/strong><\/li>\n<li><strong>Hey Gidi Kavak Hey<br \/>\nS\u00f6z: Naz\u0131m Hikmet Ran \/M\u00fczik: Selda Ba\u011fcan<\/strong><\/li>\n<li><strong>B\u00f6yle Olurmu<br \/>\nS\u00f6z &amp; M\u00fczik: Ne\u015fet Erta\u015f<\/strong><\/li>\n<li><strong>Sarho\u015f<br \/>\nS\u00f6z &amp; M\u00fczik: A\u015f\u0131k Mahzuni \u015eerif<\/strong><\/li>\n<li><strong>Haydar Haydar<br \/>\nS\u00f6z &amp; M\u00fczik: Ali Ekber \u00c7i\u00e7ek<\/strong><\/li>\n<\/ol>\n<p>B Y\u00fcz\u00fc:<\/p>\n<ol>\n<li>Dost Merhaba<br \/>\nS\u00f6z &amp; M\u00fczik: Derdi\u00e7oklar<\/li>\n<li>Ozan\u0131m Ozan<br \/>\nS\u00f6z &amp; M\u00fczik: Ziyaddin \u00d6zbay<\/li>\n<li>Karanl\u0131klar \u0130\u00e7inde &#8211;<br \/>\nS\u00f6z &amp; M\u00fczik: Ahmet Kaya<\/li>\n<li>A\u011flama Bebek<br \/>\nS\u00f6z &amp; M\u00fczik: Ahmet Kaya<\/li>\n<li>B\u00f6yleymi\u015f Kara Yaz\u0131m\u0131z<br \/>\nS\u00f6z: Sebahattin Ali\u00a0 \/ M\u00fczik: Ahmet Kaya<\/li>\n<li>Bir \u0130ncecik Duman T\u00fcterS\u00f6z &amp; M\u00fczik: Anonim<\/li>\n<\/ol>\n","protected":false},"excerpt":{"rendered":"<p>A Y\u00fcz\u00fc: \u00d6yle Bir Yerdeyim ki \/ Dostum\u00a0Dostum E\u015flik Eden: Ahmet Kaya S\u00f6z: Hasan H\u00fcseyin Korkmazgil\u00a0 \/M\u00fczik: Ahmet Kaya Hey Gidi Kavak Hey S\u00f6z: Naz\u0131m Hikmet Ran \/M\u00fczik: Selda Ba\u011fcan<\/p>\n","protected":false},"featured_media":997,"comment_status":"open","ping_status":"closed","template":"","meta":[],"product_cat":[173],"product_tag":[232,191,231,190],"class_list":{"0":"post-996","1":"product","2":"type-product","3":"status-publish","4":"has-post-thumbnail","6":"product_cat-vinyl","7":"product_tag-dost-merhaba","8":"product_tag-lp","9":"product_tag-selda-bagcan","10":"product_tag-vinyl","12":"first","13":"instock","14":"shipping-taxable","15":"purchasable","16":"product-type-simple"},"_links":{"self":[{"href":"https:\/\/www.vintape.org\/index.php?rest_route=\/wp\/v2\/product\/996","targetHints":{"allow":["GET"]}}],"collection":[{"href":"https:\/\/www.vintape.org\/index.php?rest_route=\/wp\/v2\/product"}],"about":[{"href":"https:\/\/www.vintape.org\/index.php?rest_route=\/wp\/v2\/types\/product"}],"replies":[{"embeddable":true,"href":"https:\/\/www.vintape.org\/index.php?rest_route=%2Fwp%2Fv2%2Fcomments&post=996"}],"version-history":[{"count":0,"href":"https:\/\/www.vintape.org\/index.php?rest_route=\/wp\/v2\/product\/996\/revisions"}],"wp:featuredmedia":[{"embeddable":true,"href":"https:\/\/www.vintape.org\/index.php?rest_route=\/wp\/v2\/media\/997"}],"wp:attachment":[{"href":"https:\/\/www.vintape.org\/index.php?rest_route=%2Fwp%2Fv2%2Fmedia&parent=996"}],"wp:term":[{"taxonomy":"product_cat","embeddable":true,"href":"https:\/\/www.vintape.org\/index.php?rest_route=%2Fwp%2Fv2%2Fproduct_cat&post=996"},{"taxonomy":"product_tag","embeddable":true,"href":"https:\/\/www.vintape.org\/index.php?rest_route=%2Fwp%2Fv2%2Fproduct_tag&post=996"}],"curies":[{"name":"wp","href":"https:\/\/api.w.org\/{rel}","templated":true}]}}