{"id":988,"date":"2022-12-18T13:03:39","date_gmt":"2022-12-18T12:03:39","guid":{"rendered":"https:\/\/www.vintape.org\/?post_type=product&#038;p=988"},"modified":"2026-04-15T13:38:00","modified_gmt":"2026-04-15T12:38:00","slug":"baris-manco-sakla-samani-gelir-zamani-lp","status":"publish","type":"product","link":"https:\/\/www.vintape.org\/?product=baris-manco-sakla-samani-gelir-zamani-lp","title":{"rendered":"Bar\u0131\u015f Man\u00e7o &#8211; Sakla Saman\u0131 Gelir Zaman\u0131 (LP)"},"content":{"rendered":"<div><strong>A Y\u00fcz\u00fc:<\/strong><\/div>\n<ol>\n<li><strong>Gamzedeyim Deva Bulmam<\/strong><\/li>\n<li><strong>G\u00f6n\u00fcl Da\u011f\u0131<\/strong><\/li>\n<li><strong>Nazar Eyle<\/strong><\/li>\n<li><strong>Bir Bahar Ak\u015fam\u0131<\/strong><\/li>\n<li><strong>Hey Koca Top\u00e7u Gen\u00e7 Osman<\/strong><strong>\u00a0<\/strong><\/li>\n<\/ol>\n<div><strong>B Y\u00fcz\u00fc:<\/strong><\/div>\n<ol>\n<li><b>Ben Bilirim Ben Bilirim\u00a0<\/b><\/li>\n<li><strong>\u00d6l\u00fcm Allah\u0131n Emri<\/strong><\/li>\n<li><strong>Kalk Gidelim K\u00fcheylan<\/strong><\/li>\n<li><strong>Lambaya P\u00fcf De<\/strong><\/li>\n<li><strong>Dereboyu Kavaklar (Kolbast\u0131)<\/strong><\/li>\n<\/ol>\n","protected":false},"excerpt":{"rendered":"<p>A Y\u00fcz\u00fc: Gamzedeyim Deva Bulmam G\u00f6n\u00fcl Da\u011f\u0131 Nazar Eyle Bir Bahar Ak\u015fam\u0131 Hey Koca Top\u00e7u Gen\u00e7 Osman\u00a0 B Y\u00fcz\u00fc: Ben Bilirim Ben Bilirim\u00a0 \u00d6l\u00fcm Allah\u0131n Emri Kalk Gidelim K\u00fcheylan Lambaya<\/p>\n","protected":false},"featured_media":989,"comment_status":"open","ping_status":"closed","template":"","meta":[],"product_cat":[173],"product_tag":[228,191,229,190],"class_list":{"0":"post-988","1":"product","2":"type-product","3":"status-publish","4":"has-post-thumbnail","6":"product_cat-vinyl","7":"product_tag-baris-manco","8":"product_tag-lp","9":"product_tag-sakla-samani-gelir-zamani","10":"product_tag-vinyl","12":"first","13":"instock","14":"shipping-taxable","15":"purchasable","16":"product-type-simple"},"_links":{"self":[{"href":"https:\/\/www.vintape.org\/index.php?rest_route=\/wp\/v2\/product\/988","targetHints":{"allow":["GET"]}}],"collection":[{"href":"https:\/\/www.vintape.org\/index.php?rest_route=\/wp\/v2\/product"}],"about":[{"href":"https:\/\/www.vintape.org\/index.php?rest_route=\/wp\/v2\/types\/product"}],"replies":[{"embeddable":true,"href":"https:\/\/www.vintape.org\/index.php?rest_route=%2Fwp%2Fv2%2Fcomments&post=988"}],"version-history":[{"count":0,"href":"https:\/\/www.vintape.org\/index.php?rest_route=\/wp\/v2\/product\/988\/revisions"}],"wp:featuredmedia":[{"embeddable":true,"href":"https:\/\/www.vintape.org\/index.php?rest_route=\/wp\/v2\/media\/989"}],"wp:attachment":[{"href":"https:\/\/www.vintape.org\/index.php?rest_route=%2Fwp%2Fv2%2Fmedia&parent=988"}],"wp:term":[{"taxonomy":"product_cat","embeddable":true,"href":"https:\/\/www.vintape.org\/index.php?rest_route=%2Fwp%2Fv2%2Fproduct_cat&post=988"},{"taxonomy":"product_tag","embeddable":true,"href":"https:\/\/www.vintape.org\/index.php?rest_route=%2Fwp%2Fv2%2Fproduct_tag&post=988"}],"curies":[{"name":"wp","href":"https:\/\/api.w.org\/{rel}","templated":true}]}}