{"id":980,"date":"2022-12-18T12:55:15","date_gmt":"2022-12-18T11:55:15","guid":{"rendered":"https:\/\/www.vintape.org\/?post_type=product&#038;p=980"},"modified":"2026-02-24T06:04:38","modified_gmt":"2026-02-24T05:04:38","slug":"erkin-koray-tutkusu-lp","status":"publish","type":"product","link":"https:\/\/www.vintape.org\/?product=erkin-koray-tutkusu-lp","title":{"rendered":"Erkin Koray &#8211; Tutkusu (LP)"},"content":{"rendered":"<p><u><strong>Erkin Koray &#8211; Tutkusu (Plak)<\/strong><\/u><\/p>\n<p>&nbsp;<\/p>\n<p><strong>LP &#8211; A Y\u00fcz\u00fc:\u00a0<\/strong><\/p>\n<ol>\n<li>Allah A\u015fk\u0131na<br \/>\nS\u00f6z: Yavuz La\u00e7in \u00a0 \u00a0 M\u00fczik: Erkin Koray<\/li>\n<li>Ma\u011farada D\u00fc\u011f\u00fcn Var<br \/>\nM\u00fczik: Erkin Koray<\/li>\n<li>Sandalc\u0131<br \/>\nS\u00f6z: Yavuz La\u00e7in \u00a0 \u00a0 M\u00fczik: Erkin Koray<\/li>\n<li>My Delight<br \/>\nS\u00f6z &amp; M\u00fczik: Erkin Koray<\/li>\n<li>Bir Olas\u0131l\u0131k<br \/>\nM\u00fczik: Harun Kol\u00e7ak<\/li>\n<li>C\u00fcmb\u00fcr Cemaat<br \/>\nS\u00f6z: \u00d6zer \u015eenay \u00a0 \u00a0 M\u00fczik: \u00d6zer \u015eenay<\/li>\n<\/ol>\n<p>&nbsp;<\/p>\n<p>LP<strong>\u00a0&#8211; B\u00a0Y\u00fcz\u00fc:<\/strong><\/p>\n<ol>\n<li><b>Sanma<br \/>\nS\u00f6z: Yavuz La\u00e7in \u00a0 \u00a0 M\u00fczik: Erkin Koray<\/b><\/li>\n<li><b>Suskunlu\u011fun \u00d6tesi<br \/>\nM\u00fczik: Erkin Koray &#8211; \u00dcnal O<\/b><\/li>\n<li><b><\/b><strong>Blond Men<br \/>\nS\u00f6z: Erkin Koray \u00a0 \u00a0 M\u00fczik: Erkin Koray<\/strong><\/li>\n<li><strong>Geliyor<br \/>\nS\u00f6z: Erkin Koray \u00a0 \u00a0 M\u00fczik: Erkin Koray<\/strong><\/li>\n<li><strong>Yaln\u0131z Sen Vars\u0131n<br \/>\nS\u00f6z: Yavuz La\u00e7in \u00a0 \u00a0 M\u00fczik: Erkin Koray<\/strong><\/li>\n<\/ol>\n","protected":false},"excerpt":{"rendered":"<p>Erkin Koray &#8211; Tutkusu (Plak) &nbsp; LP &#8211; A Y\u00fcz\u00fc:\u00a0 Allah A\u015fk\u0131na S\u00f6z: Yavuz La\u00e7in \u00a0 \u00a0 M\u00fczik: Erkin Koray Ma\u011farada D\u00fc\u011f\u00fcn Var M\u00fczik: Erkin Koray Sandalc\u0131 S\u00f6z: Yavuz La\u00e7in<\/p>\n","protected":false},"featured_media":981,"comment_status":"open","ping_status":"closed","template":"","meta":[],"product_cat":[173],"product_tag":[222,191,225,190],"class_list":{"0":"post-980","1":"product","2":"type-product","3":"status-publish","4":"has-post-thumbnail","6":"product_cat-vinyl","7":"product_tag-erkin-koray","8":"product_tag-lp","9":"product_tag-tutkusu","10":"product_tag-vinyl","12":"first","13":"instock","14":"shipping-taxable","15":"purchasable","16":"product-type-simple"},"_links":{"self":[{"href":"https:\/\/www.vintape.org\/index.php?rest_route=\/wp\/v2\/product\/980","targetHints":{"allow":["GET"]}}],"collection":[{"href":"https:\/\/www.vintape.org\/index.php?rest_route=\/wp\/v2\/product"}],"about":[{"href":"https:\/\/www.vintape.org\/index.php?rest_route=\/wp\/v2\/types\/product"}],"replies":[{"embeddable":true,"href":"https:\/\/www.vintape.org\/index.php?rest_route=%2Fwp%2Fv2%2Fcomments&post=980"}],"version-history":[{"count":0,"href":"https:\/\/www.vintape.org\/index.php?rest_route=\/wp\/v2\/product\/980\/revisions"}],"wp:featuredmedia":[{"embeddable":true,"href":"https:\/\/www.vintape.org\/index.php?rest_route=\/wp\/v2\/media\/981"}],"wp:attachment":[{"href":"https:\/\/www.vintape.org\/index.php?rest_route=%2Fwp%2Fv2%2Fmedia&parent=980"}],"wp:term":[{"taxonomy":"product_cat","embeddable":true,"href":"https:\/\/www.vintape.org\/index.php?rest_route=%2Fwp%2Fv2%2Fproduct_cat&post=980"},{"taxonomy":"product_tag","embeddable":true,"href":"https:\/\/www.vintape.org\/index.php?rest_route=%2Fwp%2Fv2%2Fproduct_tag&post=980"}],"curies":[{"name":"wp","href":"https:\/\/api.w.org\/{rel}","templated":true}]}}