{"id":976,"date":"2022-12-18T12:51:43","date_gmt":"2022-12-18T11:51:43","guid":{"rendered":"https:\/\/www.vintape.org\/?post_type=product&#038;p=976"},"modified":"2026-04-13T15:12:48","modified_gmt":"2026-04-13T14:12:48","slug":"erkin-koray-ceylan-copculer-lp","status":"publish","type":"product","link":"https:\/\/www.vintape.org\/?product=erkin-koray-ceylan-copculer-lp","title":{"rendered":"Erkin Koray &#8211; Ceylan \/ \u00c7\u00f6p\u00e7\u00fcler (LP)"},"content":{"rendered":"<p style=\"font-weight: 400\">Erkin Koray &#8211; Ceylan \/ \u00c7\u00f6p\u00e7\u00fcler (Plak)<\/p>\n<p style=\"font-weight: 400\">A<\/p>\n<p style=\"font-weight: 400\">1-\u00a0\u00a0\u00a0\u00a0\u00a0\u00a0Ceylan<\/p>\n<p style=\"font-weight: 400\">2-\u00a0\u00a0\u00a0\u00a0\u00a0\u00a0Muallim<\/p>\n<p style=\"font-weight: 400\">3-\u00a0\u00a0\u00a0\u00a0\u00a0\u00a0\u00c7\u00f6p\u00e7\u00fcler<\/p>\n<p style=\"font-weight: 400\">4-\u00a0\u00a0\u00a0\u00a0\u00a0\u00a0S\u00f6ylenir Bana<\/p>\n<p style=\"font-weight: 400\">5-\u00a0\u00a0\u00a0\u00a0\u00a0\u00a0Bir G\u00fcn Ge\u00e7ti Aradan<\/p>\n<p style=\"font-weight: 400\">\n<p style=\"font-weight: 400\">B<\/p>\n<p style=\"font-weight: 400\">1-\u00a0\u00a0\u00a0\u00a0\u00a0\u00a0Uzat Ser\u00e7e Parma\u011f\u0131n\u0131<\/p>\n<p style=\"font-weight: 400\">2-\u00a0\u00a0\u00a0\u00a0\u00a0\u00a0Ya\u015fayan Sen \u00d6len Ben<\/p>\n<p style=\"font-weight: 400\">3-\u00a0\u00a0\u00a0\u00a0\u00a0\u00a0G\u00f6zlerim Her Yerde<\/p>\n<p style=\"font-weight: 400\">4-\u00a0\u00a0\u00a0\u00a0\u00a0\u00a0Anlamad\u0131m<\/p>\n<p style=\"font-weight: 400\">5-\u00a0\u00a0\u00a0\u00a0\u00a0\u00a0Olay Olur<\/p>\n","protected":false},"excerpt":{"rendered":"<p>Erkin Koray &#8211; Ceylan \/ \u00c7\u00f6p\u00e7\u00fcler (Plak) A 1-\u00a0\u00a0\u00a0\u00a0\u00a0\u00a0Ceylan 2-\u00a0\u00a0\u00a0\u00a0\u00a0\u00a0Muallim 3-\u00a0\u00a0\u00a0\u00a0\u00a0\u00a0\u00c7\u00f6p\u00e7\u00fcler 4-\u00a0\u00a0\u00a0\u00a0\u00a0\u00a0S\u00f6ylenir Bana 5-\u00a0\u00a0\u00a0\u00a0\u00a0\u00a0Bir G\u00fcn Ge\u00e7ti Aradan B 1-\u00a0\u00a0\u00a0\u00a0\u00a0\u00a0Uzat Ser\u00e7e Parma\u011f\u0131n\u0131 2-\u00a0\u00a0\u00a0\u00a0\u00a0\u00a0Ya\u015fayan Sen \u00d6len Ben 3-\u00a0\u00a0\u00a0\u00a0\u00a0\u00a0G\u00f6zlerim Her Yerde 4-\u00a0\u00a0\u00a0\u00a0\u00a0\u00a0Anlamad\u0131m 5-\u00a0\u00a0\u00a0\u00a0\u00a0\u00a0Olay<\/p>\n","protected":false},"featured_media":977,"comment_status":"open","ping_status":"closed","template":"","meta":[],"product_cat":[173],"product_tag":[224,222,191,190],"class_list":{"0":"post-976","1":"product","2":"type-product","3":"status-publish","4":"has-post-thumbnail","6":"product_cat-vinyl","7":"product_tag-ceylan-copculer","8":"product_tag-erkin-koray","9":"product_tag-lp","10":"product_tag-vinyl","12":"first","13":"instock","14":"shipping-taxable","15":"purchasable","16":"product-type-simple"},"_links":{"self":[{"href":"https:\/\/www.vintape.org\/index.php?rest_route=\/wp\/v2\/product\/976","targetHints":{"allow":["GET"]}}],"collection":[{"href":"https:\/\/www.vintape.org\/index.php?rest_route=\/wp\/v2\/product"}],"about":[{"href":"https:\/\/www.vintape.org\/index.php?rest_route=\/wp\/v2\/types\/product"}],"replies":[{"embeddable":true,"href":"https:\/\/www.vintape.org\/index.php?rest_route=%2Fwp%2Fv2%2Fcomments&post=976"}],"version-history":[{"count":0,"href":"https:\/\/www.vintape.org\/index.php?rest_route=\/wp\/v2\/product\/976\/revisions"}],"wp:featuredmedia":[{"embeddable":true,"href":"https:\/\/www.vintape.org\/index.php?rest_route=\/wp\/v2\/media\/977"}],"wp:attachment":[{"href":"https:\/\/www.vintape.org\/index.php?rest_route=%2Fwp%2Fv2%2Fmedia&parent=976"}],"wp:term":[{"taxonomy":"product_cat","embeddable":true,"href":"https:\/\/www.vintape.org\/index.php?rest_route=%2Fwp%2Fv2%2Fproduct_cat&post=976"},{"taxonomy":"product_tag","embeddable":true,"href":"https:\/\/www.vintape.org\/index.php?rest_route=%2Fwp%2Fv2%2Fproduct_tag&post=976"}],"curies":[{"name":"wp","href":"https:\/\/api.w.org\/{rel}","templated":true}]}}