{"id":964,"date":"2022-12-18T11:40:07","date_gmt":"2022-12-18T10:40:07","guid":{"rendered":"https:\/\/www.vintape.org\/?post_type=product&#038;p=964"},"modified":"2026-04-11T17:50:25","modified_gmt":"2026-04-11T16:50:25","slug":"bergen-istemiyorum-lp","status":"publish","type":"product","link":"https:\/\/www.vintape.org\/?product=bergen-istemiyorum-lp","title":{"rendered":"Bergen &#8211; \u0130stemiyorum (LP)"},"content":{"rendered":"<p><strong>1.<\/strong>\u00a0Kul Feryad\u0131<\/p>\n<p><strong>2.<\/strong>\u00a0Ayr\u0131l\u0131k A\u015fk\u0131m\u0131n \u00c7ilesi<\/p>\n<p><strong>3.<\/strong>\u00a0Sensin Sen<\/p>\n<p><strong>4.<\/strong>\u00a0\u0130stemiyorum<\/p>\n<p><strong>5.<\/strong>\u00a0Zehirledin Beni<\/p>\n<p><strong>6.<\/strong>\u00a0Bitirdin Beni<\/p>\n<p><strong>7.<\/strong>\u00a0Nas\u0131l A\u015f\u0131k Olmam\u00a0Sana<\/p>\n<p><strong>8.<\/strong>\u00a0Sen Yanars\u0131n Ben Yanar\u0131m<\/p>\n<p><strong>9.<\/strong>\u00a0Emret G\u00fczelim<\/p>\n<p><strong>10.<\/strong>\u00a0Senin Olsun<\/p>\n","protected":false},"excerpt":{"rendered":"<p>1.\u00a0Kul Feryad\u0131 2.\u00a0Ayr\u0131l\u0131k A\u015fk\u0131m\u0131n \u00c7ilesi 3.\u00a0Sensin Sen 4.\u00a0\u0130stemiyorum 5.\u00a0Zehirledin Beni 6.\u00a0Bitirdin Beni 7.\u00a0Nas\u0131l A\u015f\u0131k Olmam\u00a0Sana 8.\u00a0Sen Yanars\u0131n Ben Yanar\u0131m 9.\u00a0Emret G\u00fczelim 10.\u00a0Senin Olsun<\/p>\n","protected":false},"featured_media":965,"comment_status":"open","ping_status":"closed","template":"","meta":[],"product_cat":[173],"product_tag":[215,219,191,190],"class_list":{"0":"post-964","1":"product","2":"type-product","3":"status-publish","4":"has-post-thumbnail","6":"product_cat-vinyl","7":"product_tag-bergen","8":"product_tag-istemiyorum","9":"product_tag-lp","10":"product_tag-vinyl","12":"first","13":"instock","14":"shipping-taxable","15":"purchasable","16":"product-type-simple"},"_links":{"self":[{"href":"https:\/\/www.vintape.org\/index.php?rest_route=\/wp\/v2\/product\/964","targetHints":{"allow":["GET"]}}],"collection":[{"href":"https:\/\/www.vintape.org\/index.php?rest_route=\/wp\/v2\/product"}],"about":[{"href":"https:\/\/www.vintape.org\/index.php?rest_route=\/wp\/v2\/types\/product"}],"replies":[{"embeddable":true,"href":"https:\/\/www.vintape.org\/index.php?rest_route=%2Fwp%2Fv2%2Fcomments&post=964"}],"version-history":[{"count":0,"href":"https:\/\/www.vintape.org\/index.php?rest_route=\/wp\/v2\/product\/964\/revisions"}],"wp:featuredmedia":[{"embeddable":true,"href":"https:\/\/www.vintape.org\/index.php?rest_route=\/wp\/v2\/media\/965"}],"wp:attachment":[{"href":"https:\/\/www.vintape.org\/index.php?rest_route=%2Fwp%2Fv2%2Fmedia&parent=964"}],"wp:term":[{"taxonomy":"product_cat","embeddable":true,"href":"https:\/\/www.vintape.org\/index.php?rest_route=%2Fwp%2Fv2%2Fproduct_cat&post=964"},{"taxonomy":"product_tag","embeddable":true,"href":"https:\/\/www.vintape.org\/index.php?rest_route=%2Fwp%2Fv2%2Fproduct_tag&post=964"}],"curies":[{"name":"wp","href":"https:\/\/api.w.org\/{rel}","templated":true}]}}