{"id":955,"date":"2022-12-18T11:22:46","date_gmt":"2022-12-18T10:22:46","guid":{"rendered":"https:\/\/www.vintape.org\/?post_type=product&#038;p=955"},"modified":"2025-12-11T00:55:44","modified_gmt":"2025-12-10T23:55:44","slug":"bergen-yillar-affetmez-lp","status":"publish","type":"product","link":"https:\/\/www.vintape.org\/?product=bergen-yillar-affetmez-lp","title":{"rendered":"Bergen &#8211; Y\u0131llar Affetmez (LP)"},"content":{"rendered":"<p><span style=\"font-family: Tahoma\">Bergen &#8211; Y\u0131llar Affetmez (Plak)<\/span><\/p>\n<p>A:<\/p>\n<p>Geleceksen Bug\u00fcn Gel<br \/>\nBen Oldum \u00c7ileyi Alan<br \/>\nY\u0131llar Affetmez<br \/>\nBir Erkek Y\u00fcz\u00fcnden<br \/>\nSab\u0131r Ver<br \/>\nB:<\/p>\n<p><span style=\"font-family: Tahoma\">Ay Do\u011fmuyor<br \/>\n\u00d6l\u00fcrd\u00fcm U\u011frunda<br \/>\nDuydunuz Mu<br \/>\nSeni Kalbimden Kovdum<br \/>\nSeni Sevince<\/span><\/p>\n","protected":false},"excerpt":{"rendered":"<p>Bergen &#8211; Y\u0131llar Affetmez (Plak) A: Geleceksen Bug\u00fcn Gel Ben Oldum \u00c7ileyi Alan Y\u0131llar Affetmez Bir Erkek Y\u00fcz\u00fcnden Sab\u0131r Ver B: Ay Do\u011fmuyor \u00d6l\u00fcrd\u00fcm U\u011frunda Duydunuz Mu Seni Kalbimden Kovdum<\/p>\n","protected":false},"featured_media":956,"comment_status":"open","ping_status":"closed","template":"","meta":[],"product_cat":[173],"product_tag":[215,191,190,217],"class_list":{"0":"post-955","1":"product","2":"type-product","3":"status-publish","4":"has-post-thumbnail","6":"product_cat-vinyl","7":"product_tag-bergen","8":"product_tag-lp","9":"product_tag-vinyl","10":"product_tag-yillar-affetmez","12":"first","13":"instock","14":"shipping-taxable","15":"purchasable","16":"product-type-simple"},"_links":{"self":[{"href":"https:\/\/www.vintape.org\/index.php?rest_route=\/wp\/v2\/product\/955","targetHints":{"allow":["GET"]}}],"collection":[{"href":"https:\/\/www.vintape.org\/index.php?rest_route=\/wp\/v2\/product"}],"about":[{"href":"https:\/\/www.vintape.org\/index.php?rest_route=\/wp\/v2\/types\/product"}],"replies":[{"embeddable":true,"href":"https:\/\/www.vintape.org\/index.php?rest_route=%2Fwp%2Fv2%2Fcomments&post=955"}],"version-history":[{"count":0,"href":"https:\/\/www.vintape.org\/index.php?rest_route=\/wp\/v2\/product\/955\/revisions"}],"wp:featuredmedia":[{"embeddable":true,"href":"https:\/\/www.vintape.org\/index.php?rest_route=\/wp\/v2\/media\/956"}],"wp:attachment":[{"href":"https:\/\/www.vintape.org\/index.php?rest_route=%2Fwp%2Fv2%2Fmedia&parent=955"}],"wp:term":[{"taxonomy":"product_cat","embeddable":true,"href":"https:\/\/www.vintape.org\/index.php?rest_route=%2Fwp%2Fv2%2Fproduct_cat&post=955"},{"taxonomy":"product_tag","embeddable":true,"href":"https:\/\/www.vintape.org\/index.php?rest_route=%2Fwp%2Fv2%2Fproduct_tag&post=955"}],"curies":[{"name":"wp","href":"https:\/\/api.w.org\/{rel}","templated":true}]}}