{"id":951,"date":"2022-12-18T11:12:19","date_gmt":"2022-12-18T10:12:19","guid":{"rendered":"https:\/\/www.vintape.org\/?post_type=product&#038;p=951"},"modified":"2024-08-08T22:12:52","modified_gmt":"2024-08-08T21:12:52","slug":"bergen-acilarin-kadini-lp","status":"publish","type":"product","link":"https:\/\/www.vintape.org\/?product=bergen-acilarin-kadini-lp","title":{"rendered":"Bergen &#8211; Ac\u0131lar\u0131n Kad\u0131n\u0131 (LP)"},"content":{"rendered":"<p><strong><u>A:<\/u><\/strong><\/p>\n<ol>\n<li><strong>Eller Ald\u0131<\/strong><br \/>\nS\u00f6z &amp; M\u00fczik: Malatyal\u0131 \u0130brahim<\/li>\n<li><strong>Sevgilim Ol<\/strong><br \/>\nS\u00f6z &amp; M\u00fczik:Burhan Bayar<\/li>\n<li><strong>Ac\u0131lar\u0131n Kad\u0131n\u0131<\/strong><br \/>\nS\u00f6z: Levent Bekta\u015f\u00a0\u00a0\u00a0\u00a0 M\u00fczik:U\u011fur Bayar<\/li>\n<li><strong>Benim \u0130\u00e7in \u00dcz\u00fclme<\/strong><br \/>\nS\u00f6z &amp; M\u00fczik:Ali Tekint\u00fcre<\/li>\n<li><strong>Kul Duas\u0131<\/strong><br \/>\nS\u00f6z: Ali Tekint\u00fcre\u00a0\u00a0\u00a0\u00a0 M\u00fczik:Cengiz Tekin<\/li>\n<li><strong>G\u00fcl\u00fcmse Biraz<\/strong><br \/>\nS\u00f6z:N.O\u011fuz Ero\u011flu\/Tahir Peker\u00a0\u00a0\u00a0\u00a0 M\u00fczik:Burhan Bayar<\/li>\n<\/ol>\n<p><strong><u>B:<\/u><\/strong><\/p>\n<ol>\n<li><strong>Dertli Dertli<\/strong><br \/>\nS\u00f6z:G\u00f6n\u00fcl \u015een\u00a0\u00a0\u00a0\u00a0 M\u00fczik:Burhan Bayar<\/li>\n<li><strong>Karars\u0131z Sevgili<\/strong><br \/>\nS\u00f6z:\u00d6zcan Ertok\u00a0\u00a0\u00a0\u00a0 M\u00fczik:\u00d6zcan Ertok<\/li>\n<li><strong>Olmaz Olsun<\/strong><br \/>\nS\u00f6z:Levet Bekta\u015f\u00a0\u00a0\u00a0\u00a0 M\u00fczik:U\u011fur Bayar<\/li>\n<li><strong>Sen Affetsen Ben Affetmem<\/strong><br \/>\nS\u00f6z: Ali Tekint\u00fcre\u00a0 \u00a0 \u00a0M\u00fczik: Burhan Bayar<\/li>\n<li><strong>Bi \u00c7are<\/strong><br \/>\nS\u00f6z &amp; M\u00fczik:Ali Tekint\u00fcre<\/li>\n<li><strong>Neden D\u00f6nmesin<\/strong><br \/>\nS\u00f6z:Ali Tekint\u00fcre\u00a0\u00a0\u00a0\u00a0 M\u00fczik:\u00d6zcan Ertok<\/li>\n<\/ol>\n","protected":false},"excerpt":{"rendered":"<p>A: Eller Ald\u0131 S\u00f6z &amp; M\u00fczik: Malatyal\u0131 \u0130brahim Sevgilim Ol S\u00f6z &amp; M\u00fczik:Burhan Bayar Ac\u0131lar\u0131n Kad\u0131n\u0131 S\u00f6z: Levent Bekta\u015f\u00a0\u00a0\u00a0\u00a0 M\u00fczik:U\u011fur Bayar Benim \u0130\u00e7in \u00dcz\u00fclme S\u00f6z &amp; M\u00fczik:Ali Tekint\u00fcre Kul Duas\u0131<\/p>\n","protected":false},"featured_media":952,"comment_status":"open","ping_status":"closed","template":"","meta":[],"product_cat":[173],"product_tag":[216,215,191,190],"class_list":{"0":"post-951","1":"product","2":"type-product","3":"status-publish","4":"has-post-thumbnail","6":"product_cat-vinyl","7":"product_tag-acilarin-kadini","8":"product_tag-bergen","9":"product_tag-lp","10":"product_tag-vinyl","12":"first","13":"outofstock","14":"shipping-taxable","15":"purchasable","16":"product-type-simple"},"_links":{"self":[{"href":"https:\/\/www.vintape.org\/index.php?rest_route=\/wp\/v2\/product\/951","targetHints":{"allow":["GET"]}}],"collection":[{"href":"https:\/\/www.vintape.org\/index.php?rest_route=\/wp\/v2\/product"}],"about":[{"href":"https:\/\/www.vintape.org\/index.php?rest_route=\/wp\/v2\/types\/product"}],"replies":[{"embeddable":true,"href":"https:\/\/www.vintape.org\/index.php?rest_route=%2Fwp%2Fv2%2Fcomments&post=951"}],"version-history":[{"count":0,"href":"https:\/\/www.vintape.org\/index.php?rest_route=\/wp\/v2\/product\/951\/revisions"}],"wp:featuredmedia":[{"embeddable":true,"href":"https:\/\/www.vintape.org\/index.php?rest_route=\/wp\/v2\/media\/952"}],"wp:attachment":[{"href":"https:\/\/www.vintape.org\/index.php?rest_route=%2Fwp%2Fv2%2Fmedia&parent=951"}],"wp:term":[{"taxonomy":"product_cat","embeddable":true,"href":"https:\/\/www.vintape.org\/index.php?rest_route=%2Fwp%2Fv2%2Fproduct_cat&post=951"},{"taxonomy":"product_tag","embeddable":true,"href":"https:\/\/www.vintape.org\/index.php?rest_route=%2Fwp%2Fv2%2Fproduct_tag&post=951"}],"curies":[{"name":"wp","href":"https:\/\/api.w.org\/{rel}","templated":true}]}}