{"id":937,"date":"2022-12-18T09:40:35","date_gmt":"2022-12-18T08:40:35","guid":{"rendered":"https:\/\/www.vintape.org\/?post_type=product&#038;p=937"},"modified":"2026-05-02T08:15:33","modified_gmt":"2026-05-02T07:15:33","slug":"orhan-gencebay-dertler-benim-olsun-lp","status":"publish","type":"product","link":"https:\/\/www.vintape.org\/?product=orhan-gencebay-dertler-benim-olsun-lp","title":{"rendered":"Orhan Gencebay &#8211; Dertler Benim Olsun (LP)"},"content":{"rendered":"<p><b>A Y\u00fcz\u00fc:<\/b><\/p>\n<div>\n<ol>\n<li>Dertler Benim Olsun<\/li>\n<li>Sen Hayats\u0131n Ben \u00d6m\u00fcr<\/li>\n<li>Sen de Bizdensin<\/li>\n<li>Sev Dedi G\u00f6zlerim<\/li>\n<li>Benim D\u00fcnyam<\/li>\n<\/ol>\n<\/div>\n<div><b>B Y\u00fcz\u00fc:<\/b><\/div>\n<div>\n<ol>\n<li>Ben Do\u011farken \u00d6lm\u00fc\u015f\u00fcm<\/li>\n<li>Hayat Kavgas\u0131<\/li>\n<li>Sevmiyorum Deme<\/li>\n<li>A\u015fk P\u0131nar\u0131<\/li>\n<li>G\u00f6n\u00fcl<\/li>\n<\/ol>\n<\/div>\n","protected":false},"excerpt":{"rendered":"<p>A Y\u00fcz\u00fc: Dertler Benim Olsun Sen Hayats\u0131n Ben \u00d6m\u00fcr Sen de Bizdensin Sev Dedi G\u00f6zlerim Benim D\u00fcnyam B Y\u00fcz\u00fc: Ben Do\u011farken \u00d6lm\u00fc\u015f\u00fcm Hayat Kavgas\u0131 Sevmiyorum Deme A\u015fk P\u0131nar\u0131 G\u00f6n\u00fcl<\/p>\n","protected":false},"featured_media":938,"comment_status":"open","ping_status":"closed","template":"","meta":[],"product_cat":[173],"product_tag":[212,191,207,190],"class_list":{"0":"post-937","1":"product","2":"type-product","3":"status-publish","4":"has-post-thumbnail","6":"product_cat-vinyl","7":"product_tag-dertler-benim-olsun","8":"product_tag-lp","9":"product_tag-orhan-gencebay","10":"product_tag-vinyl","12":"first","13":"instock","14":"shipping-taxable","15":"purchasable","16":"product-type-simple"},"_links":{"self":[{"href":"https:\/\/www.vintape.org\/index.php?rest_route=\/wp\/v2\/product\/937","targetHints":{"allow":["GET"]}}],"collection":[{"href":"https:\/\/www.vintape.org\/index.php?rest_route=\/wp\/v2\/product"}],"about":[{"href":"https:\/\/www.vintape.org\/index.php?rest_route=\/wp\/v2\/types\/product"}],"replies":[{"embeddable":true,"href":"https:\/\/www.vintape.org\/index.php?rest_route=%2Fwp%2Fv2%2Fcomments&post=937"}],"version-history":[{"count":0,"href":"https:\/\/www.vintape.org\/index.php?rest_route=\/wp\/v2\/product\/937\/revisions"}],"wp:featuredmedia":[{"embeddable":true,"href":"https:\/\/www.vintape.org\/index.php?rest_route=\/wp\/v2\/media\/938"}],"wp:attachment":[{"href":"https:\/\/www.vintape.org\/index.php?rest_route=%2Fwp%2Fv2%2Fmedia&parent=937"}],"wp:term":[{"taxonomy":"product_cat","embeddable":true,"href":"https:\/\/www.vintape.org\/index.php?rest_route=%2Fwp%2Fv2%2Fproduct_cat&post=937"},{"taxonomy":"product_tag","embeddable":true,"href":"https:\/\/www.vintape.org\/index.php?rest_route=%2Fwp%2Fv2%2Fproduct_tag&post=937"}],"curies":[{"name":"wp","href":"https:\/\/api.w.org\/{rel}","templated":true}]}}