{"id":929,"date":"2022-12-18T08:48:32","date_gmt":"2022-12-18T07:48:32","guid":{"rendered":"https:\/\/www.vintape.org\/?post_type=product&#038;p=929"},"modified":"2026-03-19T03:03:43","modified_gmt":"2026-03-19T02:03:43","slug":"orhan-gencebay-leyla-ile-mecnun-lp","status":"publish","type":"product","link":"https:\/\/www.vintape.org\/?product=orhan-gencebay-leyla-ile-mecnun-lp","title":{"rendered":"Orhan Gencebay &#8211; Leyla \u0130le Mecnun (LP)"},"content":{"rendered":"<p>Orhan Gencebay &#8211; Leyla \u0130le Mecnun (Plak)<\/p>\n<p><u><strong>A Y\u00fcz\u00fc:<\/strong><\/u><\/p>\n<ol>\n<li>Leyla \u0130le Mecnun<\/li>\n<li>Al Senin Olsun<\/li>\n<li>Kolay De\u011fil<\/li>\n<li>Allah Bizimledir<\/li>\n<\/ol>\n<p><u><strong>B Y\u00fcz\u00fc:<\/strong><\/u><\/p>\n<ol>\n<li>Ziyankar<\/li>\n<li>\u00d6yle Bir A\u015fk<\/li>\n<li>Haberin Var m\u0131<\/li>\n<li>Bir Yudum Mutluluk<\/li>\n<li>Beklemek \u0130badet Kalmak Zul\u00fcmd\u00fcr<\/li>\n<\/ol>\n","protected":false},"excerpt":{"rendered":"<p>Orhan Gencebay &#8211; Leyla \u0130le Mecnun (Plak) A Y\u00fcz\u00fc: Leyla \u0130le Mecnun Al Senin Olsun Kolay De\u011fil Allah Bizimledir B Y\u00fcz\u00fc: Ziyankar \u00d6yle Bir A\u015fk Haberin Var m\u0131 Bir Yudum<\/p>\n","protected":false},"featured_media":930,"comment_status":"open","ping_status":"closed","template":"","meta":[],"product_cat":[173],"product_tag":[210,191,207,190],"class_list":{"0":"post-929","1":"product","2":"type-product","3":"status-publish","4":"has-post-thumbnail","6":"product_cat-vinyl","7":"product_tag-leyla-ile-mecnun","8":"product_tag-lp","9":"product_tag-orhan-gencebay","10":"product_tag-vinyl","12":"first","13":"instock","14":"shipping-taxable","15":"purchasable","16":"product-type-simple"},"_links":{"self":[{"href":"https:\/\/www.vintape.org\/index.php?rest_route=\/wp\/v2\/product\/929","targetHints":{"allow":["GET"]}}],"collection":[{"href":"https:\/\/www.vintape.org\/index.php?rest_route=\/wp\/v2\/product"}],"about":[{"href":"https:\/\/www.vintape.org\/index.php?rest_route=\/wp\/v2\/types\/product"}],"replies":[{"embeddable":true,"href":"https:\/\/www.vintape.org\/index.php?rest_route=%2Fwp%2Fv2%2Fcomments&post=929"}],"version-history":[{"count":0,"href":"https:\/\/www.vintape.org\/index.php?rest_route=\/wp\/v2\/product\/929\/revisions"}],"wp:featuredmedia":[{"embeddable":true,"href":"https:\/\/www.vintape.org\/index.php?rest_route=\/wp\/v2\/media\/930"}],"wp:attachment":[{"href":"https:\/\/www.vintape.org\/index.php?rest_route=%2Fwp%2Fv2%2Fmedia&parent=929"}],"wp:term":[{"taxonomy":"product_cat","embeddable":true,"href":"https:\/\/www.vintape.org\/index.php?rest_route=%2Fwp%2Fv2%2Fproduct_cat&post=929"},{"taxonomy":"product_tag","embeddable":true,"href":"https:\/\/www.vintape.org\/index.php?rest_route=%2Fwp%2Fv2%2Fproduct_tag&post=929"}],"curies":[{"name":"wp","href":"https:\/\/api.w.org\/{rel}","templated":true}]}}