{"id":924,"date":"2022-12-18T08:46:04","date_gmt":"2022-12-18T07:46:04","guid":{"rendered":"https:\/\/www.vintape.org\/?post_type=product&#038;p=924"},"modified":"2026-04-11T17:55:09","modified_gmt":"2026-04-11T16:55:09","slug":"orhan-gencebay-aski-ben-yaratmadim-lp","status":"publish","type":"product","link":"https:\/\/www.vintape.org\/?product=orhan-gencebay-aski-ben-yaratmadim-lp","title":{"rendered":"Orhan Gencebay &#8211; A\u015fk\u0131 Ben Yaratmad\u0131m (LP)"},"content":{"rendered":"<p><strong>A Y\u00fcz\u00fc:<\/strong><\/p>\n<ol>\n<li>Zaman Ak\u0131p Gider<\/li>\n<li>Nereden Bileceksin &#8211; S\u00f6z:Vural \u015eahin<\/li>\n<li>\u0130\u015fte Sevgi \u0130\u015fte A\u015fk<\/li>\n<li>Yokluk<\/li>\n<\/ol>\n<p>B Y\u00fcz\u00fc:<\/p>\n<ol>\n<li>Bulamad\u0131k ki<\/li>\n<li>Karatoprak<\/li>\n<li>En B\u00fcy\u00fck Dert<\/li>\n<li>Vazge\u00e7 G\u00f6n\u00fcl<\/li>\n<li>Ne Ge\u00e7ti ki Eline<\/li>\n<\/ol>\n","protected":false},"excerpt":{"rendered":"<p>A Y\u00fcz\u00fc: Zaman Ak\u0131p Gider Nereden Bileceksin &#8211; S\u00f6z:Vural \u015eahin \u0130\u015fte Sevgi \u0130\u015fte A\u015fk Yokluk B Y\u00fcz\u00fc: Bulamad\u0131k ki Karatoprak En B\u00fcy\u00fck Dert Vazge\u00e7 G\u00f6n\u00fcl Ne Ge\u00e7ti ki Eline<\/p>\n","protected":false},"featured_media":925,"comment_status":"open","ping_status":"closed","template":"","meta":[],"product_cat":[173],"product_tag":[209,191,207,190],"class_list":{"0":"post-924","1":"product","2":"type-product","3":"status-publish","4":"has-post-thumbnail","6":"product_cat-vinyl","7":"product_tag-aski-ben-yaratmadim","8":"product_tag-lp","9":"product_tag-orhan-gencebay","10":"product_tag-vinyl","12":"first","13":"instock","14":"shipping-taxable","15":"purchasable","16":"product-type-simple"},"_links":{"self":[{"href":"https:\/\/www.vintape.org\/index.php?rest_route=\/wp\/v2\/product\/924","targetHints":{"allow":["GET"]}}],"collection":[{"href":"https:\/\/www.vintape.org\/index.php?rest_route=\/wp\/v2\/product"}],"about":[{"href":"https:\/\/www.vintape.org\/index.php?rest_route=\/wp\/v2\/types\/product"}],"replies":[{"embeddable":true,"href":"https:\/\/www.vintape.org\/index.php?rest_route=%2Fwp%2Fv2%2Fcomments&post=924"}],"version-history":[{"count":0,"href":"https:\/\/www.vintape.org\/index.php?rest_route=\/wp\/v2\/product\/924\/revisions"}],"wp:featuredmedia":[{"embeddable":true,"href":"https:\/\/www.vintape.org\/index.php?rest_route=\/wp\/v2\/media\/925"}],"wp:attachment":[{"href":"https:\/\/www.vintape.org\/index.php?rest_route=%2Fwp%2Fv2%2Fmedia&parent=924"}],"wp:term":[{"taxonomy":"product_cat","embeddable":true,"href":"https:\/\/www.vintape.org\/index.php?rest_route=%2Fwp%2Fv2%2Fproduct_cat&post=924"},{"taxonomy":"product_tag","embeddable":true,"href":"https:\/\/www.vintape.org\/index.php?rest_route=%2Fwp%2Fv2%2Fproduct_tag&post=924"}],"curies":[{"name":"wp","href":"https:\/\/api.w.org\/{rel}","templated":true}]}}