{"id":920,"date":"2022-12-18T08:42:38","date_gmt":"2022-12-18T07:42:38","guid":{"rendered":"https:\/\/www.vintape.org\/?post_type=product&#038;p=920"},"modified":"2026-04-12T19:07:37","modified_gmt":"2026-04-12T18:07:37","slug":"orhan-gencebay-beni-biraz-anlasaydin-lp","status":"publish","type":"product","link":"https:\/\/www.vintape.org\/?product=orhan-gencebay-beni-biraz-anlasaydin-lp","title":{"rendered":"Orhan Gencebay &#8211; Beni Biraz Anlasayd\u0131n (LP)"},"content":{"rendered":"<p><strong>A Y\u00fcz\u00fc:<\/strong><\/p>\n<ol>\n<li>Fark\u0131nda M\u0131s\u0131n<\/li>\n<li>Beni Biraz Anlasayd\u0131n<\/li>\n<li>O Sen Miydin<\/li>\n<li>\u0130kimizden Bir Kalmad\u0131<\/li>\n<li>Elhamd\u00fclillah<\/li>\n<\/ol>\n<p>B Y\u00fcz\u00fc:<\/p>\n<ol>\n<li>Bilesin O Felek<\/li>\n<li>Hem \u00c7are Hem Dertsin<\/li>\n<li>El Hat\u0131r\u0131na<\/li>\n<li>B\u00fcy\u00fck A\u015fk\u0131m\u0131z<\/li>\n<\/ol>\n","protected":false},"excerpt":{"rendered":"<p>A Y\u00fcz\u00fc: Fark\u0131nda M\u0131s\u0131n Beni Biraz Anlasayd\u0131n O Sen Miydin \u0130kimizden Bir Kalmad\u0131 Elhamd\u00fclillah B Y\u00fcz\u00fc: Bilesin O Felek Hem \u00c7are Hem Dertsin El Hat\u0131r\u0131na B\u00fcy\u00fck A\u015fk\u0131m\u0131z<\/p>\n","protected":false},"featured_media":921,"comment_status":"open","ping_status":"closed","template":"","meta":[],"product_cat":[173],"product_tag":[208,191,207,190],"class_list":{"0":"post-920","1":"product","2":"type-product","3":"status-publish","4":"has-post-thumbnail","6":"product_cat-vinyl","7":"product_tag-beni-biraz-anlasaydin","8":"product_tag-lp","9":"product_tag-orhan-gencebay","10":"product_tag-vinyl","12":"first","13":"instock","14":"shipping-taxable","15":"purchasable","16":"product-type-simple"},"_links":{"self":[{"href":"https:\/\/www.vintape.org\/index.php?rest_route=\/wp\/v2\/product\/920","targetHints":{"allow":["GET"]}}],"collection":[{"href":"https:\/\/www.vintape.org\/index.php?rest_route=\/wp\/v2\/product"}],"about":[{"href":"https:\/\/www.vintape.org\/index.php?rest_route=\/wp\/v2\/types\/product"}],"replies":[{"embeddable":true,"href":"https:\/\/www.vintape.org\/index.php?rest_route=%2Fwp%2Fv2%2Fcomments&post=920"}],"version-history":[{"count":0,"href":"https:\/\/www.vintape.org\/index.php?rest_route=\/wp\/v2\/product\/920\/revisions"}],"wp:featuredmedia":[{"embeddable":true,"href":"https:\/\/www.vintape.org\/index.php?rest_route=\/wp\/v2\/media\/921"}],"wp:attachment":[{"href":"https:\/\/www.vintape.org\/index.php?rest_route=%2Fwp%2Fv2%2Fmedia&parent=920"}],"wp:term":[{"taxonomy":"product_cat","embeddable":true,"href":"https:\/\/www.vintape.org\/index.php?rest_route=%2Fwp%2Fv2%2Fproduct_cat&post=920"},{"taxonomy":"product_tag","embeddable":true,"href":"https:\/\/www.vintape.org\/index.php?rest_route=%2Fwp%2Fv2%2Fproduct_tag&post=920"}],"curies":[{"name":"wp","href":"https:\/\/api.w.org\/{rel}","templated":true}]}}