{"id":916,"date":"2022-12-18T08:39:41","date_gmt":"2022-12-18T07:39:41","guid":{"rendered":"https:\/\/www.vintape.org\/?post_type=product&#038;p=916"},"modified":"2026-02-12T22:32:47","modified_gmt":"2026-02-12T21:32:47","slug":"ferdi-tayfur-postacilar-lp","status":"publish","type":"product","link":"https:\/\/www.vintape.org\/?product=ferdi-tayfur-postacilar-lp","title":{"rendered":"Ferdi Tayfur &#8211; Postac\u0131lar (LP)"},"content":{"rendered":"<p><strong>1. Postac\u0131lar<br \/>\n2. Y\u00fcre\u011fimde Yare Var<br \/>\n3. Sana Kaderimsin Dedim<br \/>\n4. Sak\u0131n D\u00fc\u015fme<br \/>\n5. Mah\u015fer G\u00fcn\u00fc<br \/>\n6. Mahkumlar\u0131n Duas\u0131<br \/>\n7. K\u0131r \u00c7i\u00e7ekleri<br \/>\n8. Dur Dinle Sevgilim<br \/>\n9. Ne Bilirdimki<br \/>\n10. Bana Ger\u00e7ekleri S\u00f6yle<\/strong><\/p>\n","protected":false},"excerpt":{"rendered":"<p>1. Postac\u0131lar 2. Y\u00fcre\u011fimde Yare Var 3. Sana Kaderimsin Dedim 4. Sak\u0131n D\u00fc\u015fme 5. Mah\u015fer G\u00fcn\u00fc 6. Mahkumlar\u0131n Duas\u0131 7. K\u0131r \u00c7i\u00e7ekleri 8. Dur Dinle Sevgilim 9. Ne Bilirdimki 10.<\/p>\n","protected":false},"featured_media":917,"comment_status":"open","ping_status":"closed","template":"","meta":[],"product_cat":[173],"product_tag":[201,191,206,190],"class_list":{"0":"post-916","1":"product","2":"type-product","3":"status-publish","4":"has-post-thumbnail","6":"product_cat-vinyl","7":"product_tag-ferdi-tayfur","8":"product_tag-lp","9":"product_tag-postacilar","10":"product_tag-vinyl","12":"first","13":"instock","14":"shipping-taxable","15":"purchasable","16":"product-type-simple"},"_links":{"self":[{"href":"https:\/\/www.vintape.org\/index.php?rest_route=\/wp\/v2\/product\/916","targetHints":{"allow":["GET"]}}],"collection":[{"href":"https:\/\/www.vintape.org\/index.php?rest_route=\/wp\/v2\/product"}],"about":[{"href":"https:\/\/www.vintape.org\/index.php?rest_route=\/wp\/v2\/types\/product"}],"replies":[{"embeddable":true,"href":"https:\/\/www.vintape.org\/index.php?rest_route=%2Fwp%2Fv2%2Fcomments&post=916"}],"version-history":[{"count":0,"href":"https:\/\/www.vintape.org\/index.php?rest_route=\/wp\/v2\/product\/916\/revisions"}],"wp:featuredmedia":[{"embeddable":true,"href":"https:\/\/www.vintape.org\/index.php?rest_route=\/wp\/v2\/media\/917"}],"wp:attachment":[{"href":"https:\/\/www.vintape.org\/index.php?rest_route=%2Fwp%2Fv2%2Fmedia&parent=916"}],"wp:term":[{"taxonomy":"product_cat","embeddable":true,"href":"https:\/\/www.vintape.org\/index.php?rest_route=%2Fwp%2Fv2%2Fproduct_cat&post=916"},{"taxonomy":"product_tag","embeddable":true,"href":"https:\/\/www.vintape.org\/index.php?rest_route=%2Fwp%2Fv2%2Fproduct_tag&post=916"}],"curies":[{"name":"wp","href":"https:\/\/api.w.org\/{rel}","templated":true}]}}