{"id":913,"date":"2022-12-18T08:37:15","date_gmt":"2022-12-18T07:37:15","guid":{"rendered":"https:\/\/www.vintape.org\/?post_type=product&#038;p=913"},"modified":"2026-04-15T13:40:54","modified_gmt":"2026-04-15T12:40:54","slug":"ferdi-tayfur-yuvasiz-kuslar-lp","status":"publish","type":"product","link":"https:\/\/www.vintape.org\/?product=ferdi-tayfur-yuvasiz-kuslar-lp","title":{"rendered":"Ferdi Tayfur &#8211; Yuvas\u0131z Ku\u015flar (LP)"},"content":{"rendered":"<div><b>A Y\u00fcz\u00fc:<\/b><\/div>\n<ol>\n<li><b>Yuvas\u0131z Ku\u015flar<\/b><\/li>\n<li><b>Gelin Mi Oluyorsun<\/b><\/li>\n<li><b>Can\u0131ma Yetti Kader<\/b><\/li>\n<li><b>T\u00f6vbekar Oldum<\/b><\/li>\n<li><b>Leyla<\/b><\/li>\n<\/ol>\n<div><\/div>\n<div><b>B Y\u00fcz\u00fc<\/b><\/div>\n<ol>\n<li><b>Yeter<\/b><\/li>\n<li><b>Aram\u0131zda Engeller Var<\/b><\/li>\n<li><b>\u0130ntizar<\/b><\/li>\n<li><b>Seninle \u00d6yle<\/b><\/li>\n<li><b>\u00dcmit Dolu Y\u0131llar\u0131m.<\/b><\/li>\n<\/ol>\n","protected":false},"excerpt":{"rendered":"<p>A Y\u00fcz\u00fc: Yuvas\u0131z Ku\u015flar Gelin Mi Oluyorsun Can\u0131ma Yetti Kader T\u00f6vbekar Oldum Leyla B Y\u00fcz\u00fc Yeter Aram\u0131zda Engeller Var \u0130ntizar Seninle \u00d6yle \u00dcmit Dolu Y\u0131llar\u0131m.<\/p>\n","protected":false},"featured_media":914,"comment_status":"open","ping_status":"closed","template":"","meta":[],"product_cat":[173],"product_tag":[201,191,190,205],"class_list":{"0":"post-913","1":"product","2":"type-product","3":"status-publish","4":"has-post-thumbnail","6":"product_cat-vinyl","7":"product_tag-ferdi-tayfur","8":"product_tag-lp","9":"product_tag-vinyl","10":"product_tag-yuvasiz-kuslar","12":"first","13":"instock","14":"shipping-taxable","15":"purchasable","16":"product-type-simple"},"_links":{"self":[{"href":"https:\/\/www.vintape.org\/index.php?rest_route=\/wp\/v2\/product\/913","targetHints":{"allow":["GET"]}}],"collection":[{"href":"https:\/\/www.vintape.org\/index.php?rest_route=\/wp\/v2\/product"}],"about":[{"href":"https:\/\/www.vintape.org\/index.php?rest_route=\/wp\/v2\/types\/product"}],"replies":[{"embeddable":true,"href":"https:\/\/www.vintape.org\/index.php?rest_route=%2Fwp%2Fv2%2Fcomments&post=913"}],"version-history":[{"count":0,"href":"https:\/\/www.vintape.org\/index.php?rest_route=\/wp\/v2\/product\/913\/revisions"}],"wp:featuredmedia":[{"embeddable":true,"href":"https:\/\/www.vintape.org\/index.php?rest_route=\/wp\/v2\/media\/914"}],"wp:attachment":[{"href":"https:\/\/www.vintape.org\/index.php?rest_route=%2Fwp%2Fv2%2Fmedia&parent=913"}],"wp:term":[{"taxonomy":"product_cat","embeddable":true,"href":"https:\/\/www.vintape.org\/index.php?rest_route=%2Fwp%2Fv2%2Fproduct_cat&post=913"},{"taxonomy":"product_tag","embeddable":true,"href":"https:\/\/www.vintape.org\/index.php?rest_route=%2Fwp%2Fv2%2Fproduct_tag&post=913"}],"curies":[{"name":"wp","href":"https:\/\/api.w.org\/{rel}","templated":true}]}}