{"id":905,"date":"2022-12-18T08:27:08","date_gmt":"2022-12-18T07:27:08","guid":{"rendered":"https:\/\/www.vintape.org\/?post_type=product&#038;p=905"},"modified":"2026-02-12T22:32:31","modified_gmt":"2026-02-12T21:32:31","slug":"ferdi-tayfur-ferdi-77-lp","status":"publish","type":"product","link":"https:\/\/www.vintape.org\/?product=ferdi-tayfur-ferdi-77-lp","title":{"rendered":"Ferdi Tayfur &#8211; Ferdi 77 (LP)"},"content":{"rendered":"<div><b><u>A Y\u00fcz\u00fc:<\/u><\/b><\/div>\n<div>\n<ol>\n<li>Beddua<\/li>\n<li>Kaderimsin<\/li>\n<li>Hat\u0131ra Defteri<\/li>\n<li>Dertsiz Olsam \u0130\u00e7ermiyim<\/li>\n<li>\u0130nanmad\u0131n Sevgime<\/li>\n<li>Hayat Adam\u0131 Oldum<\/li>\n<\/ol>\n<\/div>\n<div><b><u>B Y\u00fcz\u00fc:\u00a0<\/u><\/b><\/div>\n<div>\n<ol>\n<li>Huzurum Kalmad\u0131<\/li>\n<li>Gelme Art\u0131k<\/li>\n<li>Bir G\u00fcn Gelir Ayr\u0131l\u0131rsan<\/li>\n<li>Sevgili Yarim<\/li>\n<li>Kalp Yaras\u0131<\/li>\n<li>Almanya Treni<\/li>\n<\/ol>\n<\/div>\n","protected":false},"excerpt":{"rendered":"<p>A Y\u00fcz\u00fc: Beddua Kaderimsin Hat\u0131ra Defteri Dertsiz Olsam \u0130\u00e7ermiyim \u0130nanmad\u0131n Sevgime Hayat Adam\u0131 Oldum B Y\u00fcz\u00fc:\u00a0 Huzurum Kalmad\u0131 Gelme Art\u0131k Bir G\u00fcn Gelir Ayr\u0131l\u0131rsan Sevgili Yarim Kalp Yaras\u0131 Almanya Treni<\/p>\n","protected":false},"featured_media":908,"comment_status":"open","ping_status":"closed","template":"","meta":[],"product_cat":[173],"product_tag":[203,201,191,190],"class_list":{"0":"post-905","1":"product","2":"type-product","3":"status-publish","4":"has-post-thumbnail","6":"product_cat-vinyl","7":"product_tag-ferdi-77","8":"product_tag-ferdi-tayfur","9":"product_tag-lp","10":"product_tag-vinyl","12":"first","13":"instock","14":"shipping-taxable","15":"purchasable","16":"product-type-simple"},"_links":{"self":[{"href":"https:\/\/www.vintape.org\/index.php?rest_route=\/wp\/v2\/product\/905","targetHints":{"allow":["GET"]}}],"collection":[{"href":"https:\/\/www.vintape.org\/index.php?rest_route=\/wp\/v2\/product"}],"about":[{"href":"https:\/\/www.vintape.org\/index.php?rest_route=\/wp\/v2\/types\/product"}],"replies":[{"embeddable":true,"href":"https:\/\/www.vintape.org\/index.php?rest_route=%2Fwp%2Fv2%2Fcomments&post=905"}],"version-history":[{"count":0,"href":"https:\/\/www.vintape.org\/index.php?rest_route=\/wp\/v2\/product\/905\/revisions"}],"wp:featuredmedia":[{"embeddable":true,"href":"https:\/\/www.vintape.org\/index.php?rest_route=\/wp\/v2\/media\/908"}],"wp:attachment":[{"href":"https:\/\/www.vintape.org\/index.php?rest_route=%2Fwp%2Fv2%2Fmedia&parent=905"}],"wp:term":[{"taxonomy":"product_cat","embeddable":true,"href":"https:\/\/www.vintape.org\/index.php?rest_route=%2Fwp%2Fv2%2Fproduct_cat&post=905"},{"taxonomy":"product_tag","embeddable":true,"href":"https:\/\/www.vintape.org\/index.php?rest_route=%2Fwp%2Fv2%2Fproduct_tag&post=905"}],"curies":[{"name":"wp","href":"https:\/\/api.w.org\/{rel}","templated":true}]}}