{"id":900,"date":"2022-12-18T08:16:09","date_gmt":"2022-12-18T07:16:09","guid":{"rendered":"https:\/\/www.vintape.org\/?post_type=product&#038;p=900"},"modified":"2026-04-22T02:53:35","modified_gmt":"2026-04-22T01:53:35","slug":"ferdi-tayfur-ferdi-78-lp","status":"publish","type":"product","link":"https:\/\/www.vintape.org\/?product=ferdi-tayfur-ferdi-78-lp","title":{"rendered":"Ferdi Tayfur &#8211; Ferdi 78 (LP)"},"content":{"rendered":"<p><b>A Y\u00fcz\u00fc:<\/b><\/p>\n<div>\n<ol>\n<li>Karabaht\u0131m<\/li>\n<li>Hayat Arkada\u015f\u0131<\/li>\n<li>Ne Sende Ge\u00e7erim<\/li>\n<li>Kaybolan G\u00fcnler<\/li>\n<li>Garipler \u00c7ile \u00c7eker<\/li>\n<li>Sab\u0131r Duas\u0131<\/li>\n<\/ol>\n<\/div>\n<div><b>B Y\u00fcz\u00fc:<\/b><\/div>\n<div>\n<ol>\n<li>Batan G\u00fcne\u015f<\/li>\n<li>A\u015fk\u0131m\u0131 \u0130nkar Ettin<\/li>\n<li>Hat\u0131rlarm\u0131s\u0131n ?<\/li>\n<li>Akl\u0131m\u0131 Ba\u015f\u0131mdan Ald\u0131n<\/li>\n<li>Bekledim Durdum<\/li>\n<li>Olur mu B\u00f6yle Olur mu ?<\/li>\n<\/ol>\n<\/div>\n","protected":false},"excerpt":{"rendered":"<p>A Y\u00fcz\u00fc: Karabaht\u0131m Hayat Arkada\u015f\u0131 Ne Sende Ge\u00e7erim Kaybolan G\u00fcnler Garipler \u00c7ile \u00c7eker Sab\u0131r Duas\u0131 B Y\u00fcz\u00fc: Batan G\u00fcne\u015f A\u015fk\u0131m\u0131 \u0130nkar Ettin Hat\u0131rlarm\u0131s\u0131n ? Akl\u0131m\u0131 Ba\u015f\u0131mdan Ald\u0131n Bekledim Durdum Olur<\/p>\n","protected":false},"featured_media":903,"comment_status":"open","ping_status":"closed","template":"","meta":[],"product_cat":[173],"product_tag":[202,201,191,190],"class_list":{"0":"post-900","1":"product","2":"type-product","3":"status-publish","4":"has-post-thumbnail","6":"product_cat-vinyl","7":"product_tag-ferdi-78","8":"product_tag-ferdi-tayfur","9":"product_tag-lp","10":"product_tag-vinyl","12":"first","13":"instock","14":"shipping-taxable","15":"purchasable","16":"product-type-simple"},"_links":{"self":[{"href":"https:\/\/www.vintape.org\/index.php?rest_route=\/wp\/v2\/product\/900","targetHints":{"allow":["GET"]}}],"collection":[{"href":"https:\/\/www.vintape.org\/index.php?rest_route=\/wp\/v2\/product"}],"about":[{"href":"https:\/\/www.vintape.org\/index.php?rest_route=\/wp\/v2\/types\/product"}],"replies":[{"embeddable":true,"href":"https:\/\/www.vintape.org\/index.php?rest_route=%2Fwp%2Fv2%2Fcomments&post=900"}],"version-history":[{"count":0,"href":"https:\/\/www.vintape.org\/index.php?rest_route=\/wp\/v2\/product\/900\/revisions"}],"wp:featuredmedia":[{"embeddable":true,"href":"https:\/\/www.vintape.org\/index.php?rest_route=\/wp\/v2\/media\/903"}],"wp:attachment":[{"href":"https:\/\/www.vintape.org\/index.php?rest_route=%2Fwp%2Fv2%2Fmedia&parent=900"}],"wp:term":[{"taxonomy":"product_cat","embeddable":true,"href":"https:\/\/www.vintape.org\/index.php?rest_route=%2Fwp%2Fv2%2Fproduct_cat&post=900"},{"taxonomy":"product_tag","embeddable":true,"href":"https:\/\/www.vintape.org\/index.php?rest_route=%2Fwp%2Fv2%2Fproduct_tag&post=900"}],"curies":[{"name":"wp","href":"https:\/\/api.w.org\/{rel}","templated":true}]}}