{"id":894,"date":"2022-12-18T08:07:37","date_gmt":"2022-12-18T07:07:37","guid":{"rendered":"https:\/\/www.vintape.org\/?post_type=product&#038;p=894"},"modified":"2026-04-12T19:06:34","modified_gmt":"2026-04-12T18:06:34","slug":"ferdi-tayfur-derbeder-lp","status":"publish","type":"product","link":"https:\/\/www.vintape.org\/?product=ferdi-tayfur-derbeder-lp","title":{"rendered":"Ferdi Tayfur &#8211; Derbeder (LP)"},"content":{"rendered":"<p><strong>Ferdi Tayfur &#8211; Derbeder \/ Orjinal 45&#8217;lik Plak Kay\u0131tlar\u0131 (Plak)<\/strong><\/p>\n<p><span style=\"font-size: medium\"><strong>A<\/strong><\/span><\/p>\n<ol>\n<li><span style=\"font-size: medium\"><strong>Vazge\u00e7 Felek\u00a0<\/strong><br \/>\nS\u00f6z &amp; M\u00fczik: Ferdi Tayfur<\/span><\/li>\n<li><span style=\"font-size: medium\"><strong>Derbeder<\/strong><br \/>\nS\u00f6z &amp; M\u00fczik: Ferdi Tayfur<\/span><\/li>\n<li><span style=\"font-size: medium\"><strong>Ya\u011fmur G\u00f6z Ya\u015f\u0131m<\/strong><br \/>\nS\u00f6z &amp; M\u00fczik: Ferdi Tayfur<\/span><\/li>\n<li><span style=\"font-size: medium\"><strong>B\u0131rak \u015eu Gurbeti<\/strong><br \/>\nS\u00f6z &amp; M\u00fczik: Ferdi Tayfur<\/span><\/li>\n<li><span style=\"font-size: medium\"><strong>Sevdal\u0131lar Beni Anlar<\/strong><br \/>\nS\u00f6z &amp; M\u00fczik: Ferdi Tayfur<\/span><\/li>\n<\/ol>\n<p><span style=\"font-size: medium\"><strong>B<\/strong><\/span><\/p>\n<ol>\n<li><span style=\"font-size: medium\"><b>G\u00f6n\u00fcl Oyunu<\/b><br \/>\nS\u00f6z &amp; M\u00fczik: Ferdi Tayfur<\/span><\/li>\n<li><span style=\"font-size: medium\"><strong>Hapishane<\/strong><br \/>\nS\u00f6z &amp; M\u00fczik: Ferdi Tayfur<\/span><\/li>\n<li><span style=\"font-size: medium\"><strong>Yadeller<\/strong><br \/>\nS\u00f6z &amp; M\u00fczik: Ferdi Tayfur<\/span><\/li>\n<li><span style=\"font-size: medium\"><strong>Sanma Sana D\u00f6nerim<\/strong><br \/>\nS\u00f6z: Salih Korkmaz\u00a0 \u00a0M\u00fczik: Atilla Alpsakarya<\/span><\/li>\n<li><span style=\"font-size: medium\"><strong>Seninle \u00d6yle<\/strong><br \/>\nS\u00f6z &amp; M\u00fczik: Mustafa Sayan<\/span><\/li>\n<\/ol>\n","protected":false},"excerpt":{"rendered":"<p>Ferdi Tayfur &#8211; Derbeder \/ Orjinal 45&#8217;lik Plak Kay\u0131tlar\u0131 (Plak) A Vazge\u00e7 Felek\u00a0 S\u00f6z &amp; M\u00fczik: Ferdi Tayfur Derbeder S\u00f6z &amp; M\u00fczik: Ferdi Tayfur Ya\u011fmur G\u00f6z Ya\u015f\u0131m S\u00f6z &amp; M\u00fczik:<\/p>\n","protected":false},"featured_media":897,"comment_status":"open","ping_status":"closed","template":"","meta":[],"product_cat":[173],"product_tag":[200,201,191,190],"class_list":{"0":"post-894","1":"product","2":"type-product","3":"status-publish","4":"has-post-thumbnail","6":"product_cat-vinyl","7":"product_tag-derbeder","8":"product_tag-ferdi-tayfur","9":"product_tag-lp","10":"product_tag-vinyl","12":"first","13":"instock","14":"shipping-taxable","15":"purchasable","16":"product-type-simple"},"_links":{"self":[{"href":"https:\/\/www.vintape.org\/index.php?rest_route=\/wp\/v2\/product\/894","targetHints":{"allow":["GET"]}}],"collection":[{"href":"https:\/\/www.vintape.org\/index.php?rest_route=\/wp\/v2\/product"}],"about":[{"href":"https:\/\/www.vintape.org\/index.php?rest_route=\/wp\/v2\/types\/product"}],"replies":[{"embeddable":true,"href":"https:\/\/www.vintape.org\/index.php?rest_route=%2Fwp%2Fv2%2Fcomments&post=894"}],"version-history":[{"count":0,"href":"https:\/\/www.vintape.org\/index.php?rest_route=\/wp\/v2\/product\/894\/revisions"}],"wp:featuredmedia":[{"embeddable":true,"href":"https:\/\/www.vintape.org\/index.php?rest_route=\/wp\/v2\/media\/897"}],"wp:attachment":[{"href":"https:\/\/www.vintape.org\/index.php?rest_route=%2Fwp%2Fv2%2Fmedia&parent=894"}],"wp:term":[{"taxonomy":"product_cat","embeddable":true,"href":"https:\/\/www.vintape.org\/index.php?rest_route=%2Fwp%2Fv2%2Fproduct_cat&post=894"},{"taxonomy":"product_tag","embeddable":true,"href":"https:\/\/www.vintape.org\/index.php?rest_route=%2Fwp%2Fv2%2Fproduct_tag&post=894"}],"curies":[{"name":"wp","href":"https:\/\/api.w.org\/{rel}","templated":true}]}}