{"id":890,"date":"2022-12-18T08:04:26","date_gmt":"2022-12-18T07:04:26","guid":{"rendered":"https:\/\/www.vintape.org\/?post_type=product&#038;p=890"},"modified":"2026-04-11T17:54:12","modified_gmt":"2026-04-11T16:54:12","slug":"muslum-gurses-benim-meselem-lp","status":"publish","type":"product","link":"https:\/\/www.vintape.org\/?product=muslum-gurses-benim-meselem-lp","title":{"rendered":"M\u00fcsl\u00fcm G\u00fcrses &#8211; Benim Meselem (LP)"},"content":{"rendered":"<p><strong>A Y\u00fcz\u00fc:\u00a0<\/strong><\/p>\n<ol>\n<li><strong>Benim Meselem\u00a0<\/strong>S\u00f6z :\u00a0Ali Mamara\u015fl\u0131\u00a0\u00a0\u00a0 M\u00fczik : \u00d6zer \u015eenay<\/li>\n<li><strong>Yemin Olsun\u00a0<\/strong>S\u00f6z &amp; M\u00fczik : Ali Gencebay<\/li>\n<li><strong>O Sarho\u015f\u00a0<\/strong>S\u00f6z : \u015eener G\u00fcllendi\u00a0\u00a0 M\u00fczik : Turgay \u00d6nal<\/li>\n<li><strong>\u015eans\u0131ma\u00a0<\/strong>S\u00f6z : Ertu\u011frul Polat\u00a0\u00a0 M\u00fczik : \u015e\u00fckr\u00fc U\u011furluel<\/li>\n<li><strong>Ye Memo\u00a0<\/strong>S\u00f6z :\u00a0Ali Mamara\u015fl\u0131\u00a0\u00a0\u00a0 M\u00fczik : \u00d6zer \u015eenay<\/li>\n<\/ol>\n<p><strong>B Y\u00fcz\u00fc:<\/strong><\/p>\n<ol>\n<li><strong>Kadehler A\u011flas\u0131n\u00a0<\/strong>S\u00f6z &amp; M\u00fczik : Mustafa Ya\u015fam\u0131\u015f<\/li>\n<li><strong>Uyma Ellere\u00a0<\/strong>S\u00f6z &amp; M\u00fczik : \u015eener B\u00fclb\u00fcl<\/li>\n<li><strong>Ayr\u0131l\u0131k\u00a0<\/strong>S\u00f6z &amp; M\u00fczik : Anonim (Azeri )<\/li>\n<li><strong>Ak Ellerin Salan Gelen Yar\u00a0<\/strong>S\u00f6z &amp; M\u00fczik : Anonim<\/li>\n<li><strong>Sabr\u0131ma Bor\u00e7luyum\u00a0<\/strong>S\u00f6z : Ali Mamara\u015fl\u0131\u00a0\u00a0 M\u00fczik : \u00d6zer \u015eenay<\/li>\n<\/ol>\n","protected":false},"excerpt":{"rendered":"<p>A Y\u00fcz\u00fc:\u00a0 Benim Meselem\u00a0S\u00f6z :\u00a0Ali Mamara\u015fl\u0131\u00a0\u00a0\u00a0 M\u00fczik : \u00d6zer \u015eenay Yemin Olsun\u00a0S\u00f6z &amp; M\u00fczik : Ali Gencebay O Sarho\u015f\u00a0S\u00f6z : \u015eener G\u00fcllendi\u00a0\u00a0 M\u00fczik : Turgay \u00d6nal \u015eans\u0131ma\u00a0S\u00f6z : Ertu\u011frul Polat\u00a0\u00a0<\/p>\n","protected":false},"featured_media":891,"comment_status":"open","ping_status":"closed","template":"","meta":[],"product_cat":[173],"product_tag":[199,191,188,190],"class_list":{"0":"post-890","1":"product","2":"type-product","3":"status-publish","4":"has-post-thumbnail","6":"product_cat-vinyl","7":"product_tag-benim-meselem","8":"product_tag-lp","9":"product_tag-muslum-gurses","10":"product_tag-vinyl","12":"first","13":"instock","14":"shipping-taxable","15":"purchasable","16":"product-type-simple"},"_links":{"self":[{"href":"https:\/\/www.vintape.org\/index.php?rest_route=\/wp\/v2\/product\/890","targetHints":{"allow":["GET"]}}],"collection":[{"href":"https:\/\/www.vintape.org\/index.php?rest_route=\/wp\/v2\/product"}],"about":[{"href":"https:\/\/www.vintape.org\/index.php?rest_route=\/wp\/v2\/types\/product"}],"replies":[{"embeddable":true,"href":"https:\/\/www.vintape.org\/index.php?rest_route=%2Fwp%2Fv2%2Fcomments&post=890"}],"version-history":[{"count":0,"href":"https:\/\/www.vintape.org\/index.php?rest_route=\/wp\/v2\/product\/890\/revisions"}],"wp:featuredmedia":[{"embeddable":true,"href":"https:\/\/www.vintape.org\/index.php?rest_route=\/wp\/v2\/media\/891"}],"wp:attachment":[{"href":"https:\/\/www.vintape.org\/index.php?rest_route=%2Fwp%2Fv2%2Fmedia&parent=890"}],"wp:term":[{"taxonomy":"product_cat","embeddable":true,"href":"https:\/\/www.vintape.org\/index.php?rest_route=%2Fwp%2Fv2%2Fproduct_cat&post=890"},{"taxonomy":"product_tag","embeddable":true,"href":"https:\/\/www.vintape.org\/index.php?rest_route=%2Fwp%2Fv2%2Fproduct_tag&post=890"}],"curies":[{"name":"wp","href":"https:\/\/api.w.org\/{rel}","templated":true}]}}