{"id":886,"date":"2022-12-18T08:02:03","date_gmt":"2022-12-18T07:02:03","guid":{"rendered":"https:\/\/www.vintape.org\/?post_type=product&#038;p=886"},"modified":"2026-04-12T19:06:55","modified_gmt":"2026-04-12T18:06:55","slug":"muslum-gurses-tanri-istemezse-lp","status":"publish","type":"product","link":"https:\/\/www.vintape.org\/?product=muslum-gurses-tanri-istemezse-lp","title":{"rendered":"M\u00fcsl\u00fcm G\u00fcrses &#8211; Tanr\u0131 \u0130stemezse (LP)"},"content":{"rendered":"<p><strong>1. Tanr\u0131 \u0130stemezse<br \/>\n2. Fark Yaralar\u0131<br \/>\n3. Sana Diyece\u011fim Var<br \/>\n4. Mazideki A\u015fk<br \/>\n5. Yaprak D\u00f6k\u00fcm\u00fc<br \/>\n6. Ne Fayda<br \/>\n7. Sorsana<br \/>\n8. \u00d6yle Gitmek Var M\u0131yd\u0131?<br \/>\n9. Sallan\u0131r Eller ve Mendiller<\/strong><\/p>\n","protected":false},"excerpt":{"rendered":"<p>1. Tanr\u0131 \u0130stemezse 2. Fark Yaralar\u0131 3. Sana Diyece\u011fim Var 4. Mazideki A\u015fk 5. Yaprak D\u00f6k\u00fcm\u00fc 6. Ne Fayda 7. Sorsana 8. \u00d6yle Gitmek Var M\u0131yd\u0131? 9. Sallan\u0131r Eller ve<\/p>\n","protected":false},"featured_media":887,"comment_status":"open","ping_status":"closed","template":"","meta":[],"product_cat":[173],"product_tag":[191,188,198,190],"class_list":{"0":"post-886","1":"product","2":"type-product","3":"status-publish","4":"has-post-thumbnail","6":"product_cat-vinyl","7":"product_tag-lp","8":"product_tag-muslum-gurses","9":"product_tag-tanri-istemezse","10":"product_tag-vinyl","12":"first","13":"instock","14":"shipping-taxable","15":"purchasable","16":"product-type-simple"},"_links":{"self":[{"href":"https:\/\/www.vintape.org\/index.php?rest_route=\/wp\/v2\/product\/886","targetHints":{"allow":["GET"]}}],"collection":[{"href":"https:\/\/www.vintape.org\/index.php?rest_route=\/wp\/v2\/product"}],"about":[{"href":"https:\/\/www.vintape.org\/index.php?rest_route=\/wp\/v2\/types\/product"}],"replies":[{"embeddable":true,"href":"https:\/\/www.vintape.org\/index.php?rest_route=%2Fwp%2Fv2%2Fcomments&post=886"}],"version-history":[{"count":0,"href":"https:\/\/www.vintape.org\/index.php?rest_route=\/wp\/v2\/product\/886\/revisions"}],"wp:featuredmedia":[{"embeddable":true,"href":"https:\/\/www.vintape.org\/index.php?rest_route=\/wp\/v2\/media\/887"}],"wp:attachment":[{"href":"https:\/\/www.vintape.org\/index.php?rest_route=%2Fwp%2Fv2%2Fmedia&parent=886"}],"wp:term":[{"taxonomy":"product_cat","embeddable":true,"href":"https:\/\/www.vintape.org\/index.php?rest_route=%2Fwp%2Fv2%2Fproduct_cat&post=886"},{"taxonomy":"product_tag","embeddable":true,"href":"https:\/\/www.vintape.org\/index.php?rest_route=%2Fwp%2Fv2%2Fproduct_tag&post=886"}],"curies":[{"name":"wp","href":"https:\/\/api.w.org\/{rel}","templated":true}]}}