{"id":882,"date":"2022-12-18T07:58:43","date_gmt":"2022-12-18T06:58:43","guid":{"rendered":"https:\/\/www.vintape.org\/?post_type=product&#038;p=882"},"modified":"2026-04-02T03:12:57","modified_gmt":"2026-04-02T02:12:57","slug":"muslum-gurses-gule-gule-git-lp","status":"publish","type":"product","link":"https:\/\/www.vintape.org\/?product=muslum-gurses-gule-gule-git-lp","title":{"rendered":"M\u00fcsl\u00fcm G\u00fcrses &#8211; G\u00fcle G\u00fcle Git (LP)"},"content":{"rendered":"<p><strong>M\u00fcsl\u00fcm G\u00fcrses &#8211; G\u00fcle G\u00fcle (Plak)<\/strong><br \/>\n<strong>A Y\u00dcZ\u00dc:<\/strong><\/p>\n<p><strong>1- G\u00fcle G\u00fcle Git\u00a0<\/strong><br \/>\nS\u00f6z: Tahir Paker &#8211; M\u00fczik: Burhan Bayar<br \/>\n<strong>2- Seneler<\/strong><br \/>\nS\u00f6z: Tahir Paker &#8211; M\u00fczik: Sait B\u00fcy\u00fck\u00e7\u0131nar<br \/>\n<strong>3- De\u011fi\u015fmem Seni<\/strong><br \/>\nS\u00f6z: Y\u0131lmaz Uzun &#8211; M\u00fczik: Sait B\u00fcy\u00fck\u00e7\u0131nar<br \/>\n<strong>4- Bitmez<\/strong><br \/>\nS\u00f6z: \u015eakir Askan &#8211; M\u00fczik: Burhan Bayar<br \/>\n<strong>5- Bu \u0130nsanlar<\/strong><br \/>\nS\u00f6z: Tahir Paker &#8211; M\u00fczik: Sait B\u00fcy\u00fck\u00e7\u0131nar<br \/>\n<strong>B Y\u00dcZ\u00dc:<\/strong><\/p>\n<p><strong>1- Ac\u0131l\u0131 Sevda<\/strong><br \/>\nS\u00f6z : Tahir Paker &#8211; M\u00fczik : Burhan Bayar<br \/>\n<strong>2- Bir G\u00fclsen Yeter<\/strong><br \/>\nS\u00f6z : \u015eakir Askan &#8211; M\u00fczik : Burhan Bayar<br \/>\n<strong>3- Faydas\u0131 Yok<\/strong><br \/>\nS\u00f6z : Ercan Ekinci &#8211; M\u00fczik : Sait B\u00fcy\u00fck\u00e7\u0131nar<br \/>\n<strong>4- Islanm\u0131\u015fs\u0131n<\/strong><br \/>\nS\u00f6z: Hamza Dekeli &#8211; M\u00fczik: Burhan Bayar<br \/>\n<strong>5- Nedense<\/strong><br \/>\nS\u00f6z-M\u00fczik: Hamza Dekeli<\/p>\n","protected":false},"excerpt":{"rendered":"<p>M\u00fcsl\u00fcm G\u00fcrses &#8211; G\u00fcle G\u00fcle (Plak) A Y\u00dcZ\u00dc: 1- G\u00fcle G\u00fcle Git\u00a0 S\u00f6z: Tahir Paker &#8211; M\u00fczik: Burhan Bayar 2- Seneler S\u00f6z: Tahir Paker &#8211; M\u00fczik: Sait B\u00fcy\u00fck\u00e7\u0131nar 3- De\u011fi\u015fmem<\/p>\n","protected":false},"featured_media":883,"comment_status":"open","ping_status":"closed","template":"","meta":[],"product_cat":[173],"product_tag":[197,191,188,190],"class_list":{"0":"post-882","1":"product","2":"type-product","3":"status-publish","4":"has-post-thumbnail","6":"product_cat-vinyl","7":"product_tag-gule-gule-git","8":"product_tag-lp","9":"product_tag-muslum-gurses","10":"product_tag-vinyl","12":"first","13":"instock","14":"shipping-taxable","15":"purchasable","16":"product-type-simple"},"_links":{"self":[{"href":"https:\/\/www.vintape.org\/index.php?rest_route=\/wp\/v2\/product\/882","targetHints":{"allow":["GET"]}}],"collection":[{"href":"https:\/\/www.vintape.org\/index.php?rest_route=\/wp\/v2\/product"}],"about":[{"href":"https:\/\/www.vintape.org\/index.php?rest_route=\/wp\/v2\/types\/product"}],"replies":[{"embeddable":true,"href":"https:\/\/www.vintape.org\/index.php?rest_route=%2Fwp%2Fv2%2Fcomments&post=882"}],"version-history":[{"count":0,"href":"https:\/\/www.vintape.org\/index.php?rest_route=\/wp\/v2\/product\/882\/revisions"}],"wp:featuredmedia":[{"embeddable":true,"href":"https:\/\/www.vintape.org\/index.php?rest_route=\/wp\/v2\/media\/883"}],"wp:attachment":[{"href":"https:\/\/www.vintape.org\/index.php?rest_route=%2Fwp%2Fv2%2Fmedia&parent=882"}],"wp:term":[{"taxonomy":"product_cat","embeddable":true,"href":"https:\/\/www.vintape.org\/index.php?rest_route=%2Fwp%2Fv2%2Fproduct_cat&post=882"},{"taxonomy":"product_tag","embeddable":true,"href":"https:\/\/www.vintape.org\/index.php?rest_route=%2Fwp%2Fv2%2Fproduct_tag&post=882"}],"curies":[{"name":"wp","href":"https:\/\/api.w.org\/{rel}","templated":true}]}}