{"id":870,"date":"2022-12-18T07:31:04","date_gmt":"2022-12-18T06:31:04","guid":{"rendered":"https:\/\/www.vintape.org\/?post_type=product&#038;p=870"},"modified":"2024-08-08T22:13:19","modified_gmt":"2024-08-08T21:13:19","slug":"muslum-gurses-senden-vazgecmem-lp","status":"publish","type":"product","link":"https:\/\/www.vintape.org\/?product=muslum-gurses-senden-vazgecmem-lp","title":{"rendered":"M\u00fcsl\u00fcm G\u00fcrses &#8211; Senden Vazge\u00e7mem (LP)"},"content":{"rendered":"<p><span style=\"font-family: Tahoma\">M\u00fcsl\u00fcm G\u00fcrses &#8211; Senden Vazge\u00e7mem\u00a0 (Plak)\u00a0<\/span><\/p>\n<p><span style=\"font-family: Tahoma\">A Y\u00fcz\u00fc:<\/span><\/p>\n<p><span style=\"font-family: Tahoma\">1. Senden Vazge\u00e7mem\u00a0 \/ S\u00f6z: Ali Tekint\u00fcre , M\u00fczik: Tar\u0131k A\u011fansoy<br \/>\n2. Hangimiz Sevmedik \/ S\u00f6z: Ali Tekint\u00fcre , M\u00fczik: Ali Osman Erba\u015f\u0131<br \/>\n3. Etme Bulma D\u00fcnyas\u0131 \/ S\u00f6z &amp; M\u00fczik: Kaz\u0131m Birlik<br \/>\n4. Dayanamazs\u0131n \/ S\u00f6z: A\u015fk\u0131n Tuna, M\u00fczik: Ferda An\u0131l Yark\u0131n<br \/>\n5. Yalan Oldu \/ S\u00f6z: Tahir Paker,\u00a0 M\u00fczik: Mehmet Aslan<\/span><\/p>\n<p><span style=\"font-family: Tahoma\">B Y\u00fcz\u00fc:<\/span><\/p>\n<p><span style=\"font-family: Tahoma\">1. Evlat \/ S\u00f6z: Ali Tekint\u00fcre , M\u00fczik: Kemal Ta\u015f\u00e7e\u015fme<br \/>\n2. A\u011f\u0131r Yaral\u0131 \/ S\u00f6z: Ahmet Sel\u00e7uk \u0130lkan , M\u00fczik: Adnan Aslan<br \/>\n3. Can Yar \/ S\u00f6z &amp; M\u00fczik: Anonim<br \/>\n4. Haydar \/ S\u00f6z &amp; M\u00fczik: Ali Ekber \u00c7i\u00e7ek<br \/>\n5. B\u00fct\u00fcn D\u00fcnya Senin Olsun \/ S\u00f6z &amp; M\u00fczik: Anonim, Kaynak Ki\u015fi: \u0130pek Bayrak<\/span><\/p>\n","protected":false},"excerpt":{"rendered":"<p>M\u00fcsl\u00fcm G\u00fcrses &#8211; Senden Vazge\u00e7mem\u00a0 (Plak)\u00a0 A Y\u00fcz\u00fc: 1. Senden Vazge\u00e7mem\u00a0 \/ S\u00f6z: Ali Tekint\u00fcre , M\u00fczik: Tar\u0131k A\u011fansoy 2. Hangimiz Sevmedik \/ S\u00f6z: Ali Tekint\u00fcre , M\u00fczik: Ali Osman<\/p>\n","protected":false},"featured_media":895,"comment_status":"open","ping_status":"closed","template":"","meta":[],"product_cat":[173],"product_tag":[191,188,194,190],"class_list":{"0":"post-870","1":"product","2":"type-product","3":"status-publish","4":"has-post-thumbnail","6":"product_cat-vinyl","7":"product_tag-lp","8":"product_tag-muslum-gurses","9":"product_tag-senden-vazgecmem","10":"product_tag-vinyl","12":"first","13":"outofstock","14":"shipping-taxable","15":"purchasable","16":"product-type-simple"},"_links":{"self":[{"href":"https:\/\/www.vintape.org\/index.php?rest_route=\/wp\/v2\/product\/870","targetHints":{"allow":["GET"]}}],"collection":[{"href":"https:\/\/www.vintape.org\/index.php?rest_route=\/wp\/v2\/product"}],"about":[{"href":"https:\/\/www.vintape.org\/index.php?rest_route=\/wp\/v2\/types\/product"}],"replies":[{"embeddable":true,"href":"https:\/\/www.vintape.org\/index.php?rest_route=%2Fwp%2Fv2%2Fcomments&post=870"}],"version-history":[{"count":0,"href":"https:\/\/www.vintape.org\/index.php?rest_route=\/wp\/v2\/product\/870\/revisions"}],"wp:featuredmedia":[{"embeddable":true,"href":"https:\/\/www.vintape.org\/index.php?rest_route=\/wp\/v2\/media\/895"}],"wp:attachment":[{"href":"https:\/\/www.vintape.org\/index.php?rest_route=%2Fwp%2Fv2%2Fmedia&parent=870"}],"wp:term":[{"taxonomy":"product_cat","embeddable":true,"href":"https:\/\/www.vintape.org\/index.php?rest_route=%2Fwp%2Fv2%2Fproduct_cat&post=870"},{"taxonomy":"product_tag","embeddable":true,"href":"https:\/\/www.vintape.org\/index.php?rest_route=%2Fwp%2Fv2%2Fproduct_tag&post=870"}],"curies":[{"name":"wp","href":"https:\/\/api.w.org\/{rel}","templated":true}]}}