{"id":866,"date":"2022-12-18T07:21:56","date_gmt":"2022-12-18T06:21:56","guid":{"rendered":"https:\/\/www.vintape.org\/?post_type=product&#038;p=866"},"modified":"2025-10-23T04:42:04","modified_gmt":"2025-10-23T03:42:04","slug":"muslum-gurses-bir-de-benden-dinleyin-lp","status":"publish","type":"product","link":"https:\/\/www.vintape.org\/?product=muslum-gurses-bir-de-benden-dinleyin-lp","title":{"rendered":"M\u00fcsl\u00fcm G\u00fcrses &#8211; Bir De Benden Dinleyin (LP)"},"content":{"rendered":"<p><strong>A Y\u00fcz\u00fc:\u00a0<\/strong><\/p>\n<ol>\n<li><strong>Ayg\u0131z &#8211;\u00a0<\/strong>S\u00f6z &amp; M\u00fczik : Anonim<\/li>\n<li><strong>Kar Tanesi &#8211;\u00a0<\/strong>S\u00f6z &amp; M\u00fczik : Kenan Erel<\/li>\n<li><strong>Dediler Zamanla Hep &#8211;\u00a0<\/strong>S\u00f6z : \u0130lterYe\u015filay\u00a0\u00a0 M\u00fczik : Bilge \u00d6zgen<\/li>\n<li><strong>Vurgun &#8211;\u00a0<\/strong>S\u00f6z : Cemal Safi\u00a0\u00a0 M\u00fczik : Sel\u00e7uk Tekay<\/li>\n<li><strong>\u00c7ok Yaln\u0131z\u0131m &#8211;\u00a0<\/strong>S\u00f6z : H.Min\u00fcr Ebcio\u011flu\u00a0\u00a0 M\u00fczik : Teoman Alpay<\/li>\n<\/ol>\n<p>&nbsp;<\/p>\n<p><strong>B Y\u00fcz\u00fc:<\/strong><\/p>\n<ol>\n<li><strong>Belal\u0131m &#8211;\u00a0<\/strong>S\u00f6z &amp; M\u00fczik : Z\u00fclf\u00fc Livaneli<\/li>\n<li><strong>Sen Deli Misin ? &#8211;\u00a0<\/strong>S\u00f6z &amp; M\u00fczik : Atilla Alpsakarya<\/li>\n<li><strong>Kara Sevda &#8211;\u00a0<\/strong>S\u00f6z : Cahit S\u0131tk\u0131 Taranc\u0131\u00a0\u00a0 M\u00fczik : Fatih K\u0131saparmak<\/li>\n<li><strong>Dertli Mektup &#8211;\u00a0<\/strong>S\u00f6z : G\u00f6n\u00fcl \u015een\u00a0\u00a0 M\u00fczik : Ali Osman Erba\u015f\u0131<\/li>\n<li><strong>\u015eanss\u0131z\u0131m &#8211;\u00a0<\/strong>S\u00f6z &amp; M\u00fczik : Ali Tekint\u00fcre<\/li>\n<\/ol>\n","protected":false},"excerpt":{"rendered":"<p>A Y\u00fcz\u00fc:\u00a0 Ayg\u0131z &#8211;\u00a0S\u00f6z &amp; M\u00fczik : Anonim Kar Tanesi &#8211;\u00a0S\u00f6z &amp; M\u00fczik : Kenan Erel Dediler Zamanla Hep &#8211;\u00a0S\u00f6z : \u0130lterYe\u015filay\u00a0\u00a0 M\u00fczik : Bilge \u00d6zgen Vurgun &#8211;\u00a0S\u00f6z : Cemal<\/p>\n","protected":false},"featured_media":867,"comment_status":"open","ping_status":"closed","template":"","meta":[],"product_cat":[173],"product_tag":[193,191,188,190],"class_list":{"0":"post-866","1":"product","2":"type-product","3":"status-publish","4":"has-post-thumbnail","6":"product_cat-vinyl","7":"product_tag-bir-de-benden-dinleyin","8":"product_tag-lp","9":"product_tag-muslum-gurses","10":"product_tag-vinyl","12":"first","13":"instock","14":"shipping-taxable","15":"purchasable","16":"product-type-simple"},"_links":{"self":[{"href":"https:\/\/www.vintape.org\/index.php?rest_route=\/wp\/v2\/product\/866","targetHints":{"allow":["GET"]}}],"collection":[{"href":"https:\/\/www.vintape.org\/index.php?rest_route=\/wp\/v2\/product"}],"about":[{"href":"https:\/\/www.vintape.org\/index.php?rest_route=\/wp\/v2\/types\/product"}],"replies":[{"embeddable":true,"href":"https:\/\/www.vintape.org\/index.php?rest_route=%2Fwp%2Fv2%2Fcomments&post=866"}],"version-history":[{"count":0,"href":"https:\/\/www.vintape.org\/index.php?rest_route=\/wp\/v2\/product\/866\/revisions"}],"wp:featuredmedia":[{"embeddable":true,"href":"https:\/\/www.vintape.org\/index.php?rest_route=\/wp\/v2\/media\/867"}],"wp:attachment":[{"href":"https:\/\/www.vintape.org\/index.php?rest_route=%2Fwp%2Fv2%2Fmedia&parent=866"}],"wp:term":[{"taxonomy":"product_cat","embeddable":true,"href":"https:\/\/www.vintape.org\/index.php?rest_route=%2Fwp%2Fv2%2Fproduct_cat&post=866"},{"taxonomy":"product_tag","embeddable":true,"href":"https:\/\/www.vintape.org\/index.php?rest_route=%2Fwp%2Fv2%2Fproduct_tag&post=866"}],"curies":[{"name":"wp","href":"https:\/\/api.w.org\/{rel}","templated":true}]}}