{"id":861,"date":"2022-12-17T22:51:54","date_gmt":"2022-12-17T21:51:54","guid":{"rendered":"https:\/\/www.vintape.org\/?post_type=product&#038;p=861"},"modified":"2026-02-21T04:00:31","modified_gmt":"2026-02-21T03:00:31","slug":"muslum-gurses-gitme-lp","status":"publish","type":"product","link":"https:\/\/www.vintape.org\/?product=muslum-gurses-gitme-lp","title":{"rendered":"M\u00fcsl\u00fcm G\u00fcrses &#8211; Gitme (LP)"},"content":{"rendered":"<p><strong>M\u00fcsl\u00fcm G\u00fcrses &#8211; Gitme (Plak)<\/strong><\/p>\n<p><strong>A Y\u00fcz\u00fc:<\/strong><\/p>\n<ol>\n<li>Haberimiz Yok\n<p>S\u00f6z: Halit \u00c7eliko\u011flu\u00a0 \u00a0 M\u00fczik: Yavuz Taner<\/li>\n<li>Hakk\u0131n\u0131 Helal Eyle<br \/>\nS\u00f6z: Ali Tekint\u00fcre\u00a0 \u00a0 M\u00fczik: Yavuz Taner<\/li>\n<li>Gitme\n<p>S\u00f6z: Ali Tekint\u00fcre\u00a0 \u00a0 M\u00fczik: Yavuz Taner<\/li>\n<li>D\u00fcnya\n<p>S\u00f6z: Ali Tekint\u00fcre\u00a0 \u00a0 M\u00fczik: Yavuz Taner<\/li>\n<li>Bir Mana Var S\u00f6zlerinde<br \/>\nS\u00f6z: Vural \u015eahin &#8211; Ali Tekint\u00fcre\u00a0 \u00a0 M\u00fczik: Yavuz Taner<\/li>\n<\/ol>\n<p><strong>B Y\u00fcz\u00fc:<\/strong><\/p>\n<ol>\n<li>Bir Kad\u0131n Tan\u0131d\u0131m<br \/>\nS\u00f6z: Halit \u00c7eliko\u011flu\u00a0 \u00a0M\u00fczik: Atilla Alpsakarya<\/li>\n<li>Can\u0131m Dediklerim<br \/>\nS\u00f6z: Ali Tekint\u00fcre\u00a0 \u00a0 M\u00fczik: Yavuz Taner<\/li>\n<li>Akl\u0131 Yok<br \/>\nS\u00f6z: Ali Tekint\u00fcre\u00a0 \u00a0 M\u00fczik: Yavuz Taner<\/li>\n<li>Damla Damla<br \/>\nS\u00f6z: Ali Tekint\u00fcre\u00a0 \u00a0 M\u00fczik: Yavuz Taner<\/li>\n<li>Silinmiyor Hat\u0131ralar<br \/>\nS\u00f6z ve M\u00fczik. R\u00fc\u015ft\u00fc Demirci<\/li>\n<\/ol>\n","protected":false},"excerpt":{"rendered":"<p>M\u00fcsl\u00fcm G\u00fcrses &#8211; Gitme (Plak) A Y\u00fcz\u00fc: Haberimiz Yok S\u00f6z: Halit \u00c7eliko\u011flu\u00a0 \u00a0 M\u00fczik: Yavuz Taner Hakk\u0131n\u0131 Helal Eyle S\u00f6z: Ali Tekint\u00fcre\u00a0 \u00a0 M\u00fczik: Yavuz Taner Gitme S\u00f6z: Ali Tekint\u00fcre\u00a0<\/p>\n","protected":false},"featured_media":863,"comment_status":"open","ping_status":"closed","template":"","meta":[],"product_cat":[173],"product_tag":[192,191,188,190],"class_list":{"0":"post-861","1":"product","2":"type-product","3":"status-publish","4":"has-post-thumbnail","6":"product_cat-vinyl","7":"product_tag-gitme","8":"product_tag-lp","9":"product_tag-muslum-gurses","10":"product_tag-vinyl","12":"first","13":"instock","14":"shipping-taxable","15":"purchasable","16":"product-type-simple"},"_links":{"self":[{"href":"https:\/\/www.vintape.org\/index.php?rest_route=\/wp\/v2\/product\/861","targetHints":{"allow":["GET"]}}],"collection":[{"href":"https:\/\/www.vintape.org\/index.php?rest_route=\/wp\/v2\/product"}],"about":[{"href":"https:\/\/www.vintape.org\/index.php?rest_route=\/wp\/v2\/types\/product"}],"replies":[{"embeddable":true,"href":"https:\/\/www.vintape.org\/index.php?rest_route=%2Fwp%2Fv2%2Fcomments&post=861"}],"version-history":[{"count":0,"href":"https:\/\/www.vintape.org\/index.php?rest_route=\/wp\/v2\/product\/861\/revisions"}],"wp:featuredmedia":[{"embeddable":true,"href":"https:\/\/www.vintape.org\/index.php?rest_route=\/wp\/v2\/media\/863"}],"wp:attachment":[{"href":"https:\/\/www.vintape.org\/index.php?rest_route=%2Fwp%2Fv2%2Fmedia&parent=861"}],"wp:term":[{"taxonomy":"product_cat","embeddable":true,"href":"https:\/\/www.vintape.org\/index.php?rest_route=%2Fwp%2Fv2%2Fproduct_cat&post=861"},{"taxonomy":"product_tag","embeddable":true,"href":"https:\/\/www.vintape.org\/index.php?rest_route=%2Fwp%2Fv2%2Fproduct_tag&post=861"}],"curies":[{"name":"wp","href":"https:\/\/api.w.org\/{rel}","templated":true}]}}