{"id":853,"date":"2022-12-17T22:49:36","date_gmt":"2022-12-17T21:49:36","guid":{"rendered":"https:\/\/www.vintape.org\/?post_type=product&#038;p=853"},"modified":"2023-01-02T13:52:55","modified_gmt":"2023-01-02T12:52:55","slug":"muslum-gurses-kuskunum-lp","status":"publish","type":"product","link":"https:\/\/www.vintape.org\/?product=muslum-gurses-kuskunum-lp","title":{"rendered":"M\u00fcsl\u00fcm G\u00fcrses &#8211; K\u00fcsk\u00fcn\u00fcm (LP)"},"content":{"rendered":"<div><strong>M\u00fcsl\u00fcm G\u00fcrses \u2013 K\u00fcsk\u00fcn\u00fcm<\/strong><\/div>\n<div><\/div>\n<div><strong>Plak Par\u00e7a Listesi:<\/strong><\/div>\n<div><strong>A1 \u2013 K\u00fcsk\u00fcn\u00fcm<\/strong><\/div>\n<div><strong>A2 \u2013 Seni Yazd\u0131m<\/strong><\/div>\n<div><strong>A3 \u2013 Bir Anda<\/strong><\/div>\n<div><strong>A4 \u2013 Topraklara G\u00f6mece\u011fim<\/strong><\/div>\n<div><strong>A5 \u2013 Kolay\u00a0<\/strong><\/div>\n<div><\/div>\n<div><strong>B1 \u2013 Hasret R\u00fczgarlar\u0131<\/strong><\/div>\n<div><strong>B2 \u2013 Seni Kalbime G\u00f6md\u00fcm<\/strong><\/div>\n<div><strong>B3 \u2013 Unutamad\u0131m<\/strong><\/div>\n<div><strong>B4 \u2013 Ne Yaps\u0131n<\/strong><\/div>\n<div><strong>B5 \u2013 Sahte Dostlar<\/strong><\/div>\n","protected":false},"excerpt":{"rendered":"<p>M\u00fcsl\u00fcm G\u00fcrses \u2013 K\u00fcsk\u00fcn\u00fcm Plak Par\u00e7a Listesi: A1 \u2013 K\u00fcsk\u00fcn\u00fcm A2 \u2013 Seni Yazd\u0131m A3 \u2013 Bir Anda A4 \u2013 Topraklara G\u00f6mece\u011fim A5 \u2013 Kolay\u00a0 B1 \u2013 Hasret R\u00fczgarlar\u0131 B2<\/p>\n","protected":false},"featured_media":857,"comment_status":"open","ping_status":"closed","template":"","meta":[],"product_cat":[173],"product_tag":[189,191,188,190],"class_list":{"0":"post-853","1":"product","2":"type-product","3":"status-publish","4":"has-post-thumbnail","6":"product_cat-vinyl","7":"product_tag-kuskunum","8":"product_tag-lp","9":"product_tag-muslum-gurses","10":"product_tag-vinyl","12":"first","13":"outofstock","14":"shipping-taxable","15":"purchasable","16":"product-type-simple"},"_links":{"self":[{"href":"https:\/\/www.vintape.org\/index.php?rest_route=\/wp\/v2\/product\/853","targetHints":{"allow":["GET"]}}],"collection":[{"href":"https:\/\/www.vintape.org\/index.php?rest_route=\/wp\/v2\/product"}],"about":[{"href":"https:\/\/www.vintape.org\/index.php?rest_route=\/wp\/v2\/types\/product"}],"replies":[{"embeddable":true,"href":"https:\/\/www.vintape.org\/index.php?rest_route=%2Fwp%2Fv2%2Fcomments&post=853"}],"version-history":[{"count":0,"href":"https:\/\/www.vintape.org\/index.php?rest_route=\/wp\/v2\/product\/853\/revisions"}],"wp:featuredmedia":[{"embeddable":true,"href":"https:\/\/www.vintape.org\/index.php?rest_route=\/wp\/v2\/media\/857"}],"wp:attachment":[{"href":"https:\/\/www.vintape.org\/index.php?rest_route=%2Fwp%2Fv2%2Fmedia&parent=853"}],"wp:term":[{"taxonomy":"product_cat","embeddable":true,"href":"https:\/\/www.vintape.org\/index.php?rest_route=%2Fwp%2Fv2%2Fproduct_cat&post=853"},{"taxonomy":"product_tag","embeddable":true,"href":"https:\/\/www.vintape.org\/index.php?rest_route=%2Fwp%2Fv2%2Fproduct_tag&post=853"}],"curies":[{"name":"wp","href":"https:\/\/api.w.org\/{rel}","templated":true}]}}