{"id":834,"date":"2022-12-03T12:37:24","date_gmt":"2022-12-03T11:37:24","guid":{"rendered":"https:\/\/www.vintape.org\/?post_type=product&#038;p=834"},"modified":"2023-02-15T00:51:00","modified_gmt":"2023-02-14T23:51:00","slug":"selda-bagcan-arsiv-4-box-set-3-cd-cd","status":"publish","type":"product","link":"https:\/\/www.vintape.org\/?product=selda-bagcan-arsiv-4-box-set-3-cd-cd","title":{"rendered":"Selda Ba\u011fcan &#8211; Ar\u015fiv 4 Box Set ( 3 CD ) (CD)"},"content":{"rendered":"<div>CD-1<\/div>\n<div>\n<ol>\n<li>U\u011fur&#8217;lar Olsun<\/li>\n<li>Pir Sultan \u00d6l\u00fcr Dirilir<\/li>\n<li>Gelek \u00c7ark\u0131n K\u0131r\u0131ls\u0131n<\/li>\n<li>Havaisin Deli G\u00f6n\u00fcl<\/li>\n<li>Feridem<\/li>\n<li>Vicdan Mahkemesi<\/li>\n<li>Anam Irgat,Babam Irgat<\/li>\n<li>Ben D\u00f6nmezem Yolumdan<\/li>\n<li>Karl\u0131 Da\u011flar<\/li>\n<li>Sorsunlar Beni<\/li>\n<li>Katipler Oturmu\u015f\/Ev \u015eahin Bak\u0131\u015fl\u0131m<\/li>\n<li>Ben Yana Yana<\/li>\n<\/ol>\n<\/div>\n<div>CD-2<\/div>\n<div>\n<ol>\n<li>Pop-Opera-Ko\u00e7ero 1<\/li>\n<li>Pop-Opera-Ko\u00e7ero 2<\/li>\n<li>Fadike<\/li>\n<li>Ekranda Can<\/li>\n<li>Pir Sultan \u00d6l\u00fcr Dirilir<\/li>\n<li>Vuruldum D\u00fc\u015ft\u00fcm Yere<\/li>\n<li>T\u00fcrk K\u00f6yl\u00fcs\u00fc<\/li>\n<li>Vicdan Mahkemesi<\/li>\n<\/ol>\n<\/div>\n<div>CD-3<\/div>\n<div>\n<ol>\n<li>G\u00fcvercinleri de Vurular<\/li>\n<li>Sar\u0131 Gelin<\/li>\n<li>Sevgilerde<\/li>\n<li>Ma\u011fusa Liman\u0131<\/li>\n<li>Bir Yetim T\u00fcrk\u00fcs\u00fc<\/li>\n<li>Halk\u0131m<\/li>\n<li>Sana Geldim Can<\/li>\n<li>Yanyana Olunca G\u00fczel<\/li>\n<li>Hene<\/li>\n<li>Yara M\u0131n e<\/li>\n<\/ol>\n<\/div>\n","protected":false},"excerpt":{"rendered":"<p>CD-1 U\u011fur&#8217;lar Olsun Pir Sultan \u00d6l\u00fcr Dirilir Gelek \u00c7ark\u0131n K\u0131r\u0131ls\u0131n Havaisin Deli G\u00f6n\u00fcl Feridem Vicdan Mahkemesi Anam Irgat,Babam Irgat Ben D\u00f6nmezem Yolumdan Karl\u0131 Da\u011flar Sorsunlar Beni Katipler Oturmu\u015f\/Ev \u015eahin Bak\u0131\u015fl\u0131m<\/p>\n","protected":false},"featured_media":835,"comment_status":"open","ping_status":"closed","template":"","meta":[],"product_cat":[175],"product_tag":[],"class_list":{"0":"post-834","1":"product","2":"type-product","3":"status-publish","4":"has-post-thumbnail","6":"product_cat-cd","8":"first","9":"instock","10":"shipping-taxable","11":"purchasable","12":"product-type-simple"},"_links":{"self":[{"href":"https:\/\/www.vintape.org\/index.php?rest_route=\/wp\/v2\/product\/834","targetHints":{"allow":["GET"]}}],"collection":[{"href":"https:\/\/www.vintape.org\/index.php?rest_route=\/wp\/v2\/product"}],"about":[{"href":"https:\/\/www.vintape.org\/index.php?rest_route=\/wp\/v2\/types\/product"}],"replies":[{"embeddable":true,"href":"https:\/\/www.vintape.org\/index.php?rest_route=%2Fwp%2Fv2%2Fcomments&post=834"}],"version-history":[{"count":0,"href":"https:\/\/www.vintape.org\/index.php?rest_route=\/wp\/v2\/product\/834\/revisions"}],"wp:featuredmedia":[{"embeddable":true,"href":"https:\/\/www.vintape.org\/index.php?rest_route=\/wp\/v2\/media\/835"}],"wp:attachment":[{"href":"https:\/\/www.vintape.org\/index.php?rest_route=%2Fwp%2Fv2%2Fmedia&parent=834"}],"wp:term":[{"taxonomy":"product_cat","embeddable":true,"href":"https:\/\/www.vintape.org\/index.php?rest_route=%2Fwp%2Fv2%2Fproduct_cat&post=834"},{"taxonomy":"product_tag","embeddable":true,"href":"https:\/\/www.vintape.org\/index.php?rest_route=%2Fwp%2Fv2%2Fproduct_tag&post=834"}],"curies":[{"name":"wp","href":"https:\/\/api.w.org\/{rel}","templated":true}]}}