{"id":812,"date":"2022-12-01T23:16:13","date_gmt":"2022-12-01T22:16:13","guid":{"rendered":"https:\/\/www.vintape.org\/?post_type=product&#038;p=812"},"modified":"2026-04-22T02:53:52","modified_gmt":"2026-04-22T01:53:52","slug":"muslum-gurses-zalim-bir-bilebilsen-lp","status":"publish","type":"product","link":"https:\/\/www.vintape.org\/?product=muslum-gurses-zalim-bir-bilebilsen-lp","title":{"rendered":"M\u00fcsl\u00fcm G\u00fcrses &#8211; Zalim &#8211; Bir Bilebilsen (LP)"},"content":{"rendered":"<div><strong>A Y\u00fcz\u00fc:<\/strong><\/div>\n<div><\/div>\n<div><strong>1- Zalim<\/strong><\/div>\n<div><strong>2- Bir Bilebilsen<\/strong><\/div>\n<div><strong>3- Bizi Kimse Ay\u0131ramaz<\/strong><\/div>\n<div><strong>4- Ka\u00e7ma G\u00fcl\u00fcm<\/strong><\/div>\n<div><strong>5- Sev Bir Daha<\/strong><\/div>\n<div><\/div>\n<div><strong>B Y\u00fcz\u00fc:<\/strong><\/div>\n<div><\/div>\n<div><strong>1- Gurbet Geceleri<\/strong><\/div>\n<div><strong>2- Elimde De\u011fil<\/strong><\/div>\n<div><strong>3- Bebe\u011fim<\/strong><\/div>\n<div><strong>4- Mapushane<\/strong><\/div>\n<div><strong>5- Tatl\u0131 Dillim<\/strong><\/div>\n","protected":false},"excerpt":{"rendered":"<p>A Y\u00fcz\u00fc: 1- Zalim 2- Bir Bilebilsen 3- Bizi Kimse Ay\u0131ramaz 4- Ka\u00e7ma G\u00fcl\u00fcm 5- Sev Bir Daha B Y\u00fcz\u00fc: 1- Gurbet Geceleri 2- Elimde De\u011fil 3- Bebe\u011fim 4- Mapushane<\/p>\n","protected":false},"featured_media":814,"comment_status":"open","ping_status":"closed","template":"","meta":[],"product_cat":[173],"product_tag":[],"class_list":{"0":"post-812","1":"product","2":"type-product","3":"status-publish","4":"has-post-thumbnail","6":"product_cat-vinyl","8":"first","9":"instock","10":"shipping-taxable","11":"purchasable","12":"product-type-simple"},"_links":{"self":[{"href":"https:\/\/www.vintape.org\/index.php?rest_route=\/wp\/v2\/product\/812","targetHints":{"allow":["GET"]}}],"collection":[{"href":"https:\/\/www.vintape.org\/index.php?rest_route=\/wp\/v2\/product"}],"about":[{"href":"https:\/\/www.vintape.org\/index.php?rest_route=\/wp\/v2\/types\/product"}],"replies":[{"embeddable":true,"href":"https:\/\/www.vintape.org\/index.php?rest_route=%2Fwp%2Fv2%2Fcomments&post=812"}],"version-history":[{"count":0,"href":"https:\/\/www.vintape.org\/index.php?rest_route=\/wp\/v2\/product\/812\/revisions"}],"wp:featuredmedia":[{"embeddable":true,"href":"https:\/\/www.vintape.org\/index.php?rest_route=\/wp\/v2\/media\/814"}],"wp:attachment":[{"href":"https:\/\/www.vintape.org\/index.php?rest_route=%2Fwp%2Fv2%2Fmedia&parent=812"}],"wp:term":[{"taxonomy":"product_cat","embeddable":true,"href":"https:\/\/www.vintape.org\/index.php?rest_route=%2Fwp%2Fv2%2Fproduct_cat&post=812"},{"taxonomy":"product_tag","embeddable":true,"href":"https:\/\/www.vintape.org\/index.php?rest_route=%2Fwp%2Fv2%2Fproduct_tag&post=812"}],"curies":[{"name":"wp","href":"https:\/\/api.w.org\/{rel}","templated":true}]}}