{"id":685,"date":"2021-09-29T17:59:55","date_gmt":"2021-09-29T16:59:55","guid":{"rendered":"https:\/\/www.vintape.org\/?post_type=product&#038;p=685"},"modified":"2026-04-22T02:52:36","modified_gmt":"2026-04-22T01:52:36","slug":"dusunbil-sayi-103","status":"publish","type":"product","link":"https:\/\/www.vintape.org\/?product=dusunbil-sayi-103","title":{"rendered":"D\u00fc\u015f\u00fcnbil Say\u0131 103"},"content":{"rendered":"<div class=\"_2cuy _3dgx\">\n<div class=\"_1mf _1mj\">\n<div class=\"_2cuy _3dgx\">\n<div class=\"_1mf _1mj\">\n<div class=\"_2cuy _3dgx\">\n<div class=\"_1mf _1mj\">\n<div class=\"_2cuy _3dgx\">\n<div class=\"_1mf _1mj\">\n<div class=\"_2cuy _3dgx\">\n<div class=\"_1mf _1mj\">\n<div class=\"_2cuy _3dgx\">\n<div class=\"_1mf _1mj\">\n<div class=\"_2cuy _3dgx\">\n<div class=\"_1mf _1mj\">\n<div class=\"_2cuy _3dgx\">\n<div class=\"_1mf _1mj\">\n<div class=\"_2cuy _3dgx\">\n<div class=\"_1mf _1mj\">\n<div class=\"_2cuy _3dgx\">\n<div class=\"_1mf _1mj\">\n<div class=\"_2cuy _3dgx\">\n<div class=\"_1mf _1mj\">\n<div class=\"_2cuy _3dgx\">\n<div class=\"_1mf _1mj\">\n<div class=\"_2cuy _3dgx\">\n<div class=\"_1mf _1mj\">\n<div class=\"_2cuy _3dgx\">\n<div class=\"_1mf _1mj\">\n<div class=\"_2cuy _3dgx\">\n<div class=\"_1mf _1mj\">\n<div class=\"_2cuy _3dgx\">\n<div class=\"_1mf _1mj\">\n<div class=\"_2cuy _3dgx\">\n<div class=\"_1mf _1mj\">\n<div class=\"_2cuy _3dgx\">\n<div class=\"_1mf _1mj\">\n<div class=\"_2cuy _3dgx\">\n<div class=\"_1mf _1mj\">\n<div class=\"_2cuy _3dgx\">\n<div class=\"_1mf _1mj\">\n<div class=\"_2cuy _3dgx\">\n<div class=\"_1mf _1mj\">\n<div class=\"_2cuy _3dgx\">\n<div class=\"_1mf _1mj\">\n<div class=\"_2cuy _3dgx\">\n<div class=\"_1mf _1mj\">\n<div class=\"_2cuy _3dgx\">\n<div class=\"_1mf _1mj\">\n<div class=\"_2cuy _3dgx\">\n<div class=\"_1mf _1mj\">\n<div class=\"_2cuy _3dgx\">\n<div class=\"_1mf _1mj\">\n<div class=\"_2cuy _3dgx\">\n<div class=\"_1mf _1mj\">\n<div class=\"_2cuy _3dgx\">\n<div class=\"_1mf _1mj\">\n<div class=\"_2cuy _3dgx\">\n<div class=\"_1mf _1mj\">\n<div class=\"_2cuy _3dgx\">\n<div class=\"_1mf _1mj\">\n<div class=\"_2cuy _3dgx\">\n<div class=\"_1mf _1mj\">\n<div class=\"_2cuy _3dgx\">\n<div class=\"_1mf _1mj\">\n<div class=\"_2cuy _3dgx\">\n<div class=\"_1mf _1mj\">\n<div class=\"_2cuy _3dgx\">\n<div class=\"_1mf _1mj\">\n<div class=\"_2cuy _3dgx\">\n<div class=\"_1mf _1mj\">\n<div class=\"_2cuy _3dgx\">\n<div class=\"_1mf _1mj\">\n<div class=\"_2cuy _3dgx\">\n<div class=\"_1mf _1mj\">\n<div class=\"_2cuy _3dgx\">\n<div class=\"_1mf _1mj\">\n<div class=\"_2cuy _3dgx\">\n<div class=\"_1mf _1mj\">\n<div class=\"_2cuy _3dgx\">\n<div class=\"_1mf _1mj\">\n<div><strong>\u0130\u00c7\u0130NDEK\u0130LER<\/strong><\/div>\n<div><\/div>\n<div>\n<p><strong>Olumlu \u0130\u011fren\u00e7li\u011fin Estetik Olas\u0131l\u0131\u011f\u0131<\/strong><br \/>\nNecmi Kark\u0131n<\/p>\n<p><strong>Estetik Alg\u0131 ve Empati Geli\u015fimi<\/strong><br \/>\nEda Keskin<\/p>\n<p><strong>Arkaik D\u00f6nem Heykel Sanat\u0131nda<\/strong><br \/>\n<strong>G\u00fczel ve \u0130deal Olan Aray\u0131\u015f\u0131<\/strong><br \/>\nSinem \u00c7ak\u0131r<\/p>\n<p><strong>Senin Esteti\u011fin, Benim Kayg\u0131m<\/strong><br \/>\nSelin Kayaalpl\u0131<\/p>\n<p><strong>M\u00fczikteki Estetik Alg\u0131s\u0131n\u0131n<\/strong><br \/>\n<strong>Y\u00f6resel De\u011fi\u015fimi ve Etnom\u00fczikoloji<\/strong><br \/>\n\u015eimal Albayrak<\/p>\n<p><strong>Sanat Nedir? G\u00fczellik Nedir?<\/strong><br \/>\nDerleme<\/p>\n<p><strong>Sanat ve \u0130fade \u00d6zg\u00fcrl\u00fc\u011f\u00fc<\/strong><br \/>\nDeeyah Khan<\/p>\n<p><strong>Sosyal Medyan\u0131n G\u00fczellik\/Beden Alg\u0131s\u0131na Etkisi<\/strong><br \/>\nHilal \u00dclk\u00fc Per\u00e7em<\/p>\n<p><strong>Sanatta Kad\u0131nlar\u0131n K\u0131sa Tarihi<\/strong><br \/>\nCamille Gajewski<\/p>\n<p><strong>Bir Sosyal Medya Etkisi:<\/strong><br \/>\n<strong>Be\u011fenilme Kayg\u0131s\u0131<\/strong><br \/>\n\u0130rem G\u00fcl\u015fen Ko\u00e7er<\/p>\n<\/div>\n<\/div>\n<\/div>\n<\/div>\n<\/div>\n<\/div>\n<\/div>\n<\/div>\n<\/div>\n<\/div>\n<\/div>\n<\/div>\n<\/div>\n<\/div>\n<\/div>\n<\/div>\n<\/div>\n<\/div>\n<\/div>\n<\/div>\n<\/div>\n<\/div>\n<\/div>\n<\/div>\n<\/div>\n<\/div>\n<\/div>\n<\/div>\n<\/div>\n<\/div>\n<\/div>\n<\/div>\n<\/div>\n<\/div>\n<\/div>\n<\/div>\n<\/div>\n<\/div>\n<\/div>\n<\/div>\n<\/div>\n<\/div>\n<\/div>\n<\/div>\n<\/div>\n<\/div>\n<\/div>\n<\/div>\n<\/div>\n<\/div>\n<\/div>\n<\/div>\n<\/div>\n<\/div>\n<\/div>\n<\/div>\n<\/div>\n<\/div>\n<\/div>\n<\/div>\n<\/div>\n<\/div>\n<\/div>\n<\/div>\n<\/div>\n<\/div>\n<\/div>\n<\/div>\n<\/div>\n<\/div>\n<\/div>\n<\/div>\n<\/div>\n<\/div>\n<\/div>\n<\/div>\n<\/div>\n<\/div>\n<\/div>\n<\/div>\n<\/div>\n","protected":false},"excerpt":{"rendered":"<p>\u0130\u00c7\u0130NDEK\u0130LER Olumlu \u0130\u011fren\u00e7li\u011fin Estetik Olas\u0131l\u0131\u011f\u0131 Necmi Kark\u0131n Estetik Alg\u0131 ve Empati Geli\u015fimi Eda Keskin Arkaik D\u00f6nem Heykel Sanat\u0131nda G\u00fczel ve \u0130deal Olan Aray\u0131\u015f\u0131 Sinem \u00c7ak\u0131r Senin Esteti\u011fin, Benim Kayg\u0131m Selin<\/p>\n","protected":false},"featured_media":686,"comment_status":"open","ping_status":"closed","template":"","meta":[],"product_cat":[21],"product_tag":[24,26,171,25,108,170],"class_list":{"0":"post-685","1":"product","2":"type-product","3":"status-publish","4":"has-post-thumbnail","6":"product_cat-magazine","7":"product_tag-dusunbil","8":"product_tag-dusunce","9":"product_tag-estetik","10":"product_tag-felsefe","11":"product_tag-filozof","12":"product_tag-sanat","14":"first","15":"instock","16":"shipping-taxable","17":"purchasable","18":"product-type-simple"},"_links":{"self":[{"href":"https:\/\/www.vintape.org\/index.php?rest_route=\/wp\/v2\/product\/685","targetHints":{"allow":["GET"]}}],"collection":[{"href":"https:\/\/www.vintape.org\/index.php?rest_route=\/wp\/v2\/product"}],"about":[{"href":"https:\/\/www.vintape.org\/index.php?rest_route=\/wp\/v2\/types\/product"}],"replies":[{"embeddable":true,"href":"https:\/\/www.vintape.org\/index.php?rest_route=%2Fwp%2Fv2%2Fcomments&post=685"}],"version-history":[{"count":0,"href":"https:\/\/www.vintape.org\/index.php?rest_route=\/wp\/v2\/product\/685\/revisions"}],"wp:featuredmedia":[{"embeddable":true,"href":"https:\/\/www.vintape.org\/index.php?rest_route=\/wp\/v2\/media\/686"}],"wp:attachment":[{"href":"https:\/\/www.vintape.org\/index.php?rest_route=%2Fwp%2Fv2%2Fmedia&parent=685"}],"wp:term":[{"taxonomy":"product_cat","embeddable":true,"href":"https:\/\/www.vintape.org\/index.php?rest_route=%2Fwp%2Fv2%2Fproduct_cat&post=685"},{"taxonomy":"product_tag","embeddable":true,"href":"https:\/\/www.vintape.org\/index.php?rest_route=%2Fwp%2Fv2%2Fproduct_tag&post=685"}],"curies":[{"name":"wp","href":"https:\/\/api.w.org\/{rel}","templated":true}]}}