{"id":682,"date":"2021-08-26T23:41:17","date_gmt":"2021-08-26T22:41:17","guid":{"rendered":"https:\/\/www.vintape.org\/?post_type=product&#038;p=682"},"modified":"2026-03-18T14:45:15","modified_gmt":"2026-03-18T13:45:15","slug":"dusunbil-sayi-102","status":"publish","type":"product","link":"https:\/\/www.vintape.org\/?product=dusunbil-sayi-102","title":{"rendered":"D\u00fc\u015f\u00fcnbil Say\u0131 102"},"content":{"rendered":"<div class=\"_2cuy _3dgx\">\n<div class=\"_1mf _1mj\">\n<div class=\"_2cuy _3dgx\">\n<div class=\"_1mf _1mj\">\n<div class=\"_2cuy _3dgx\">\n<div class=\"_1mf _1mj\">\n<div class=\"_2cuy _3dgx\">\n<div class=\"_1mf _1mj\">\n<div class=\"_2cuy _3dgx\">\n<div class=\"_1mf _1mj\">\n<div class=\"_2cuy _3dgx\">\n<div class=\"_1mf _1mj\">\n<div class=\"_2cuy _3dgx\">\n<div class=\"_1mf _1mj\">\n<div class=\"_2cuy _3dgx\">\n<div class=\"_1mf _1mj\">\n<div class=\"_2cuy _3dgx\">\n<div class=\"_1mf _1mj\">\n<div class=\"_2cuy _3dgx\">\n<div class=\"_1mf _1mj\">\n<div class=\"_2cuy _3dgx\">\n<div class=\"_1mf _1mj\">\n<div class=\"_2cuy _3dgx\">\n<div class=\"_1mf _1mj\">\n<div class=\"_2cuy _3dgx\">\n<div class=\"_1mf _1mj\">\n<div class=\"_2cuy _3dgx\">\n<div class=\"_1mf _1mj\">\n<div class=\"_2cuy _3dgx\">\n<div class=\"_1mf _1mj\">\n<div class=\"_2cuy _3dgx\">\n<div class=\"_1mf _1mj\">\n<div class=\"_2cuy _3dgx\">\n<div class=\"_1mf _1mj\">\n<div class=\"_2cuy _3dgx\">\n<div class=\"_1mf _1mj\">\n<div class=\"_2cuy _3dgx\">\n<div class=\"_1mf _1mj\">\n<div class=\"_2cuy _3dgx\">\n<div class=\"_1mf _1mj\">\n<div class=\"_2cuy _3dgx\">\n<div class=\"_1mf _1mj\">\n<div class=\"_2cuy _3dgx\">\n<div class=\"_1mf _1mj\">\n<div class=\"_2cuy _3dgx\">\n<div class=\"_1mf _1mj\">\n<div class=\"_2cuy _3dgx\">\n<div class=\"_1mf _1mj\">\n<div class=\"_2cuy _3dgx\">\n<div class=\"_1mf _1mj\">\n<div class=\"_2cuy _3dgx\">\n<div class=\"_1mf _1mj\">\n<div class=\"_2cuy _3dgx\">\n<div class=\"_1mf _1mj\">\n<div class=\"_2cuy _3dgx\">\n<div class=\"_1mf _1mj\">\n<div class=\"_2cuy _3dgx\">\n<div class=\"_1mf _1mj\">\n<div class=\"_2cuy _3dgx\">\n<div class=\"_1mf _1mj\">\n<div class=\"_2cuy _3dgx\">\n<div class=\"_1mf _1mj\">\n<div class=\"_2cuy _3dgx\">\n<div class=\"_1mf _1mj\">\n<div class=\"_2cuy _3dgx\">\n<div class=\"_1mf _1mj\">\n<div class=\"_2cuy _3dgx\">\n<div class=\"_1mf _1mj\">\n<div class=\"_2cuy _3dgx\">\n<div class=\"_1mf _1mj\">\n<div class=\"_2cuy _3dgx\">\n<div class=\"_1mf _1mj\">\n<div class=\"_2cuy _3dgx\">\n<div class=\"_1mf _1mj\">\n<div class=\"_2cuy _3dgx\">\n<div class=\"_1mf _1mj\">\n<div class=\"_2cuy _3dgx\">\n<div class=\"_1mf _1mj\">\n<div class=\"_2cuy _3dgx\">\n<div class=\"_1mf _1mj\">\n<div><strong>\u0130\u00c7\u0130NDEK\u0130LER<\/strong><\/div>\n<div><\/div>\n<div>\n<div><b>Sokrates<\/b><\/div>\n<div>Joshua J. Mark<\/div>\n<div><\/div>\n<div><b>Platon<\/b><\/div>\n<div>Joshua J. Mark<\/div>\n<div><\/div>\n<div><b>Jean-Jacques Rousseau<\/b><\/div>\n<div>Theo Hobson<\/div>\n<div><\/div>\n<div><b>Wittgenstein<\/b><\/div>\n<div>Mark Cain<\/div>\n<div><\/div>\n<div><b>Thoms Kuhn<\/b><\/div>\n<div>Will Bouwman<\/div>\n<div><\/div>\n<div><b>Nietzsche<\/b><\/div>\n<div>Stefan Lorenz Sorgner<\/div>\n<div><\/div>\n<div><b>Jean-Paul Sartre<\/b><\/div>\n<div>SparkNotes<\/div>\n<div><\/div>\n<div><b>J\u00fcrgen Habermas<\/b><\/div>\n<div>Michael Geyer<\/div>\n<div><\/div>\n<div><b>Walter Benjamin<\/b><\/div>\n<div>Ray Monk<\/div>\n<div><\/div>\n<div><b>Henry David Thoreau<\/b><\/div>\n<p>Martin Jenkins<\/p><\/div>\n<\/div>\n<\/div>\n<\/div>\n<\/div>\n<\/div>\n<\/div>\n<\/div>\n<\/div>\n<\/div>\n<\/div>\n<\/div>\n<\/div>\n<\/div>\n<\/div>\n<\/div>\n<\/div>\n<\/div>\n<\/div>\n<\/div>\n<\/div>\n<\/div>\n<\/div>\n<\/div>\n<\/div>\n<\/div>\n<\/div>\n<\/div>\n<\/div>\n<\/div>\n<\/div>\n<\/div>\n<\/div>\n<\/div>\n<\/div>\n<\/div>\n<\/div>\n<\/div>\n<\/div>\n<\/div>\n<\/div>\n<\/div>\n<\/div>\n<\/div>\n<\/div>\n<\/div>\n<\/div>\n<\/div>\n<\/div>\n<\/div>\n<\/div>\n<\/div>\n<\/div>\n<\/div>\n<\/div>\n<\/div>\n<\/div>\n<\/div>\n<\/div>\n<\/div>\n<\/div>\n<\/div>\n<\/div>\n<\/div>\n<\/div>\n<\/div>\n<\/div>\n<\/div>\n<\/div>\n<\/div>\n<\/div>\n<\/div>\n<\/div>\n<\/div>\n<\/div>\n<\/div>\n<\/div>\n<\/div>\n<\/div>\n<\/div>\n<\/div>\n","protected":false},"excerpt":{"rendered":"<p>\u0130\u00c7\u0130NDEK\u0130LER Sokrates Joshua J. Mark Platon Joshua J. Mark Jean-Jacques Rousseau Theo Hobson Wittgenstein Mark Cain Thoms Kuhn Will Bouwman Nietzsche Stefan Lorenz Sorgner Jean-Paul Sartre SparkNotes J\u00fcrgen Habermas Michael<\/p>\n","protected":false},"featured_media":683,"comment_status":"open","ping_status":"closed","template":"","meta":[],"product_cat":[21],"product_tag":[169,24,26,168,25,108],"class_list":{"0":"post-682","1":"product","2":"type-product","3":"status-publish","4":"has-post-thumbnail","6":"product_cat-magazine","7":"product_tag-biyografi","8":"product_tag-dusunbil","9":"product_tag-dusunce","10":"product_tag-dusunur","11":"product_tag-felsefe","12":"product_tag-filozof","14":"first","15":"outofstock","16":"shipping-taxable","17":"purchasable","18":"product-type-simple"},"_links":{"self":[{"href":"https:\/\/www.vintape.org\/index.php?rest_route=\/wp\/v2\/product\/682","targetHints":{"allow":["GET"]}}],"collection":[{"href":"https:\/\/www.vintape.org\/index.php?rest_route=\/wp\/v2\/product"}],"about":[{"href":"https:\/\/www.vintape.org\/index.php?rest_route=\/wp\/v2\/types\/product"}],"replies":[{"embeddable":true,"href":"https:\/\/www.vintape.org\/index.php?rest_route=%2Fwp%2Fv2%2Fcomments&post=682"}],"version-history":[{"count":0,"href":"https:\/\/www.vintape.org\/index.php?rest_route=\/wp\/v2\/product\/682\/revisions"}],"wp:featuredmedia":[{"embeddable":true,"href":"https:\/\/www.vintape.org\/index.php?rest_route=\/wp\/v2\/media\/683"}],"wp:attachment":[{"href":"https:\/\/www.vintape.org\/index.php?rest_route=%2Fwp%2Fv2%2Fmedia&parent=682"}],"wp:term":[{"taxonomy":"product_cat","embeddable":true,"href":"https:\/\/www.vintape.org\/index.php?rest_route=%2Fwp%2Fv2%2Fproduct_cat&post=682"},{"taxonomy":"product_tag","embeddable":true,"href":"https:\/\/www.vintape.org\/index.php?rest_route=%2Fwp%2Fv2%2Fproduct_tag&post=682"}],"curies":[{"name":"wp","href":"https:\/\/api.w.org\/{rel}","templated":true}]}}