{"id":680,"date":"2021-08-26T23:39:41","date_gmt":"2021-08-26T22:39:41","guid":{"rendered":"https:\/\/www.vintape.org\/?post_type=product&#038;p=680"},"modified":"2026-04-13T15:10:23","modified_gmt":"2026-04-13T14:10:23","slug":"dusunbil-sayi-101","status":"publish","type":"product","link":"https:\/\/www.vintape.org\/?product=dusunbil-sayi-101","title":{"rendered":"D\u00fc\u015f\u00fcnbil Say\u0131 101"},"content":{"rendered":"<div class=\"_2cuy _3dgx\">\n<div class=\"_1mf _1mj\">\n<div class=\"_2cuy _3dgx\">\n<div class=\"_1mf _1mj\">\n<div class=\"_2cuy _3dgx\">\n<div class=\"_1mf _1mj\">\n<div class=\"_2cuy _3dgx\">\n<div class=\"_1mf _1mj\">\n<div class=\"_2cuy _3dgx\">\n<div class=\"_1mf _1mj\">\n<div class=\"_2cuy _3dgx\">\n<div class=\"_1mf _1mj\">\n<div class=\"_2cuy _3dgx\">\n<div class=\"_1mf _1mj\">\n<div class=\"_2cuy _3dgx\">\n<div class=\"_1mf _1mj\">\n<div class=\"_2cuy _3dgx\">\n<div class=\"_1mf _1mj\">\n<div class=\"_2cuy _3dgx\">\n<div class=\"_1mf _1mj\">\n<div class=\"_2cuy _3dgx\">\n<div class=\"_1mf _1mj\">\n<div class=\"_2cuy _3dgx\">\n<div class=\"_1mf _1mj\">\n<div class=\"_2cuy _3dgx\">\n<div class=\"_1mf _1mj\">\n<div class=\"_2cuy _3dgx\">\n<div class=\"_1mf _1mj\">\n<div class=\"_2cuy _3dgx\">\n<div class=\"_1mf _1mj\">\n<div class=\"_2cuy _3dgx\">\n<div class=\"_1mf _1mj\">\n<div class=\"_2cuy _3dgx\">\n<div class=\"_1mf _1mj\">\n<div class=\"_2cuy _3dgx\">\n<div class=\"_1mf _1mj\">\n<div class=\"_2cuy _3dgx\">\n<div class=\"_1mf _1mj\">\n<p><span style=\"color: #000000;\"><strong>\u0130\u00c7\u0130NDEK\u0130LER<\/strong><\/span><\/p>\n<div class=\"_2cuy _3dgx\">\n<div class=\"_1mf _1mj\">\n<div class=\"_2cuy _3dgx\">\n<div class=\"_1mf _1mj\">\n<div class=\"_2cuy _3dgx\">\n<div class=\"_1mf _1mj\">\n<div class=\"_2cuy _3dgx\">\n<div class=\"_1mf _1mj\">\n<div class=\"_2cuy _3dgx\">\n<div class=\"_1mf _1mj\">\n<div class=\"_2cuy _3dgx\">\n<div class=\"_1mf _1mj\">\n<div class=\"_2cuy _3dgx\">\n<div class=\"_1mf _1mj\">\n<div class=\"_2cuy _3dgx\">\n<div class=\"_1mf _1mj\">\n<div class=\"_2cuy _3dgx\">\n<div class=\"_1mf _1mj\">\n<div class=\"_2cuy _3dgx\">\n<div class=\"_1mf _1mj\">\n<div class=\"_2cuy _3dgx\">\n<div class=\"_1mf _1mj\">\n<div class=\"_2cuy _3dgx\">\n<div class=\"_1mf _1mj\">\n<div class=\"_2cuy _3dgx\">\n<div class=\"_1mf _1mj\">\n<div class=\"_2cuy _3dgx\">\n<div class=\"_1mf _1mj\">\n<div class=\"_2cuy _3dgx\">\n<div class=\"_1mf _1mj\">\n<div class=\"_2cuy _3dgx\">\n<div class=\"_1mf _1mj\">\n<div class=\"_2cuy _3dgx\">\n<div class=\"_1mf _1mj\">\n<div class=\"_2cuy _3dgx\">\n<div class=\"_1mf _1mj\">\n<div class=\"_2cuy _3dgx\">\n<div class=\"_1mf _1mj\">\n<div class=\"_2cuy _3dgx\">\n<div class=\"_1mf _1mj\">\n<div class=\"_2cuy _3dgx\">\n<div class=\"_1mf _1mj\">\n<div class=\"_2cuy _3dgx\">\n<div class=\"_1mf _1mj\">\n<div class=\"_2cuy _3dgx\">\n<div class=\"_1mf _1mj\">\n<div class=\"_2cuy _3dgx\">\n<div class=\"_1mf _1mj\">\n<div class=\"_2cuy _3dgx\">\n<div class=\"_1mf _1mj\">\n<div class=\"_2cuy _3dgx\">\n<div class=\"_1mf _1mj\">\n<div class=\"_2cuy _3dgx\">\n<div class=\"_1mf _1mj\">\n<div class=\"_2cuy _3dgx\">\n<div class=\"_1mf _1mj\">\n<div class=\"_2cuy _3dgx\">\n<div class=\"_1mf _1mj\">\n<div class=\"_2cuy _3dgx\">\n<div class=\"_1mf _1mj\">\n<div class=\"_2cuy _3dgx\">\n<div class=\"_1mf _1mj\">\n<div class=\"_2cuy _3dgx\">\n<div class=\"_1mf _1mj\">\n<div class=\"_2cuy _3dgx\">\n<div class=\"_1mf _1mj\">\n<div class=\"_2cuy _3dgx\">\n<div class=\"_1mf _1mj\">\n<div class=\"_2cuy _3dgx\">\n<div class=\"_1mf _1mj\">\n<div class=\"_2cuy _3dgx\">\n<div class=\"_1mf _1mj\">\n<div class=\"_2cuy _3dgx\">\n<div class=\"_1mf _1mj\">\n<div class=\"_2cuy _3dgx\">\n<div class=\"_1mf _1mj\">\n<div class=\"_2cuy _3dgx\">\n<div class=\"_1mf _1mj\">\n<div class=\"_2cuy _3dgx\">\n<div class=\"_1mf _1mj\">\n<div class=\"_2cuy _3dgx\">\n<div class=\"_1mf _1mj\">\n<div class=\"_2cuy _3dgx\">\n<div class=\"_1mf _1mj\">\n<div class=\"bi6gxh9e\" data-block=\"true\" data-editor=\"bhvhs\" data-offset-key=\"b76on-0-0\">\n<div class=\"_1mf _1mj\" data-offset-key=\"b76on-0-0\"><strong><span style=\"color: #000000;\">Agamben\u2019in Felsefesinde \u0130stisna Kavram\u0131 ve Politik Alan Belirlenimi<\/span><\/strong><\/div>\n<\/div>\n<div class=\"bi6gxh9e\" data-block=\"true\" data-editor=\"bhvhs\" data-offset-key=\"15bbh-0-0\">\n<div class=\"_1mf _1mj\" data-offset-key=\"15bbh-0-0\"><span style=\"color: #000000;\" data-offset-key=\"15bbh-0-0\">G\u00fcl Pa\u015fik<\/span><\/div>\n<\/div>\n<div class=\"bi6gxh9e\" data-block=\"true\" data-editor=\"bhvhs\" data-offset-key=\"3b04o-0-0\">\n<div class=\"_1mf _1mj\" data-offset-key=\"3b04o-0-0\"><span style=\"color: #000000;\" data-offset-key=\"3b04o-0-0\">\u00a0<\/span><\/div>\n<\/div>\n<div class=\"bi6gxh9e\" data-block=\"true\" data-editor=\"bhvhs\" data-offset-key=\"9kbso-0-0\">\n<div class=\"_1mf _1mj\" data-offset-key=\"9kbso-0-0\"><strong><span style=\"color: #000000;\" data-offset-key=\"9kbso-0-0\">Din \u00fc Devlet M\u00fclk \u00fc Milleti<\/span><\/strong><\/div>\n<\/div>\n<div class=\"bi6gxh9e\" data-block=\"true\" data-editor=\"bhvhs\" data-offset-key=\"ebs2g-0-0\">\n<div class=\"_1mf _1mj\" data-offset-key=\"ebs2g-0-0\"><span style=\"color: #000000;\" data-offset-key=\"ebs2g-0-0\">Mehmet Furkan \u00d6ren<\/span><\/div>\n<div class=\"_1mf _1mj\" data-offset-key=\"ebs2g-0-0\"><strong><span style=\"color: #000000;\" data-offset-key=\"4oclc-0-0\"><br \/>\nGeleneksel, Modern ve Postmodern Devlet Teorilerine 21. Y\u00fczy\u0131ldan Bak\u0131\u015f<\/span><\/strong><\/div>\n<\/div>\n<div class=\"bi6gxh9e\" data-block=\"true\" data-editor=\"bhvhs\" data-offset-key=\"bnfsu-0-0\">\n<div class=\"_1mf _1mj\" data-offset-key=\"bnfsu-0-0\"><span style=\"color: #000000;\" data-offset-key=\"bnfsu-0-0\">Ahmet Burhan Karaman<\/span><\/div>\n<div data-offset-key=\"bnfsu-0-0\"><span style=\"color: #000000;\">\u00a0<\/span><\/div>\n<\/div>\n<div class=\"bi6gxh9e\" data-block=\"true\" data-editor=\"bhvhs\" data-offset-key=\"cpm6v-0-0\">\n<div class=\"_1mf _1mj\" data-offset-key=\"cpm6v-0-0\"><strong><span style=\"color: #000000;\" data-offset-key=\"cpm6v-0-0\">Halk \u0130\u00e7in Devlet, Devlet \u0130\u00e7in Halk: Politik A\u00e7\u0131dan Devletin ve Egemen <\/span><span style=\"color: #000000;\">G\u00fcc\u00fcn S\u0131n\u0131rlar\u0131 Hobbes, Locke ve Rousseau<\/span><\/strong><\/div>\n<\/div>\n<div class=\"bi6gxh9e\" data-block=\"true\" data-editor=\"bhvhs\" data-offset-key=\"8p07j-0-0\">\n<div class=\"_1mf _1mj\" data-offset-key=\"8p07j-0-0\"><span style=\"color: #000000;\" data-offset-key=\"8p07j-0-0\">Muhammed \u0130dris Kayhan <\/span><\/div>\n<\/div>\n<div class=\"bi6gxh9e\" data-block=\"true\" data-editor=\"bhvhs\" data-offset-key=\"5koaj-0-0\">\n<div class=\"_1mf _1mj\" data-offset-key=\"5koaj-0-0\"><span style=\"color: #000000;\" data-offset-key=\"5koaj-0-0\">\u00a0<\/span><\/div>\n<\/div>\n<div class=\"bi6gxh9e\" data-block=\"true\" data-editor=\"bhvhs\" data-offset-key=\"ah1hr-0-0\">\n<div class=\"_1mf _1mj\" data-offset-key=\"ah1hr-0-0\"><strong><span style=\"color: #000000;\" data-offset-key=\"ah1hr-0-0\">Devletin ve Halk\u0131n Etik Varl\u0131\u011f\u0131 ve \u2018Ahlak\u2019 Yoksunlu\u011fu: <\/span><span style=\"color: #000000;\">Filozof Kral ve H\u0131rs\u0131z Kedi<\/span><\/strong><\/div>\n<\/div>\n<div class=\"bi6gxh9e\" data-block=\"true\" data-editor=\"bhvhs\" data-offset-key=\"6e2j1-0-0\">\n<div class=\"_1mf _1mj\" data-offset-key=\"6e2j1-0-0\"><span style=\"color: #000000;\" data-offset-key=\"6e2j1-0-0\">Olcay Y\u0131lmaz <\/span><\/div>\n<\/div>\n<div class=\"bi6gxh9e\" data-block=\"true\" data-editor=\"bhvhs\" data-offset-key=\"47nb2-0-0\">\n<div class=\"_1mf _1mj\" data-offset-key=\"47nb2-0-0\"><span style=\"color: #000000;\" data-offset-key=\"47nb2-0-0\">\u00a0<\/span><\/div>\n<\/div>\n<div class=\"bi6gxh9e\" data-block=\"true\" data-editor=\"bhvhs\" data-offset-key=\"d4pji-0-0\">\n<div class=\"_1mf _1mj\" data-offset-key=\"d4pji-0-0\"><strong><span style=\"color: #000000;\" data-offset-key=\"d4pji-0-0\">Modern Devletin Y\u00fckseli\u015fi ve \u00c7\u00f6k\u00fc\u015f\u00fc<\/span><\/strong><\/div>\n<\/div>\n<div class=\"bi6gxh9e\" data-block=\"true\" data-editor=\"bhvhs\" data-offset-key=\"8r0p-0-0\">\n<div class=\"_1mf _1mj\" data-offset-key=\"8r0p-0-0\"><span style=\"color: #000000;\" data-offset-key=\"8r0p-0-0\">Asl\u0131han Ayka\u00e7<\/span><\/div>\n<\/div>\n<div class=\"bi6gxh9e\" data-block=\"true\" data-editor=\"bhvhs\" data-offset-key=\"ccgte-0-0\">\n<div class=\"_1mf _1mj\" data-offset-key=\"ccgte-0-0\"><span style=\"color: #000000;\" data-offset-key=\"ccgte-0-0\">\u00a0<\/span><\/div>\n<\/div>\n<div class=\"bi6gxh9e\" data-block=\"true\" data-editor=\"bhvhs\" data-offset-key=\"9h7t4-0-0\">\n<div class=\"_1mf _1mj\" data-offset-key=\"9h7t4-0-0\"><strong><span style=\"color: #000000;\" data-offset-key=\"9h7t4-0-0\">Cevaplanmayan Sorular\u0131n Arkas\u0131nda Y\u00fckselen Duvarlar Ama Neden?<\/span><\/strong><\/div>\n<\/div>\n<div class=\"bi6gxh9e\" data-block=\"true\" data-editor=\"bhvhs\" data-offset-key=\"2h3vn-0-0\">\n<div class=\"_1mf _1mj\" data-offset-key=\"2h3vn-0-0\"><span style=\"color: #000000;\" data-offset-key=\"2h3vn-0-0\">Havanur Taflan<\/span><\/div>\n<\/div>\n<div class=\"bi6gxh9e\" data-block=\"true\" data-editor=\"bhvhs\" data-offset-key=\"adjqv-0-0\">\n<div class=\"_1mf _1mj\" data-offset-key=\"adjqv-0-0\"><span style=\"color: #000000;\" data-offset-key=\"adjqv-0-0\">\u00a0<\/span><\/div>\n<\/div>\n<div class=\"bi6gxh9e\" data-block=\"true\" data-editor=\"bhvhs\" data-offset-key=\"4v9vs-0-0\">\n<div class=\"_1mf _1mj\" data-offset-key=\"4v9vs-0-0\"><strong><span style=\"color: #000000;\" data-offset-key=\"4v9vs-0-0\">Heidegger ve Siyaset Felsefesinde Aksilikler<\/span><\/strong><\/div>\n<\/div>\n<div class=\"bi6gxh9e\" data-block=\"true\" data-editor=\"bhvhs\" data-offset-key=\"c5fqa-0-0\">\n<div class=\"_1mf _1mj\" data-offset-key=\"c5fqa-0-0\"><span style=\"color: #000000;\" data-offset-key=\"c5fqa-0-0\">Mahon O\u2019Brien<\/span><\/div>\n<\/div>\n<div class=\"bi6gxh9e\" data-block=\"true\" data-editor=\"bhvhs\" data-offset-key=\"8s094-0-0\">\n<div class=\"_1mf _1mj\" data-offset-key=\"8s094-0-0\"><span style=\"color: #000000;\" data-offset-key=\"8s094-0-0\">\u00a0<\/span><\/div>\n<\/div>\n<div class=\"bi6gxh9e\" data-block=\"true\" data-editor=\"bhvhs\" data-offset-key=\"256to-0-0\">\n<div class=\"_1mf _1mj\" data-offset-key=\"256to-0-0\"><strong><span style=\"color: #000000;\" data-offset-key=\"256to-0-0\">Hobbes\u2019a G\u00f6re iyi Ve K\u00f6t\u00fc ile Egemen Devletin Anlay\u0131\u015f\u0131 Aras\u0131ndaki \u0130li\u015fki<\/span><\/strong><\/div>\n<\/div>\n<div class=\"bi6gxh9e\" data-block=\"true\" data-editor=\"bhvhs\" data-offset-key=\"dkc7d-0-0\">\n<div class=\"_1mf _1mj\" data-offset-key=\"dkc7d-0-0\"><span style=\"color: #000000;\" data-offset-key=\"dkc7d-0-0\">Craig Rossa<\/span><\/div>\n<\/div>\n<\/div>\n<\/div>\n<\/div>\n<\/div>\n<\/div>\n<\/div>\n<\/div>\n<\/div>\n<\/div>\n<\/div>\n<\/div>\n<\/div>\n<\/div>\n<\/div>\n<\/div>\n<\/div>\n<\/div>\n<\/div>\n<\/div>\n<\/div>\n<\/div>\n<\/div>\n<\/div>\n<\/div>\n<\/div>\n<\/div>\n<\/div>\n<\/div>\n<\/div>\n<\/div>\n<\/div>\n<\/div>\n<\/div>\n<\/div>\n<\/div>\n<\/div>\n<\/div>\n<\/div>\n<\/div>\n<\/div>\n<\/div>\n<\/div>\n<\/div>\n<\/div>\n<\/div>\n<\/div>\n<\/div>\n<\/div>\n<\/div>\n<\/div>\n<\/div>\n<\/div>\n<\/div>\n<\/div>\n<\/div>\n<\/div>\n<\/div>\n<\/div>\n<\/div>\n<\/div>\n<\/div>\n<\/div>\n<\/div>\n<\/div>\n<\/div>\n<\/div>\n<\/div>\n<\/div>\n<\/div>\n<\/div>\n<\/div>\n<\/div>\n<\/div>\n<\/div>\n<\/div>\n<\/div>\n<\/div>\n<\/div>\n<\/div>\n<\/div>\n<\/div>\n<\/div>\n<\/div>\n<\/div>\n<\/div>\n<\/div>\n<\/div>\n<\/div>\n<\/div>\n<\/div>\n<\/div>\n<\/div>\n<\/div>\n<\/div>\n<\/div>\n<\/div>\n<\/div>\n<\/div>\n<\/div>\n<\/div>\n<\/div>\n<\/div>\n<\/div>\n<\/div>\n<\/div>\n<\/div>\n<\/div>\n<\/div>\n<\/div>\n<\/div>\n<\/div>\n<\/div>\n<\/div>\n<\/div>\n<\/div>\n<\/div>\n<\/div>\n<\/div>\n<\/div>\n<\/div>\n<\/div>\n<\/div>\n","protected":false},"excerpt":{"rendered":"<p>\u0130\u00c7\u0130NDEK\u0130LER Agamben\u2019in Felsefesinde \u0130stisna Kavram\u0131 ve Politik Alan Belirlenimi G\u00fcl Pa\u015fik \u00a0 Din \u00fc Devlet M\u00fclk \u00fc Milleti Mehmet Furkan \u00d6ren Geleneksel, Modern ve Postmodern Devlet Teorilerine 21. Y\u00fczy\u0131ldan Bak\u0131\u015f<\/p>\n","protected":false},"featured_media":681,"comment_status":"open","ping_status":"closed","template":"","meta":[],"product_cat":[21],"product_tag":[166,165,24,25,167],"class_list":{"0":"post-680","1":"product","2":"type-product","3":"status-publish","4":"has-post-thumbnail","6":"product_cat-magazine","7":"product_tag-demokrasi","8":"product_tag-devlet","9":"product_tag-dusunbil","10":"product_tag-felsefe","11":"product_tag-platon","13":"first","14":"instock","15":"shipping-taxable","16":"purchasable","17":"product-type-simple"},"_links":{"self":[{"href":"https:\/\/www.vintape.org\/index.php?rest_route=\/wp\/v2\/product\/680","targetHints":{"allow":["GET"]}}],"collection":[{"href":"https:\/\/www.vintape.org\/index.php?rest_route=\/wp\/v2\/product"}],"about":[{"href":"https:\/\/www.vintape.org\/index.php?rest_route=\/wp\/v2\/types\/product"}],"replies":[{"embeddable":true,"href":"https:\/\/www.vintape.org\/index.php?rest_route=%2Fwp%2Fv2%2Fcomments&post=680"}],"version-history":[{"count":1,"href":"https:\/\/www.vintape.org\/index.php?rest_route=\/wp\/v2\/product\/680\/revisions"}],"predecessor-version":[{"id":1288,"href":"https:\/\/www.vintape.org\/index.php?rest_route=\/wp\/v2\/product\/680\/revisions\/1288"}],"wp:featuredmedia":[{"embeddable":true,"href":"https:\/\/www.vintape.org\/index.php?rest_route=\/wp\/v2\/media\/681"}],"wp:attachment":[{"href":"https:\/\/www.vintape.org\/index.php?rest_route=%2Fwp%2Fv2%2Fmedia&parent=680"}],"wp:term":[{"taxonomy":"product_cat","embeddable":true,"href":"https:\/\/www.vintape.org\/index.php?rest_route=%2Fwp%2Fv2%2Fproduct_cat&post=680"},{"taxonomy":"product_tag","embeddable":true,"href":"https:\/\/www.vintape.org\/index.php?rest_route=%2Fwp%2Fv2%2Fproduct_tag&post=680"}],"curies":[{"name":"wp","href":"https:\/\/api.w.org\/{rel}","templated":true}]}}