{"id":672,"date":"2021-06-29T13:39:18","date_gmt":"2021-06-29T12:39:18","guid":{"rendered":"https:\/\/www.vintape.org\/?post_type=product&#038;p=672"},"modified":"2026-04-25T06:14:20","modified_gmt":"2026-04-25T05:14:20","slug":"dusunbil-sayi-100","status":"publish","type":"product","link":"https:\/\/www.vintape.org\/?product=dusunbil-sayi-100","title":{"rendered":"D\u00fc\u015f\u00fcnbil Say\u0131 100"},"content":{"rendered":"<div class=\"_2cuy _3dgx\">\n<div class=\"_1mf _1mj\">\n<div class=\"_2cuy _3dgx\">\n<div class=\"_1mf _1mj\">\n<div class=\"_2cuy _3dgx\">\n<div class=\"_1mf _1mj\">\n<div class=\"_2cuy _3dgx\">\n<div class=\"_1mf _1mj\">\n<div class=\"_2cuy _3dgx\">\n<div class=\"_1mf _1mj\">\n<div class=\"_2cuy _3dgx\">\n<div class=\"_1mf _1mj\">\n<div class=\"_2cuy _3dgx\">\n<div class=\"_1mf _1mj\">\n<div class=\"_2cuy _3dgx\">\n<div class=\"_1mf _1mj\">\n<div class=\"_2cuy _3dgx\">\n<div class=\"_1mf _1mj\">\n<div class=\"_2cuy _3dgx\">\n<div class=\"_1mf _1mj\">\n<div class=\"_2cuy _3dgx\">\n<div class=\"_1mf _1mj\">\n<div class=\"_2cuy _3dgx\">\n<div class=\"_1mf _1mj\">\n<div class=\"_2cuy _3dgx\">\n<div class=\"_1mf _1mj\">\n<div class=\"_2cuy _3dgx\">\n<div class=\"_1mf _1mj\">\n<div class=\"_2cuy _3dgx\">\n<div class=\"_1mf _1mj\">\n<div class=\"_2cuy _3dgx\">\n<div class=\"_1mf _1mj\">\n<div class=\"_2cuy _3dgx\">\n<div class=\"_1mf _1mj\">\n<div class=\"_2cuy _3dgx\">\n<div class=\"_1mf _1mj\">\n<div class=\"_2cuy _3dgx\">\n<div class=\"_1mf _1mj\">\n<p><span style=\"color: #000000;\"><strong>\u0130\u00c7\u0130NDEK\u0130LER<\/strong><\/span><\/p>\n<div class=\"_2cuy _3dgx\">\n<div class=\"_1mf _1mj\">\n<div class=\"_2cuy _3dgx\">\n<div class=\"_1mf _1mj\">\n<div class=\"_2cuy _3dgx\">\n<div class=\"_1mf _1mj\">\n<div class=\"_2cuy _3dgx\">\n<div class=\"_1mf _1mj\">\n<div class=\"_2cuy _3dgx\">\n<div class=\"_1mf _1mj\">\n<div class=\"_2cuy _3dgx\">\n<div class=\"_1mf _1mj\">\n<div class=\"_2cuy _3dgx\">\n<div class=\"_1mf _1mj\">\n<div class=\"_2cuy _3dgx\">\n<div class=\"_1mf _1mj\">\n<div class=\"_2cuy _3dgx\">\n<div class=\"_1mf _1mj\">\n<div class=\"_2cuy _3dgx\">\n<div class=\"_1mf _1mj\">\n<div class=\"_2cuy _3dgx\">\n<div class=\"_1mf _1mj\">\n<div class=\"_2cuy _3dgx\">\n<div class=\"_1mf _1mj\">\n<div class=\"_2cuy _3dgx\">\n<div class=\"_1mf _1mj\">\n<div class=\"_2cuy _3dgx\">\n<div class=\"_1mf _1mj\">\n<div class=\"_2cuy _3dgx\">\n<div class=\"_1mf _1mj\">\n<div class=\"_2cuy _3dgx\">\n<div class=\"_1mf _1mj\">\n<div class=\"_2cuy _3dgx\">\n<div class=\"_1mf _1mj\">\n<div class=\"_2cuy _3dgx\">\n<div class=\"_1mf _1mj\">\n<div class=\"_2cuy _3dgx\">\n<div class=\"_1mf _1mj\">\n<div class=\"_2cuy _3dgx\">\n<div class=\"_1mf _1mj\">\n<div class=\"_2cuy _3dgx\">\n<div class=\"_1mf _1mj\">\n<p><strong>Etik De\u011ferler ve T\u00fcrkiye\u2019de De\u011ferler E\u011fitimi<\/strong><br \/>\nHarun Akay<\/p>\n<p><strong>Modern Etik ve \u0130oanna Ku\u00e7uradi<\/strong><br \/>\nBar\u0131\u015f \u00c7okaz<\/p>\n<p><strong>S\u00f6yle\u015fi: T\u00fcrk Filozof \u0130oanna Ku\u00e7uradi<\/strong><br \/>\nJeanette Blom<\/p>\n<p><strong>T\u00fcrkiye\u2019de Felsefe E\u011fitimi<\/strong><br \/>\n\u0130oanna Ku\u00e7uradi<\/p>\n<p><strong>D\u00fc\u015f\u00fcnmeyi \u00d6\u011frenmek \u0130\u00e7in Asla Erken De\u011fildir<\/strong><br \/>\nLeonard Cassuto<\/p>\n<p><strong>Ba\u015flang\u0131\u00e7ta Dil Vard\u0131<\/strong><br \/>\nMikkel Borch-Jacobsen<\/p>\n<p><strong>Etikte Nesnelli\u011fin \u0130ki Kayna\u011f\u0131<\/strong><br \/>\nTim Sommers<\/p>\n<p><strong>Varolu\u015fun Neden Oldu\u011fu Ac\u0131lara Kar\u015f\u0131 Bir \u00c7\u00f6z\u00fcm \u00d6nerisi<\/strong><br \/>\nMert Alt\u0131nta\u015f<\/p>\n<p><strong>Saussure\u2019den Lacan\u2019a Dil ve Diyalog<\/strong><br \/>\nMichael Billig<\/p>\n<p><strong>Neden Bir Ya\u015fam Felsefesine \u0130htiyac\u0131m Var?<\/strong><br \/>\nMassimo Pigliucci<\/p>\n<\/div>\n<\/div>\n<\/div>\n<\/div>\n<\/div>\n<\/div>\n<\/div>\n<\/div>\n<\/div>\n<\/div>\n<\/div>\n<\/div>\n<\/div>\n<\/div>\n<\/div>\n<\/div>\n<\/div>\n<\/div>\n<\/div>\n<\/div>\n<\/div>\n<\/div>\n<\/div>\n<\/div>\n<\/div>\n<\/div>\n<\/div>\n<\/div>\n<\/div>\n<\/div>\n<\/div>\n<\/div>\n<\/div>\n<\/div>\n<\/div>\n<\/div>\n<\/div>\n<\/div>\n<\/div>\n<\/div>\n<\/div>\n<\/div>\n<\/div>\n<\/div>\n<\/div>\n<\/div>\n<\/div>\n<\/div>\n<\/div>\n<\/div>\n<\/div>\n<\/div>\n<\/div>\n<\/div>\n<\/div>\n<\/div>\n<\/div>\n<\/div>\n<\/div>\n<\/div>\n<\/div>\n<\/div>\n<\/div>\n<\/div>\n<\/div>\n<\/div>\n<\/div>\n<\/div>\n<\/div>\n<\/div>\n<\/div>\n<\/div>\n<\/div>\n<\/div>\n<\/div>\n<\/div>\n<\/div>\n<\/div>\n<\/div>\n<\/div>\n","protected":false},"excerpt":{"rendered":"<p>\u0130\u00c7\u0130NDEK\u0130LER Etik De\u011ferler ve T\u00fcrkiye\u2019de De\u011ferler E\u011fitimi Harun Akay Modern Etik ve \u0130oanna Ku\u00e7uradi Bar\u0131\u015f \u00c7okaz S\u00f6yle\u015fi: T\u00fcrk Filozof \u0130oanna Ku\u00e7uradi Jeanette Blom T\u00fcrkiye\u2019de Felsefe E\u011fitimi \u0130oanna Ku\u00e7uradi D\u00fc\u015f\u00fcnmeyi \u00d6\u011frenmek<\/p>\n","protected":false},"featured_media":673,"comment_status":"open","ping_status":"closed","template":"","meta":[],"product_cat":[21],"product_tag":[85,164,24,87,25,163,81],"class_list":{"0":"post-672","1":"product","2":"type-product","3":"status-publish","4":"has-post-thumbnail","6":"product_cat-magazine","7":"product_tag-ahlak","8":"product_tag-deger","9":"product_tag-dusunbil","10":"product_tag-etik","11":"product_tag-felsefe","12":"product_tag-ioanna-kucuradi","13":"product_tag-lacan","15":"first","16":"instock","17":"shipping-taxable","18":"purchasable","19":"product-type-simple"},"_links":{"self":[{"href":"https:\/\/www.vintape.org\/index.php?rest_route=\/wp\/v2\/product\/672","targetHints":{"allow":["GET"]}}],"collection":[{"href":"https:\/\/www.vintape.org\/index.php?rest_route=\/wp\/v2\/product"}],"about":[{"href":"https:\/\/www.vintape.org\/index.php?rest_route=\/wp\/v2\/types\/product"}],"replies":[{"embeddable":true,"href":"https:\/\/www.vintape.org\/index.php?rest_route=%2Fwp%2Fv2%2Fcomments&post=672"}],"version-history":[{"count":0,"href":"https:\/\/www.vintape.org\/index.php?rest_route=\/wp\/v2\/product\/672\/revisions"}],"wp:featuredmedia":[{"embeddable":true,"href":"https:\/\/www.vintape.org\/index.php?rest_route=\/wp\/v2\/media\/673"}],"wp:attachment":[{"href":"https:\/\/www.vintape.org\/index.php?rest_route=%2Fwp%2Fv2%2Fmedia&parent=672"}],"wp:term":[{"taxonomy":"product_cat","embeddable":true,"href":"https:\/\/www.vintape.org\/index.php?rest_route=%2Fwp%2Fv2%2Fproduct_cat&post=672"},{"taxonomy":"product_tag","embeddable":true,"href":"https:\/\/www.vintape.org\/index.php?rest_route=%2Fwp%2Fv2%2Fproduct_tag&post=672"}],"curies":[{"name":"wp","href":"https:\/\/api.w.org\/{rel}","templated":true}]}}