{"id":668,"date":"2021-05-31T21:14:55","date_gmt":"2021-05-31T20:14:55","guid":{"rendered":"https:\/\/www.vintape.org\/?post_type=product&#038;p=668"},"modified":"2025-12-02T22:00:28","modified_gmt":"2025-12-02T21:00:28","slug":"dusunbil-sayi-99","status":"publish","type":"product","link":"https:\/\/www.vintape.org\/?product=dusunbil-sayi-99","title":{"rendered":"D\u00fc\u015f\u00fcnbil Say\u0131 99"},"content":{"rendered":"<div class=\"_2cuy _3dgx\">\n<div class=\"_1mf _1mj\">\n<div class=\"_2cuy _3dgx\">\n<div class=\"_1mf _1mj\">\n<div class=\"_2cuy _3dgx\">\n<div class=\"_1mf _1mj\">\n<div class=\"_2cuy _3dgx\">\n<div class=\"_1mf _1mj\">\n<div class=\"_2cuy _3dgx\">\n<div class=\"_1mf _1mj\">\n<div class=\"_2cuy _3dgx\">\n<div class=\"_1mf _1mj\">\n<div class=\"_2cuy _3dgx\">\n<div class=\"_1mf _1mj\">\n<div class=\"_2cuy _3dgx\">\n<div class=\"_1mf _1mj\">\n<div class=\"_2cuy _3dgx\">\n<div class=\"_1mf _1mj\">\n<div class=\"_2cuy _3dgx\">\n<div class=\"_1mf _1mj\">\n<div class=\"_2cuy _3dgx\">\n<div class=\"_1mf _1mj\">\n<div class=\"_2cuy _3dgx\">\n<div class=\"_1mf _1mj\">\n<div class=\"_2cuy _3dgx\">\n<div class=\"_1mf _1mj\">\n<div class=\"_2cuy _3dgx\">\n<div class=\"_1mf _1mj\">\n<div class=\"_2cuy _3dgx\">\n<div class=\"_1mf _1mj\">\n<div class=\"_2cuy _3dgx\">\n<div class=\"_1mf _1mj\">\n<div class=\"_2cuy _3dgx\">\n<div class=\"_1mf _1mj\">\n<div class=\"_2cuy _3dgx\">\n<div class=\"_1mf _1mj\">\n<div class=\"_2cuy _3dgx\">\n<div class=\"_1mf _1mj\">\n<p><span style=\"color: #000000;\"><strong>\u0130\u00c7\u0130NDEK\u0130LER<\/strong><\/span><\/p>\n<p><span style=\"color: #000000;\"><strong>Semboller ve S\u00f6z: Ma\u011fara Duvarlar\u0131ndaki Sanat<\/strong><\/span><br \/>\n<span style=\"color: #000000;\">Robin McKie<\/span><\/p>\n<p><span style=\"color: #000000;\"><strong>Ta\u015f Devri Sanat\u0131 ve Yaz\u0131n\u0131n K\u00f6keni<\/strong><\/span><br \/>\n<span style=\"color: #000000;\">Alison George<\/span><\/p>\n<p><span style=\"color: #000000;\"><strong>Lacan, Derrida, Yaz\u0131 ve Alfabe<\/strong><\/span><br \/>\n<span style=\"color: #000000;\">Michael Lewis<\/span><\/p>\n<p><span style=\"color: #000000;\"><strong>\u00c7a\u011flar\u0131n Miras\u0131: Hayal G\u00fcc\u00fc<\/strong><\/span><br \/>\n<span style=\"color: #000000;\">Stephen Asma<\/span><\/p>\n<p><span style=\"color: #000000;\"><strong>Sofistler, Retorik ve Do\u011frulu\u011fa Ula\u015fmak<\/strong><\/span><br \/>\n<span style=\"color: #000000;\">Derek Beres<\/span><\/p>\n<p><span style=\"color: #000000;\"><strong>Sigmund Freud\u2019un \u00d6nemi ve Psikanaliz<\/strong><\/span><br \/>\n<span style=\"color: #000000;\">Nasrullah Mambrol<\/span><\/p>\n<p><span style=\"color: #000000;\"><strong>Devlet ve Toplum Kavramlar\u0131 \u00dczerinden D\u00fczen ve \u00c7\u00f6z\u00fclme Sarmal\u0131<\/strong><\/span><br \/>\n<span style=\"color: #000000;\">T\u00fclin Otbi\u00e7er Acar<\/span><\/p>\n<\/div>\n<\/div>\n<\/div>\n<\/div>\n<\/div>\n<\/div>\n<\/div>\n<\/div>\n<\/div>\n<\/div>\n<\/div>\n<\/div>\n<\/div>\n<\/div>\n<\/div>\n<\/div>\n<\/div>\n<\/div>\n<\/div>\n<\/div>\n<\/div>\n<\/div>\n<\/div>\n<\/div>\n<\/div>\n<\/div>\n<\/div>\n<\/div>\n<\/div>\n<\/div>\n<\/div>\n<\/div>\n<\/div>\n<\/div>\n<\/div>\n<\/div>\n<\/div>\n<\/div>\n","protected":false},"excerpt":{"rendered":"<p>\u0130\u00c7\u0130NDEK\u0130LER Semboller ve S\u00f6z: Ma\u011fara Duvarlar\u0131ndaki Sanat Robin McKie Ta\u015f Devri Sanat\u0131 ve Yaz\u0131n\u0131n K\u00f6keni Alison George Lacan, Derrida, Yaz\u0131 ve Alfabe Michael Lewis \u00c7a\u011flar\u0131n Miras\u0131: Hayal G\u00fcc\u00fc Stephen Asma<\/p>\n","protected":false},"featured_media":669,"comment_status":"open","ping_status":"closed","template":"","meta":[],"product_cat":[21],"product_tag":[24,25,81,162],"class_list":{"0":"post-668","1":"product","2":"type-product","3":"status-publish","4":"has-post-thumbnail","6":"product_cat-magazine","7":"product_tag-dusunbil","8":"product_tag-felsefe","9":"product_tag-lacan","10":"product_tag-magara","12":"first","13":"instock","14":"shipping-taxable","15":"purchasable","16":"product-type-simple"},"_links":{"self":[{"href":"https:\/\/www.vintape.org\/index.php?rest_route=\/wp\/v2\/product\/668","targetHints":{"allow":["GET"]}}],"collection":[{"href":"https:\/\/www.vintape.org\/index.php?rest_route=\/wp\/v2\/product"}],"about":[{"href":"https:\/\/www.vintape.org\/index.php?rest_route=\/wp\/v2\/types\/product"}],"replies":[{"embeddable":true,"href":"https:\/\/www.vintape.org\/index.php?rest_route=%2Fwp%2Fv2%2Fcomments&post=668"}],"version-history":[{"count":1,"href":"https:\/\/www.vintape.org\/index.php?rest_route=\/wp\/v2\/product\/668\/revisions"}],"predecessor-version":[{"id":1289,"href":"https:\/\/www.vintape.org\/index.php?rest_route=\/wp\/v2\/product\/668\/revisions\/1289"}],"wp:featuredmedia":[{"embeddable":true,"href":"https:\/\/www.vintape.org\/index.php?rest_route=\/wp\/v2\/media\/669"}],"wp:attachment":[{"href":"https:\/\/www.vintape.org\/index.php?rest_route=%2Fwp%2Fv2%2Fmedia&parent=668"}],"wp:term":[{"taxonomy":"product_cat","embeddable":true,"href":"https:\/\/www.vintape.org\/index.php?rest_route=%2Fwp%2Fv2%2Fproduct_cat&post=668"},{"taxonomy":"product_tag","embeddable":true,"href":"https:\/\/www.vintape.org\/index.php?rest_route=%2Fwp%2Fv2%2Fproduct_tag&post=668"}],"curies":[{"name":"wp","href":"https:\/\/api.w.org\/{rel}","templated":true}]}}