{"id":664,"date":"2021-05-10T22:31:10","date_gmt":"2021-05-10T21:31:10","guid":{"rendered":"https:\/\/www.vintape.org\/?post_type=product&#038;p=664"},"modified":"2025-10-23T04:40:49","modified_gmt":"2025-10-23T03:40:49","slug":"dusunbil-sayi-98","status":"publish","type":"product","link":"https:\/\/www.vintape.org\/?product=dusunbil-sayi-98","title":{"rendered":"D\u00fc\u015f\u00fcnbil Say\u0131 98"},"content":{"rendered":"<div class=\"_2cuy _3dgx\">\n<div class=\"_1mf _1mj\">\n<div class=\"_2cuy _3dgx\">\n<div class=\"_1mf _1mj\">\n<div class=\"_2cuy _3dgx\">\n<div class=\"_1mf _1mj\">\n<div class=\"_2cuy _3dgx\">\n<div class=\"_1mf _1mj\">\n<div class=\"_2cuy _3dgx\">\n<div class=\"_1mf _1mj\">\n<div class=\"_2cuy _3dgx\">\n<div class=\"_1mf _1mj\">\n<div class=\"_2cuy _3dgx\">\n<div class=\"_1mf _1mj\">\n<div class=\"_2cuy _3dgx\">\n<div class=\"_1mf _1mj\">\n<div class=\"_2cuy _3dgx\">\n<div class=\"_1mf _1mj\">\n<div class=\"_2cuy _3dgx\">\n<div class=\"_1mf _1mj\">\n<div class=\"_2cuy _3dgx\">\n<div class=\"_1mf _1mj\">\n<div class=\"_2cuy _3dgx\">\n<div class=\"_1mf _1mj\">\n<div class=\"_2cuy _3dgx\">\n<div class=\"_1mf _1mj\">\n<div class=\"_2cuy _3dgx\">\n<div class=\"_1mf _1mj\">\n<div class=\"_2cuy _3dgx\">\n<div class=\"_1mf _1mj\">\n<div class=\"_2cuy _3dgx\">\n<div class=\"_1mf _1mj\">\n<div class=\"_2cuy _3dgx\">\n<div class=\"_1mf _1mj\">\n<div class=\"_2cuy _3dgx\">\n<div class=\"_1mf _1mj\">\n<div class=\"_2cuy _3dgx\">\n<div class=\"_1mf _1mj\">\n<div>\n<p><strong><span style=\"color: #000000;\">\u0130\u00c7\u0130NDEK\u0130LER<\/span><\/strong><\/p>\n<p><strong><span style=\"color: #000000;\">Dijital \u00c7a\u011fda Althusser\u2019i Okumak: <\/span><\/strong><strong><span style=\"color: #000000;\">\u0130deoloji, Twitter ve G\u00fcndem M\u00fcptelal\u0131\u011f\u0131<br \/>\n<\/span><\/strong><span style=\"color: #000000;\">\u0130lkay Tuzcu T\u0131\u011fl\u0131<\/span><\/p>\n<\/div>\n<\/div>\n<\/div>\n<\/div>\n<p><strong><span style=\"color: #000000;\">Althusser, Gramsci ve Mannheim:<\/span><\/strong><br \/>\n<strong><span style=\"color: #000000;\">Bir Ki\u015fi Nas\u0131l K\u00fclt\u00fcr\u00fc De\u011fi\u015ftirebilir?<\/span><\/strong><br \/>\n<span style=\"color: #000000;\">Kevin Brinkmann<\/span><\/p>\n<p><strong><span style=\"color: #000000;\">Psikolojik, Felsefi ve Realist Kapitalist<\/span><\/strong><br \/>\n<span style=\"color: #000000;\">Louis Althusser<\/span><\/p>\n<p><strong><span style=\"color: #000000;\">Ma\u011faradaki G\u00f6lgeler ve<\/span><\/strong><br \/>\n<strong><span style=\"color: #000000;\">\u0130deoloji G\u00f6zl\u00fckleri<\/span><\/strong><br \/>\n<span style=\"color: #000000;\">Olcay Y\u0131lmaz<\/span><\/p>\n<p><strong><span style=\"color: #000000;\">Mu\u011flak \u0130deoloji ve Lacanyen Burulma<\/span><\/strong><br \/>\n<span style=\"color: #000000;\">Yannis Stavrakakis<\/span><\/p>\n<p><strong><span style=\"color: #000000;\">A\u00e7\u0131k Toplum ve D\u00fc\u015fmanlar\u0131: \u2018V for Vendetta\u2019<\/span><\/strong><br \/>\n<span style=\"color: #000000;\">Floris van den Berg<\/span><\/p>\n<p><strong><span style=\"color: #000000;\">Kayg\u0131y\u0131 Haritalamak<\/span><\/strong><br \/>\n<span style=\"color: #000000;\">Derek Hook<\/span><\/p>\n<p><strong><span style=\"color: #000000;\">T\u00fcm Bu Yaln\u0131z \u0130nsanlar Nereden Geliyorlar?<\/span><\/strong><br \/>\n<span style=\"color: #000000;\">David Ludden<\/span><\/p>\n<\/div>\n<\/div>\n<\/div>\n<\/div>\n<\/div>\n<\/div>\n<\/div>\n<\/div>\n<\/div>\n<\/div>\n<\/div>\n<\/div>\n<\/div>\n<\/div>\n<\/div>\n<\/div>\n<\/div>\n<\/div>\n<\/div>\n<\/div>\n<\/div>\n<\/div>\n<\/div>\n<\/div>\n<\/div>\n<\/div>\n<\/div>\n<\/div>\n<\/div>\n<\/div>\n<\/div>\n<\/div>\n<\/div>\n<\/div>\n<\/div>\n","protected":false},"excerpt":{"rendered":"<p>\u0130\u00c7\u0130NDEK\u0130LER Dijital \u00c7a\u011fda Althusser\u2019i Okumak: \u0130deoloji, Twitter ve G\u00fcndem M\u00fcptelal\u0131\u011f\u0131 \u0130lkay Tuzcu T\u0131\u011fl\u0131 Althusser, Gramsci ve Mannheim: Bir Ki\u015fi Nas\u0131l K\u00fclt\u00fcr\u00fc De\u011fi\u015ftirebilir? Kevin Brinkmann Psikolojik, Felsefi ve Realist Kapitalist Louis<\/p>\n","protected":false},"featured_media":665,"comment_status":"open","ping_status":"closed","template":"","meta":[],"product_cat":[21],"product_tag":[24,25,160,81,161],"class_list":{"0":"post-664","1":"product","2":"type-product","3":"status-publish","4":"has-post-thumbnail","6":"product_cat-magazine","7":"product_tag-dusunbil","8":"product_tag-felsefe","9":"product_tag-feonimenoloji","10":"product_tag-lacan","11":"product_tag-ponty","13":"first","14":"instock","15":"shipping-taxable","16":"purchasable","17":"product-type-simple"},"_links":{"self":[{"href":"https:\/\/www.vintape.org\/index.php?rest_route=\/wp\/v2\/product\/664","targetHints":{"allow":["GET"]}}],"collection":[{"href":"https:\/\/www.vintape.org\/index.php?rest_route=\/wp\/v2\/product"}],"about":[{"href":"https:\/\/www.vintape.org\/index.php?rest_route=\/wp\/v2\/types\/product"}],"replies":[{"embeddable":true,"href":"https:\/\/www.vintape.org\/index.php?rest_route=%2Fwp%2Fv2%2Fcomments&post=664"}],"version-history":[{"count":0,"href":"https:\/\/www.vintape.org\/index.php?rest_route=\/wp\/v2\/product\/664\/revisions"}],"wp:featuredmedia":[{"embeddable":true,"href":"https:\/\/www.vintape.org\/index.php?rest_route=\/wp\/v2\/media\/665"}],"wp:attachment":[{"href":"https:\/\/www.vintape.org\/index.php?rest_route=%2Fwp%2Fv2%2Fmedia&parent=664"}],"wp:term":[{"taxonomy":"product_cat","embeddable":true,"href":"https:\/\/www.vintape.org\/index.php?rest_route=%2Fwp%2Fv2%2Fproduct_cat&post=664"},{"taxonomy":"product_tag","embeddable":true,"href":"https:\/\/www.vintape.org\/index.php?rest_route=%2Fwp%2Fv2%2Fproduct_tag&post=664"}],"curies":[{"name":"wp","href":"https:\/\/api.w.org\/{rel}","templated":true}]}}