{"id":661,"date":"2021-04-06T21:05:50","date_gmt":"2021-04-06T20:05:50","guid":{"rendered":"https:\/\/www.vintape.org\/?post_type=product&#038;p=661"},"modified":"2023-03-17T23:47:50","modified_gmt":"2023-03-17T22:47:50","slug":"dusunbil-sayi-97","status":"publish","type":"product","link":"https:\/\/www.vintape.org\/?product=dusunbil-sayi-97","title":{"rendered":"D\u00fc\u015f\u00fcnbil Say\u0131 97"},"content":{"rendered":"<div class=\"_2cuy _3dgx\">\n<div class=\"_1mf _1mj\">\n<div class=\"_2cuy _3dgx\">\n<div class=\"_1mf _1mj\">\n<div class=\"_2cuy _3dgx\">\n<div class=\"_1mf _1mj\">\n<div class=\"_2cuy _3dgx\">\n<div class=\"_1mf _1mj\">\n<div class=\"_2cuy _3dgx\">\n<div class=\"_1mf _1mj\">\n<div class=\"_2cuy _3dgx\">\n<div class=\"_1mf _1mj\">\n<div class=\"_2cuy _3dgx\">\n<div class=\"_1mf _1mj\">\n<div class=\"_2cuy _3dgx\">\n<div class=\"_1mf _1mj\">\n<div class=\"_2cuy _3dgx\">\n<div class=\"_1mf _1mj\">\n<div class=\"_2cuy _3dgx\">\n<div class=\"_1mf _1mj\">\n<div class=\"_2cuy _3dgx\">\n<div class=\"_1mf _1mj\">\n<div class=\"_2cuy _3dgx\">\n<div class=\"_1mf _1mj\">\n<div class=\"_2cuy _3dgx\">\n<div class=\"_1mf _1mj\">\n<div class=\"_2cuy _3dgx\">\n<div class=\"_1mf _1mj\">\n<div class=\"_2cuy _3dgx\">\n<div class=\"_1mf _1mj\">\n<div class=\"_2cuy _3dgx\">\n<div class=\"_1mf _1mj\">\n<div class=\"_2cuy _3dgx\">\n<div class=\"_1mf _1mj\">\n<p>\u0130\u00c7\u0130NDEK\u0130LER<\/p>\n<p><strong>\u00d6znel Zaman Ba\u011flam\u0131nda Husserlci Fenomenoloji ve Kant\u00e7\u0131 Ele\u015ftiri \u0130li\u015fkisi<\/strong><br \/>\nAla Emire D. Ersoy<\/p>\n<p><strong>Husserl Parantezi<\/strong><br \/>\nHasret Ert\u00fcrk<\/p>\n<p><strong>Bendeki Ben\u2019e Fenomenolojik Bak\u0131\u015f<\/strong><br \/>\nMehmet Furkan \u00d6ren<\/p>\n<p><strong>Louis Althusser\u2019in Felsefesinde \u0130deoloji Kavram\u0131n\u0131n Yeri<\/strong><br \/>\nCansu Topraksever<\/p>\n<p><strong>Sosyolojide Fenomenoloji<\/strong><br \/>\nR\u00fcmeysa Albayrak<\/p>\n<p><strong>Maurice Merleau-Ponty ve Arabulucu Olarak Beden<\/strong><br \/>\nDan Nixon<\/p>\n<p><strong>Merleau-Ponty ve D\u00fcnyan\u0131n Teni<\/strong><br \/>\nMartin C. Dillon<\/p>\n<p><strong>Resim-Ontoloji \u0130li\u015fkisi Ba\u011flam\u0131nda Estetik: Heidegger<\/strong><br \/>\nFazilet Fat\u0131ma Al\u00e7\u0131k<\/p>\n<p><strong>Sanat Yap\u0131t\u0131nda Yeniden \u00dcretim ve Estetik Deneyim<\/strong><br \/>\nBurcu Baran<\/p>\n<\/div>\n<\/div>\n<\/div>\n<\/div>\n<\/div>\n<\/div>\n<\/div>\n<\/div>\n<\/div>\n<\/div>\n<\/div>\n<\/div>\n<\/div>\n<\/div>\n<\/div>\n<\/div>\n<\/div>\n<\/div>\n<\/div>\n<\/div>\n<\/div>\n<\/div>\n<\/div>\n<\/div>\n<\/div>\n<\/div>\n<\/div>\n<\/div>\n<\/div>\n<\/div>\n<\/div>\n<\/div>\n<\/div>\n<\/div>\n","protected":false},"excerpt":{"rendered":"<p>\u0130\u00c7\u0130NDEK\u0130LER \u00d6znel Zaman Ba\u011flam\u0131nda Husserlci Fenomenoloji ve Kant\u00e7\u0131 Ele\u015ftiri \u0130li\u015fkisi Ala Emire D. Ersoy Husserl Parantezi Hasret Ert\u00fcrk Bendeki Ben\u2019e Fenomenolojik Bak\u0131\u015f Mehmet Furkan \u00d6ren Louis Althusser\u2019in Felsefesinde \u0130deoloji Kavram\u0131n\u0131n<\/p>\n","protected":false},"featured_media":660,"comment_status":"open","ping_status":"closed","template":"","meta":[],"product_cat":[21],"product_tag":[24,25,160,81,161],"class_list":{"0":"post-661","1":"product","2":"type-product","3":"status-publish","4":"has-post-thumbnail","6":"product_cat-magazine","7":"product_tag-dusunbil","8":"product_tag-felsefe","9":"product_tag-feonimenoloji","10":"product_tag-lacan","11":"product_tag-ponty","13":"first","14":"outofstock","15":"sale","16":"shipping-taxable","17":"purchasable","18":"product-type-simple"},"_links":{"self":[{"href":"https:\/\/www.vintape.org\/index.php?rest_route=\/wp\/v2\/product\/661","targetHints":{"allow":["GET"]}}],"collection":[{"href":"https:\/\/www.vintape.org\/index.php?rest_route=\/wp\/v2\/product"}],"about":[{"href":"https:\/\/www.vintape.org\/index.php?rest_route=\/wp\/v2\/types\/product"}],"replies":[{"embeddable":true,"href":"https:\/\/www.vintape.org\/index.php?rest_route=%2Fwp%2Fv2%2Fcomments&post=661"}],"version-history":[{"count":0,"href":"https:\/\/www.vintape.org\/index.php?rest_route=\/wp\/v2\/product\/661\/revisions"}],"wp:featuredmedia":[{"embeddable":true,"href":"https:\/\/www.vintape.org\/index.php?rest_route=\/wp\/v2\/media\/660"}],"wp:attachment":[{"href":"https:\/\/www.vintape.org\/index.php?rest_route=%2Fwp%2Fv2%2Fmedia&parent=661"}],"wp:term":[{"taxonomy":"product_cat","embeddable":true,"href":"https:\/\/www.vintape.org\/index.php?rest_route=%2Fwp%2Fv2%2Fproduct_cat&post=661"},{"taxonomy":"product_tag","embeddable":true,"href":"https:\/\/www.vintape.org\/index.php?rest_route=%2Fwp%2Fv2%2Fproduct_tag&post=661"}],"curies":[{"name":"wp","href":"https:\/\/api.w.org\/{rel}","templated":true}]}}