{"id":653,"date":"2021-01-29T22:34:05","date_gmt":"2021-01-29T21:34:05","guid":{"rendered":"https:\/\/www.vintape.org\/?post_type=product&#038;p=653"},"modified":"2023-03-17T23:47:58","modified_gmt":"2023-03-17T22:47:58","slug":"dusunbil-sayi-96","status":"publish","type":"product","link":"https:\/\/www.vintape.org\/?product=dusunbil-sayi-96","title":{"rendered":"D\u00fc\u015f\u00fcnbil Say\u0131 96"},"content":{"rendered":"<div class=\"_2cuy _3dgx\">\n<div class=\"_1mf _1mj\">\n<div class=\"_2cuy _3dgx\">\n<div class=\"_1mf _1mj\">\n<div class=\"_2cuy _3dgx\">\n<div class=\"_1mf _1mj\">\n<div class=\"_2cuy _3dgx\">\n<div class=\"_1mf _1mj\">\n<div class=\"_2cuy _3dgx\">\n<div class=\"_1mf _1mj\">\n<div class=\"_2cuy _3dgx\">\n<div class=\"_1mf _1mj\">\n<div class=\"_2cuy _3dgx\">\n<div class=\"_1mf _1mj\">\n<div class=\"_2cuy _3dgx\">\n<div class=\"_1mf _1mj\">\n<div class=\"_2cuy _3dgx\">\n<div class=\"_1mf _1mj\">\n<div class=\"_2cuy _3dgx\">\n<div class=\"_1mf _1mj\">\n<div class=\"_2cuy _3dgx\">\n<div class=\"_1mf _1mj\">\n<div class=\"_2cuy _3dgx\">\n<div class=\"_1mf _1mj\">\n<div class=\"_2cuy _3dgx\">\n<div class=\"_1mf _1mj\">\n<div class=\"_2cuy _3dgx\">\n<div class=\"_1mf _1mj\">\n<div class=\"_2cuy _3dgx\">\n<div class=\"_1mf _1mj\">\n<div class=\"_2cuy _3dgx\">\n<div class=\"_1mf _1mj\">\n<div class=\"_2cuy _3dgx\">\n<div class=\"_1mf _1mj\">\n<p><span style=\"color: #000000;\"><strong>\u0130\u00c7\u0130NDEK\u0130LER<\/strong><\/span><\/p>\n<p><strong>M\u00fczikte Baba Kavram\u0131: Psikanalitik Bir Bak\u0131\u015f<\/strong><br \/>\nEce O\u011fur<\/p>\n<p><strong>M\u00fcsl\u00fcm G\u00fcrses, Arabesk ve Toplumsal D\u00f6n\u00fc\u015f\u00fcm<\/strong><br \/>\nEmirhan S\u00fcz\u00fck<\/p>\n<p><strong>Anti-\u00d6dipus\u2019ta Baba Fig\u00fcr\u00fc <\/strong><br \/>\nEngin \u00dcmer<\/p>\n<p><strong>Lin\u00e7 K\u00fclt\u00fcr\u00fcn\u00fcn Bir Sonucu Olarak Body Shaming<\/strong><br \/>\nMeltem Kaya<\/p>\n<p><strong>D\u00fc\u015f\u00fcnce Nesnesi Olarak M\u00fczik ve Muhafazak\u00e2rl\u0131k Rasyonalitesi<\/strong><br \/>\nG\u00fcncel G\u00fcrsel Art\u0131ktay<\/p>\n<p><strong>Edebiyat, Psikanaliz ve Freud<\/strong><br \/>\nG\u00fcl\u00e7in Karadeniz<\/p>\n<p><strong>Lacanyen Psikanalizde Babaya Ait \u0130\u015flev<\/strong><br \/>\nBruce Fink<\/p>\n<p><strong>Bir Nietzsche Kompozisyonu Par\u00e7an\u0131n Kendisi: Das \u201cFragment An Sich\u201d<\/strong><br \/>\nDerya \u00d6l\u00e7ener<\/p>\n<p><strong>Baba Beni Neden Terk Ettin?<\/strong><br \/>\nAsl\u0131 Kaprol<\/p>\n<p><strong>Joyce\u2019un \u0130ki Babas\u0131<\/strong><br \/>\nHoward Rouse<\/p>\n<p><strong>M\u00fczi\u011fi Neden Severiz ve Freud M\u00fczi\u011fi Neden Hor G\u00f6rd\u00fc?<\/strong><br \/>\nStephen A. Diamond<\/p>\n<p><strong>B\u00f6ylesine Bir Operet Kimi Rahats\u0131z Edebilir Ki?<\/strong><br \/>\nPamela Hutchinson<\/p>\n<\/div>\n<\/div>\n<\/div>\n<\/div>\n<\/div>\n<\/div>\n<\/div>\n<\/div>\n<\/div>\n<\/div>\n<\/div>\n<\/div>\n<\/div>\n<\/div>\n<\/div>\n<\/div>\n<\/div>\n<\/div>\n<\/div>\n<\/div>\n<\/div>\n<\/div>\n<\/div>\n<\/div>\n<\/div>\n<\/div>\n<\/div>\n<\/div>\n<\/div>\n<\/div>\n<\/div>\n<\/div>\n<\/div>\n<\/div>\n","protected":false},"excerpt":{"rendered":"<p>\u0130\u00c7\u0130NDEK\u0130LER M\u00fczikte Baba Kavram\u0131: Psikanalitik Bir Bak\u0131\u015f Ece O\u011fur M\u00fcsl\u00fcm G\u00fcrses, Arabesk ve Toplumsal D\u00f6n\u00fc\u015f\u00fcm Emirhan S\u00fcz\u00fck Anti-\u00d6dipus\u2019ta Baba Fig\u00fcr\u00fc Engin \u00dcmer Lin\u00e7 K\u00fclt\u00fcr\u00fcn\u00fcn Bir Sonucu Olarak Body Shaming Meltem<\/p>\n","protected":false},"featured_media":656,"comment_status":"open","ping_status":"closed","template":"","meta":[],"product_cat":[21],"product_tag":[159,131,24,25,52,81,74],"class_list":{"0":"post-653","1":"product","2":"type-product","3":"status-publish","4":"has-post-thumbnail","6":"product_cat-magazine","7":"product_tag-arabesk","8":"product_tag-baba","9":"product_tag-dusunbil","10":"product_tag-felsefe","11":"product_tag-freud","12":"product_tag-lacan","13":"product_tag-psikanaliz","15":"first","16":"outofstock","17":"sale","18":"shipping-taxable","19":"purchasable","20":"product-type-simple"},"_links":{"self":[{"href":"https:\/\/www.vintape.org\/index.php?rest_route=\/wp\/v2\/product\/653","targetHints":{"allow":["GET"]}}],"collection":[{"href":"https:\/\/www.vintape.org\/index.php?rest_route=\/wp\/v2\/product"}],"about":[{"href":"https:\/\/www.vintape.org\/index.php?rest_route=\/wp\/v2\/types\/product"}],"replies":[{"embeddable":true,"href":"https:\/\/www.vintape.org\/index.php?rest_route=%2Fwp%2Fv2%2Fcomments&post=653"}],"version-history":[{"count":0,"href":"https:\/\/www.vintape.org\/index.php?rest_route=\/wp\/v2\/product\/653\/revisions"}],"wp:featuredmedia":[{"embeddable":true,"href":"https:\/\/www.vintape.org\/index.php?rest_route=\/wp\/v2\/media\/656"}],"wp:attachment":[{"href":"https:\/\/www.vintape.org\/index.php?rest_route=%2Fwp%2Fv2%2Fmedia&parent=653"}],"wp:term":[{"taxonomy":"product_cat","embeddable":true,"href":"https:\/\/www.vintape.org\/index.php?rest_route=%2Fwp%2Fv2%2Fproduct_cat&post=653"},{"taxonomy":"product_tag","embeddable":true,"href":"https:\/\/www.vintape.org\/index.php?rest_route=%2Fwp%2Fv2%2Fproduct_tag&post=653"}],"curies":[{"name":"wp","href":"https:\/\/api.w.org\/{rel}","templated":true}]}}