{"id":641,"date":"2021-01-08T21:19:39","date_gmt":"2021-01-08T20:19:39","guid":{"rendered":"https:\/\/www.vintape.org\/?post_type=product&#038;p=641"},"modified":"2022-12-01T23:03:20","modified_gmt":"2022-12-01T22:03:20","slug":"kavramlar-seti-yurtdisi","status":"publish","type":"product","link":"https:\/\/www.vintape.org\/?product=kavramlar-seti-yurtdisi","title":{"rendered":"Kavramlar Seti &#8211; Yurtd\u0131\u015f\u0131"},"content":{"rendered":"<p><strong>Toplam 10 Say\u0131<\/strong><\/p>\n<p><strong>D\u00fc\u015f\u00fcnbil Say\u0131 68 &#8211; Zaman<br \/>\nD\u00fc\u015f\u00fcnbil Say\u0131 70 &#8211; Zihin<br \/>\nD\u00fc\u015f\u00fcnbil Say\u0131 72 &#8211; Dil<br \/>\nD\u00fc\u015f\u00fcnbil Say\u0131 78 &#8211; Anti-felsefe<br \/>\nD\u00fc\u015f\u00fcnbil Say\u0131 80 &#8211; Black Mirror<br \/>\nD\u00fc\u015f\u00fcnbil Say\u0131 81 &#8211; Varolu\u015f\u00e7uluk<br \/>\nD\u00fc\u015f\u00fcnbil Say\u0131 84 &#8211; Sevin\u00e7<br \/>\nD\u00fc\u015f\u00fcnbil Say\u0131 87 &#8211; Mit, Anlam<br \/>\nD\u00fc\u015f\u00fcnbil Say\u0131 88 &#8211; Kayg\u0131<br \/>\nD\u00fc\u015f\u00fcnbil Say\u0131 89 &#8211; Tarih<\/strong><\/p>\n<p>&nbsp;<\/p>\n","protected":false},"excerpt":{"rendered":"<p>Toplam 10 Say\u0131 D\u00fc\u015f\u00fcnbil Say\u0131 68 &#8211; Zaman D\u00fc\u015f\u00fcnbil Say\u0131 70 &#8211; Zihin D\u00fc\u015f\u00fcnbil Say\u0131 72 &#8211; Dil D\u00fc\u015f\u00fcnbil Say\u0131 78 &#8211; Anti-felsefe D\u00fc\u015f\u00fcnbil Say\u0131 80 &#8211; Black Mirror D\u00fc\u015f\u00fcnbil<\/p>\n","protected":false},"featured_media":643,"comment_status":"open","ping_status":"closed","template":"","meta":[],"product_cat":[15],"product_tag":[],"class_list":{"0":"post-641","1":"product","2":"type-product","3":"status-publish","4":"has-post-thumbnail","6":"product_cat-genel","8":"first","9":"outofstock","10":"sale","11":"shipping-taxable","12":"purchasable","13":"product-type-simple"},"_links":{"self":[{"href":"https:\/\/www.vintape.org\/index.php?rest_route=\/wp\/v2\/product\/641","targetHints":{"allow":["GET"]}}],"collection":[{"href":"https:\/\/www.vintape.org\/index.php?rest_route=\/wp\/v2\/product"}],"about":[{"href":"https:\/\/www.vintape.org\/index.php?rest_route=\/wp\/v2\/types\/product"}],"replies":[{"embeddable":true,"href":"https:\/\/www.vintape.org\/index.php?rest_route=%2Fwp%2Fv2%2Fcomments&post=641"}],"version-history":[{"count":0,"href":"https:\/\/www.vintape.org\/index.php?rest_route=\/wp\/v2\/product\/641\/revisions"}],"wp:featuredmedia":[{"embeddable":true,"href":"https:\/\/www.vintape.org\/index.php?rest_route=\/wp\/v2\/media\/643"}],"wp:attachment":[{"href":"https:\/\/www.vintape.org\/index.php?rest_route=%2Fwp%2Fv2%2Fmedia&parent=641"}],"wp:term":[{"taxonomy":"product_cat","embeddable":true,"href":"https:\/\/www.vintape.org\/index.php?rest_route=%2Fwp%2Fv2%2Fproduct_cat&post=641"},{"taxonomy":"product_tag","embeddable":true,"href":"https:\/\/www.vintape.org\/index.php?rest_route=%2Fwp%2Fv2%2Fproduct_tag&post=641"}],"curies":[{"name":"wp","href":"https:\/\/api.w.org\/{rel}","templated":true}]}}