{"id":639,"date":"2021-01-08T21:18:38","date_gmt":"2021-01-08T20:18:38","guid":{"rendered":"https:\/\/www.vintape.org\/?post_type=product&#038;p=639"},"modified":"2022-11-20T21:32:41","modified_gmt":"2022-11-20T20:32:41","slug":"filozoflar-seti-yurtdisi","status":"publish","type":"product","link":"https:\/\/www.vintape.org\/?product=filozoflar-seti-yurtdisi","title":{"rendered":"Filozoflar Seti &#8211; Yurtd\u0131\u015f\u0131"},"content":{"rendered":"<p><strong>Toplam 10 Say\u0131<\/strong><\/p>\n<p><strong>D\u00fc\u015f\u00fcnbil Say\u0131 59 &#8211; Sartre<br \/>\nD\u00fc\u015f\u00fcnbil Say\u0131 60 &#8211; Spinoza<br \/>\nD\u00fc\u015f\u00fcnbil Say\u0131 62 &#8211; S. de Beauvoir<br \/>\nD\u00fc\u015f\u00fcnbil Say\u0131 65 &#8211; Marx<br \/>\nD\u00fc\u015f\u00fcnbil Say\u0131 67 &#8211; Schopenhauer<br \/>\nD\u00fc\u015f\u00fcnbil Say\u0131 69 &#8211; Lacan<br \/>\n<\/strong><strong>D\u00fc\u015f\u00fcnbil Say\u0131 73 &#8211; Zizek<br \/>\nD\u00fc\u015f\u00fcnbil Say\u0131 75 &#8211; Derrida<br \/>\nD\u00fc\u015f\u00fcnbil Say\u0131 79 &#8211; Nietzsche<br \/>\nD\u00fc\u015f\u00fcnbil Say\u0131 83 &#8211; Kad\u0131n Filozoflar<\/strong><\/p>\n<p>&nbsp;<\/p>\n","protected":false},"excerpt":{"rendered":"<p>Toplam 10 Say\u0131 D\u00fc\u015f\u00fcnbil Say\u0131 59 &#8211; Sartre D\u00fc\u015f\u00fcnbil Say\u0131 60 &#8211; Spinoza D\u00fc\u015f\u00fcnbil Say\u0131 62 &#8211; S. de Beauvoir D\u00fc\u015f\u00fcnbil Say\u0131 65 &#8211; Marx D\u00fc\u015f\u00fcnbil Say\u0131 67 &#8211; Schopenhauer<\/p>\n","protected":false},"featured_media":640,"comment_status":"open","ping_status":"closed","template":"","meta":[],"product_cat":[15],"product_tag":[],"class_list":{"0":"post-639","1":"product","2":"type-product","3":"status-publish","4":"has-post-thumbnail","6":"product_cat-genel","8":"first","9":"outofstock","10":"sale","11":"shipping-taxable","12":"purchasable","13":"product-type-simple"},"_links":{"self":[{"href":"https:\/\/www.vintape.org\/index.php?rest_route=\/wp\/v2\/product\/639","targetHints":{"allow":["GET"]}}],"collection":[{"href":"https:\/\/www.vintape.org\/index.php?rest_route=\/wp\/v2\/product"}],"about":[{"href":"https:\/\/www.vintape.org\/index.php?rest_route=\/wp\/v2\/types\/product"}],"replies":[{"embeddable":true,"href":"https:\/\/www.vintape.org\/index.php?rest_route=%2Fwp%2Fv2%2Fcomments&post=639"}],"version-history":[{"count":0,"href":"https:\/\/www.vintape.org\/index.php?rest_route=\/wp\/v2\/product\/639\/revisions"}],"wp:featuredmedia":[{"embeddable":true,"href":"https:\/\/www.vintape.org\/index.php?rest_route=\/wp\/v2\/media\/640"}],"wp:attachment":[{"href":"https:\/\/www.vintape.org\/index.php?rest_route=%2Fwp%2Fv2%2Fmedia&parent=639"}],"wp:term":[{"taxonomy":"product_cat","embeddable":true,"href":"https:\/\/www.vintape.org\/index.php?rest_route=%2Fwp%2Fv2%2Fproduct_cat&post=639"},{"taxonomy":"product_tag","embeddable":true,"href":"https:\/\/www.vintape.org\/index.php?rest_route=%2Fwp%2Fv2%2Fproduct_tag&post=639"}],"curies":[{"name":"wp","href":"https:\/\/api.w.org\/{rel}","templated":true}]}}