{"id":631,"date":"2021-01-03T17:20:52","date_gmt":"2021-01-03T16:20:52","guid":{"rendered":"https:\/\/www.vintape.org\/?post_type=product&#038;p=631"},"modified":"2023-03-17T23:59:46","modified_gmt":"2023-03-17T22:59:46","slug":"dusunbil-sayi-95","status":"publish","type":"product","link":"https:\/\/www.vintape.org\/?product=dusunbil-sayi-95","title":{"rendered":"D\u00fc\u015f\u00fcnbil Say\u0131 95"},"content":{"rendered":"<div class=\"_2cuy _3dgx\">\n<div class=\"_1mf _1mj\">\n<div class=\"_2cuy _3dgx\">\n<div class=\"_1mf _1mj\">\n<div class=\"_2cuy _3dgx\">\n<div class=\"_1mf _1mj\">\n<div class=\"_2cuy _3dgx\">\n<div class=\"_1mf _1mj\">\n<div class=\"_2cuy _3dgx\">\n<div class=\"_1mf _1mj\">\n<div class=\"_2cuy _3dgx\">\n<div class=\"_1mf _1mj\">\n<div class=\"_2cuy _3dgx\">\n<div class=\"_1mf _1mj\">\n<div class=\"_2cuy _3dgx\">\n<div class=\"_1mf _1mj\">\n<div class=\"_2cuy _3dgx\">\n<div class=\"_1mf _1mj\">\n<div class=\"_2cuy _3dgx\">\n<div class=\"_1mf _1mj\">\n<div class=\"_2cuy _3dgx\">\n<div class=\"_1mf _1mj\">\n<div class=\"_2cuy _3dgx\">\n<div class=\"_1mf _1mj\">\n<div class=\"_2cuy _3dgx\">\n<div class=\"_1mf _1mj\">\n<div class=\"_2cuy _3dgx\">\n<div class=\"_1mf _1mj\">\n<div class=\"_2cuy _3dgx\">\n<div class=\"_1mf _1mj\">\n<div class=\"_2cuy _3dgx\">\n<div class=\"_1mf _1mj\">\n<div class=\"_2cuy _3dgx\">\n<div class=\"_1mf _1mj\">\n<p><span style=\"color: #000000;\"><strong>\u0130\u00c7\u0130NDEK\u0130LER<\/strong><\/span><\/p>\n<p><strong><span style=\"color: #000000;\">K\u00fcresel Bir D\u00fcnyada Korku ve Fantazi<\/span><\/strong><br \/>\n<span style=\"color: #000000;\">S. Ara\u00fajo &amp; M. P. Pinto &amp; S.Bettencourt<\/span><\/p>\n<p><strong><span style=\"color: #000000;\">Freud ve Sonraki D\u00f6nemde Fantazi Anlay\u0131\u015f\u0131<\/span><\/strong><br \/>\n<span style=\"color: #000000;\">M. Sharpe &amp; K. Turner<\/span><\/p>\n<p><strong><span style=\"color: #000000;\">Klein ve Lacan: Bir Fenomen olarak Fantazi<\/span><\/strong><br \/>\n<span style=\"color: #000000;\">Gregory A. Trotter<\/span><\/p>\n<p><strong><span style=\"color: #000000;\">Son Zamanlardaki Fantazi Tart\u0131\u015fmalar\u0131: Baas, Bernet ve \u017di\u017eek<\/span><\/strong><br \/>\n<span style=\"color: #000000;\">Ed Pluth<\/span><\/p>\n<p><strong><span style=\"color: #000000;\">Melanie Klein ve Jacques Lacan i\u00e7in Fantazinin Analizdeki Anlam\u0131<\/span><\/strong><br \/>\n<span style=\"color: #000000;\">Fran\u00e7oise Koehler<\/span><\/p>\n<p><strong><span style=\"color: #000000;\">Bilin\u00e7d\u0131\u015f\u0131 Bir Fantezi olarak Histeri<\/span><\/strong><br \/>\n<span style=\"color: #000000;\">Juan-David Nasio<\/span><\/p>\n<p><strong><span style=\"color: #000000;\">Klein ve Lacan\u2019da Kayg\u0131, Fantazi ve Travma<\/span><\/strong><br \/>\n<span style=\"color: #000000;\">Lionel Bailly<\/span><\/p>\n<p><strong><span style=\"color: #000000;\">\u00d6dipal Dedektif Filmlerinde Korkulu Fantazi<\/span><\/strong><br \/>\n<span style=\"color: #000000;\">Gero Guttzeit<\/span><\/p>\n<p><strong><span style=\"color: #000000;\">Fantazi ve Arzu Topolojisi \u00dczerine Bir \u0130nceleme<\/span><\/strong><br \/>\n<span style=\"color: #000000;\">Donald Kunze<\/span><\/p>\n<p><strong><span style=\"color: #000000;\">Lacan i\u00e7in \u201cA\u015fk Nedir\u201d?<\/span><\/strong><br \/>\n<span style=\"color: #000000;\">Grace Tarpey<\/span><\/p>\n<p><strong><span style=\"color: #000000;\">Felsefe D\u00fcnyas\u0131<\/span><\/strong><\/p>\n<\/div>\n<\/div>\n<\/div>\n<\/div>\n<\/div>\n<\/div>\n<\/div>\n<\/div>\n<\/div>\n<\/div>\n<\/div>\n<\/div>\n<\/div>\n<\/div>\n<\/div>\n<\/div>\n<\/div>\n<\/div>\n<\/div>\n<\/div>\n<\/div>\n<\/div>\n<\/div>\n<\/div>\n<\/div>\n<\/div>\n<\/div>\n<\/div>\n<\/div>\n<\/div>\n<\/div>\n<\/div>\n<\/div>\n<\/div>\n","protected":false},"excerpt":{"rendered":"<p>\u0130\u00c7\u0130NDEK\u0130LER K\u00fcresel Bir D\u00fcnyada Korku ve Fantazi S. Ara\u00fajo &amp; M. P. Pinto &amp; S.Bettencourt Freud ve Sonraki D\u00f6nemde Fantazi Anlay\u0131\u015f\u0131 M. Sharpe &amp; K. Turner Klein ve Lacan: Bir<\/p>\n","protected":false},"featured_media":632,"comment_status":"open","ping_status":"closed","template":"","meta":[],"product_cat":[21],"product_tag":[158,24,157,25,52,156,81,74],"class_list":{"0":"post-631","1":"product","2":"type-product","3":"status-publish","4":"has-post-thumbnail","6":"product_cat-magazine","7":"product_tag-duslem","8":"product_tag-dusunbil","9":"product_tag-fantazi","10":"product_tag-felsefe","11":"product_tag-freud","12":"product_tag-kaygi","13":"product_tag-lacan","14":"product_tag-psikanaliz","16":"first","17":"instock","18":"shipping-taxable","19":"purchasable","20":"product-type-simple"},"_links":{"self":[{"href":"https:\/\/www.vintape.org\/index.php?rest_route=\/wp\/v2\/product\/631","targetHints":{"allow":["GET"]}}],"collection":[{"href":"https:\/\/www.vintape.org\/index.php?rest_route=\/wp\/v2\/product"}],"about":[{"href":"https:\/\/www.vintape.org\/index.php?rest_route=\/wp\/v2\/types\/product"}],"replies":[{"embeddable":true,"href":"https:\/\/www.vintape.org\/index.php?rest_route=%2Fwp%2Fv2%2Fcomments&post=631"}],"version-history":[{"count":0,"href":"https:\/\/www.vintape.org\/index.php?rest_route=\/wp\/v2\/product\/631\/revisions"}],"wp:featuredmedia":[{"embeddable":true,"href":"https:\/\/www.vintape.org\/index.php?rest_route=\/wp\/v2\/media\/632"}],"wp:attachment":[{"href":"https:\/\/www.vintape.org\/index.php?rest_route=%2Fwp%2Fv2%2Fmedia&parent=631"}],"wp:term":[{"taxonomy":"product_cat","embeddable":true,"href":"https:\/\/www.vintape.org\/index.php?rest_route=%2Fwp%2Fv2%2Fproduct_cat&post=631"},{"taxonomy":"product_tag","embeddable":true,"href":"https:\/\/www.vintape.org\/index.php?rest_route=%2Fwp%2Fv2%2Fproduct_tag&post=631"}],"curies":[{"name":"wp","href":"https:\/\/api.w.org\/{rel}","templated":true}]}}