{"id":506,"date":"2019-12-23T23:54:17","date_gmt":"2019-12-23T20:54:17","guid":{"rendered":"https:\/\/www.vintape.org\/?post_type=product&#038;p=506"},"modified":"2025-12-02T21:52:51","modified_gmt":"2025-12-02T20:52:51","slug":"dusunbil-sayi-86","status":"publish","type":"product","link":"https:\/\/www.vintape.org\/?product=dusunbil-sayi-86","title":{"rendered":"D\u00fc\u015f\u00fcnbil Say\u0131 86"},"content":{"rendered":"<div class=\"_2cuy _3dgx\">\n<div class=\"_1mf _1mj\">\n<div class=\"_2cuy _3dgx\">\n<div class=\"_1mf _1mj\">\n<div>\u0130\u00c7\u0130NDEK\u0130LER<\/div>\n<\/div>\n<\/div>\n<div><\/div>\n<div>\n<p>Hitchcock\u2019un Rope Filmi \u00dczerine Bir De\u011ferlendirme<br \/>\nAy\u015fe M. Kalay<\/p>\n<p>Psycho: En \u0130yi Dostum Annem<br \/>\nCansu \u00d6ks\u00fcz Karademir<\/p>\n<p>Felsefi Hitchcock: Vertigo ve Bilinmeyenli\u011fin Kayg\u0131lar\u0131<br \/>\nRobert Pippin<br \/>\n\u00c7eviren: Meltem \u00c7etin Sever<\/p>\n<p>Gerilim: Varolu\u015fun \u00d6l\u00fcmle Dans\u0131<br \/>\nSabiha Ko\u00e7ak<\/p>\n<p>Sap\u0131k Filmindeki Du\u015f Sahnesinin S\u0131rlar\u0131<br \/>\nWill Hodgkinson<br \/>\n\u00c7eviren: Zeynep \u015eenel Gencer<\/p>\n<p>Psycho, \u0130hlal ve B\u00f6l\u00fcnme<br \/>\nG\u00fclay Er Pasin<\/p>\n<p>Alfred Hitchcock Filmleri<br \/>\nDerleyen: Olcay Y\u0131lmaz<\/p>\n<p>Jean-Paul Sartre\u2019la S\u00f6yle\u015fi: \u201cBir Uzun, Ac\u0131, Tatl\u0131 \u00c7\u0131lg\u0131nl\u0131k\u201d<br \/>\nS\u00f6yle\u015fi: Jacqueline Piatier<\/p>\n<p>\u00c7ocuklar \u0130\u00e7in Felsefe ve \u00d6zenli D\u00fc\u015f\u00fcnme<br \/>\nOnur Bak\u0131r<\/p>\n<p>Felsefi Bir Neo-Ayd\u0131nlanma Hareketi: Transh\u00fcmanizm<br \/>\nAhmet Da\u011f<\/p>\n<p>\u0130nsan Felsefesi Ba\u011flam\u0131nda: Ger\u00e7eklik, \u0130mge ve G\u00f6sterge Olarak Beden<br \/>\nMustafa G\u00fcnay<\/p>\n<p>Kitap K\u00f6\u015fesi<\/p>\n<p>Felsefe D\u00fcnyas\u0131<\/p>\n<\/div>\n<\/div>\n<\/div>\n","protected":false},"excerpt":{"rendered":"<p>\u0130\u00c7\u0130NDEK\u0130LER Hitchcock\u2019un Rope Filmi \u00dczerine Bir De\u011ferlendirme Ay\u015fe M. Kalay Psycho: En \u0130yi Dostum Annem Cansu \u00d6ks\u00fcz Karademir Felsefi Hitchcock: Vertigo ve Bilinmeyenli\u011fin Kayg\u0131lar\u0131 Robert Pippin \u00c7eviren: Meltem \u00c7etin Sever<\/p>\n","protected":false},"featured_media":509,"comment_status":"open","ping_status":"closed","template":"","meta":[],"product_cat":[21],"product_tag":[24,25,113,149,150,82],"class_list":{"0":"post-506","1":"product","2":"type-product","3":"status-publish","4":"has-post-thumbnail","6":"product_cat-magazine","7":"product_tag-dusunbil","8":"product_tag-felsefe","9":"product_tag-film","10":"product_tag-gerilim","11":"product_tag-hitchcook","12":"product_tag-sinema","14":"first","15":"instock","16":"sale","17":"shipping-taxable","18":"purchasable","19":"product-type-simple"},"_links":{"self":[{"href":"https:\/\/www.vintape.org\/index.php?rest_route=\/wp\/v2\/product\/506","targetHints":{"allow":["GET"]}}],"collection":[{"href":"https:\/\/www.vintape.org\/index.php?rest_route=\/wp\/v2\/product"}],"about":[{"href":"https:\/\/www.vintape.org\/index.php?rest_route=\/wp\/v2\/types\/product"}],"replies":[{"embeddable":true,"href":"https:\/\/www.vintape.org\/index.php?rest_route=%2Fwp%2Fv2%2Fcomments&post=506"}],"version-history":[{"count":1,"href":"https:\/\/www.vintape.org\/index.php?rest_route=\/wp\/v2\/product\/506\/revisions"}],"predecessor-version":[{"id":1273,"href":"https:\/\/www.vintape.org\/index.php?rest_route=\/wp\/v2\/product\/506\/revisions\/1273"}],"wp:featuredmedia":[{"embeddable":true,"href":"https:\/\/www.vintape.org\/index.php?rest_route=\/wp\/v2\/media\/509"}],"wp:attachment":[{"href":"https:\/\/www.vintape.org\/index.php?rest_route=%2Fwp%2Fv2%2Fmedia&parent=506"}],"wp:term":[{"taxonomy":"product_cat","embeddable":true,"href":"https:\/\/www.vintape.org\/index.php?rest_route=%2Fwp%2Fv2%2Fproduct_cat&post=506"},{"taxonomy":"product_tag","embeddable":true,"href":"https:\/\/www.vintape.org\/index.php?rest_route=%2Fwp%2Fv2%2Fproduct_tag&post=506"}],"curies":[{"name":"wp","href":"https:\/\/api.w.org\/{rel}","templated":true}]}}