{"id":505,"date":"2019-12-23T23:54:15","date_gmt":"2019-12-23T20:54:15","guid":{"rendered":"https:\/\/www.vintape.org\/?post_type=product&#038;p=505"},"modified":"2023-03-17T23:51:17","modified_gmt":"2023-03-17T22:51:17","slug":"dusunbil-sayi-85","status":"publish","type":"product","link":"https:\/\/www.vintape.org\/?product=dusunbil-sayi-85","title":{"rendered":"D\u00fc\u015f\u00fcnbil Say\u0131 85"},"content":{"rendered":"<div class=\"_2cuy _3dgx\">\n<div class=\"_1mf _1mj\">\n<div class=\"_2cuy _3dgx\">\n<div class=\"_1mf _1mj\">\n<div>\u0130\u00c7\u0130NDEK\u0130LER<\/div>\n<\/div>\n<\/div>\n<div><\/div>\n<div>Kierkegaard\u2019\u0131n \u0130nsan Olma Yollar\u0131<\/div>\n<p>Ray Monk<br \/>\n\u00c7eviren: Eran Erarslan<\/p>\n<p>Kapitalizmin T\u00fcketici \u0130nsan\u0131 ve Kierkegaard<br \/>\nKamuran Elbeyo\u011flu &amp; Osman Sirkeci<\/p>\n<p>Kierkegaard: Varolu\u015fun Yaln\u0131z Y\u00fcr\u00fcy\u00fc\u015f\u00fc<br \/>\nSabiha Ko\u00e7ak<\/p>\n<p>Kierkegaard \u00dczerine: Senem Kurtar ile S\u00f6yle\u015fi<br \/>\nS\u00f6yle\u015fi: Burak Saytekin<\/p>\n<p>Ingmar Bergman Sinemas\u0131nda Kierkegaard Felsefesinin Etkisi<br \/>\nG\u00f6khan G\u00fcrdal<\/p>\n<p>Eyleyen, Hisseden ve \u0130nanan Yal\u0131n Ayakl\u0131 Bilgenin Se\u00e7imleri<br \/>\nJosef H. K\u0131l\u00e7\u0131ks\u0131z<\/p>\n<p>Vefa Ta\u015fdelen ile S\u00f8ren Kierkegaard ve Felsefi D\u00fc\u015f\u00fcnceye Etkisi<br \/>\nS\u00f6yle\u015fi: Efsun Aksen<\/p>\n<p>Anlamlar Aras\u0131nda<br \/>\nGrant Bartley<br \/>\n\u00c7eviren: \u0130smail Ege Yayl\u0131m<\/p>\n<p>S\u00f8ren Kierkegaard ve Ya\u015faman\u0131n Anlam\u0131<br \/>\nScotty Hendricks<br \/>\n\u00c7eviren: Nilg\u00fcn Lall\u0131 A\u00e7\u0131kal\u0131n<\/p>\n<p>Boethius ve M\u00fczik \u00dczerine<br \/>\nNesrin Akan<\/p>\n<p>Empati: Kendine Katma E\u011filimi<br \/>\nOlcay Y\u0131lmaz<\/p>\n<p>Yalan\u0131n \u0130cad\u0131: Do\u011fruyu ya da K\u0131smen Do\u011fruyu S\u00f6ylemek<br \/>\nHiram Lee<br \/>\n\u00c7eviren: Bur\u00e7in \u0130\u00e7dem<\/p>\n<p>Jacques Lacan\u2019\u0131n Kayg\u0131 Semineri \u00dczerine<br \/>\nPeter Caws<br \/>\n\u00c7eviren: Zeynep \u015eenel Gencer<\/p>\n<p>Felsefe D\u00fcnyas\u0131<\/p>\n<\/div>\n<\/div>\n","protected":false},"excerpt":{"rendered":"<p>\u0130\u00c7\u0130NDEK\u0130LER Kierkegaard\u2019\u0131n \u0130nsan Olma Yollar\u0131 Ray Monk \u00c7eviren: Eran Erarslan Kapitalizmin T\u00fcketici \u0130nsan\u0131 ve Kierkegaard Kamuran Elbeyo\u011flu &amp; Osman Sirkeci Kierkegaard: Varolu\u015fun Yaln\u0131z Y\u00fcr\u00fcy\u00fc\u015f\u00fc Sabiha Ko\u00e7ak Kierkegaard \u00dczerine: Senem Kurtar<\/p>\n","protected":false},"featured_media":508,"comment_status":"open","ping_status":"closed","template":"","meta":[],"product_cat":[21],"product_tag":[24,25,148],"class_list":{"0":"post-505","1":"product","2":"type-product","3":"status-publish","4":"has-post-thumbnail","6":"product_cat-magazine","7":"product_tag-dusunbil","8":"product_tag-felsefe","9":"product_tag-kierkegaard","11":"first","12":"outofstock","13":"sale","14":"shipping-taxable","15":"purchasable","16":"product-type-simple"},"_links":{"self":[{"href":"https:\/\/www.vintape.org\/index.php?rest_route=\/wp\/v2\/product\/505","targetHints":{"allow":["GET"]}}],"collection":[{"href":"https:\/\/www.vintape.org\/index.php?rest_route=\/wp\/v2\/product"}],"about":[{"href":"https:\/\/www.vintape.org\/index.php?rest_route=\/wp\/v2\/types\/product"}],"replies":[{"embeddable":true,"href":"https:\/\/www.vintape.org\/index.php?rest_route=%2Fwp%2Fv2%2Fcomments&post=505"}],"version-history":[{"count":0,"href":"https:\/\/www.vintape.org\/index.php?rest_route=\/wp\/v2\/product\/505\/revisions"}],"wp:featuredmedia":[{"embeddable":true,"href":"https:\/\/www.vintape.org\/index.php?rest_route=\/wp\/v2\/media\/508"}],"wp:attachment":[{"href":"https:\/\/www.vintape.org\/index.php?rest_route=%2Fwp%2Fv2%2Fmedia&parent=505"}],"wp:term":[{"taxonomy":"product_cat","embeddable":true,"href":"https:\/\/www.vintape.org\/index.php?rest_route=%2Fwp%2Fv2%2Fproduct_cat&post=505"},{"taxonomy":"product_tag","embeddable":true,"href":"https:\/\/www.vintape.org\/index.php?rest_route=%2Fwp%2Fv2%2Fproduct_tag&post=505"}],"curies":[{"name":"wp","href":"https:\/\/api.w.org\/{rel}","templated":true}]}}