{"id":504,"date":"2019-12-23T23:59:01","date_gmt":"2019-12-23T22:59:01","guid":{"rendered":"https:\/\/www.vintape.org\/?post_type=product&#038;p=504"},"modified":"2023-03-17T23:49:29","modified_gmt":"2023-03-17T22:49:29","slug":"dusunbil-sayi-87","status":"publish","type":"product","link":"https:\/\/www.vintape.org\/?product=dusunbil-sayi-87","title":{"rendered":"D\u00fc\u015f\u00fcnbil Say\u0131 87"},"content":{"rendered":"<div class=\"_2cuy _3dgx\">\n<div class=\"_1mf _1mj\">\n<div>\u0130\u00c7\u0130NDEK\u0130LER<\/div>\n<div><\/div>\n<\/div>\n<\/div>\n<p>S\u00f6ylenin \u0130\u015flevi ve Anlamland\u0131r\u0131lmas\u0131<br \/>\nV. Do\u011fan G\u00fcnay<\/p>\n<p>Roland Barthes, Dilin \u0130ktidar\u0131 ve S\u00f6ylen<br \/>\n\u0130lkay Tuzcu T\u0131\u011fl\u0131<\/p>\n<p>Mitlerin ve Masallar\u0131n Ayr\u0131msal ve S\u00f6ylemsel Kar\u015f\u0131la\u015ft\u0131r\u0131lmas\u0131<br \/>\nKubilay Aktulum<\/p>\n<p>\u00d6l\u00fcmden Yaz\u0131ya: Metnin K\u00f6keni<br \/>\n\u00d6zlem Derin<\/p>\n<p>\u0130nsana \u00d6zg\u00fc Ger\u00e7eklik Olarak S\u00f6z<br \/>\nGeorges Gusdorf<br \/>\n\u00c7eviren: \u0130lhami S\u0131\u011f\u0131rc\u0131<\/p>\n<p>Sa\u00e7mal\u0131\u011f\u0131n Para Etti\u011fi Bir D\u00fcnya<br \/>\nHaluk A\u015far<\/p>\n<p>Claude L\u00e9vi-Strauss, Psikanalitik Metaforlar ve Mitsel Medikal Ger\u00e7ekler<br \/>\nKalman Applbaum<br \/>\n\u00c7eviren: Elif Arslan<\/p>\n<p>Mitler: Protagonistleri \u0130nsan Olan Tanr\u0131 Hik\u00e2yeleri<br \/>\nJosef Hasek K\u0131l\u00e7\u0131ks\u0131z<\/p>\n<p>Dijital Oyunlarda Mitsel Anlat\u0131<br \/>\nT\u00fclin Sepetci<\/p>\n<p>Edebiyat \u201cYapmak\u201d \u00dczerine<br \/>\nMehmet Furkan \u00d6ren<\/p>\n<p>Felsefe D\u00fcnyas\u0131<\/p>\n","protected":false},"excerpt":{"rendered":"<p>\u0130\u00c7\u0130NDEK\u0130LER S\u00f6ylenin \u0130\u015flevi ve Anlamland\u0131r\u0131lmas\u0131 V. Do\u011fan G\u00fcnay Roland Barthes, Dilin \u0130ktidar\u0131 ve S\u00f6ylen \u0130lkay Tuzcu T\u0131\u011fl\u0131 Mitlerin ve Masallar\u0131n Ayr\u0131msal ve S\u00f6ylemsel Kar\u015f\u0131la\u015ft\u0131r\u0131lmas\u0131 Kubilay Aktulum \u00d6l\u00fcmden Yaz\u0131ya: Metnin K\u00f6keni<\/p>\n","protected":false},"featured_media":507,"comment_status":"open","ping_status":"closed","template":"","meta":[],"product_cat":[21],"product_tag":[153,24,25,152,151,155,154],"class_list":{"0":"post-504","1":"product","2":"type-product","3":"status-publish","4":"has-post-thumbnail","6":"product_cat-magazine","7":"product_tag-anlam","8":"product_tag-dusunbil","9":"product_tag-felsefe","10":"product_tag-mit","11":"product_tag-mitoloji","12":"product_tag-soz","13":"product_tag-yazi","15":"first","16":"outofstock","17":"sale","18":"shipping-taxable","19":"purchasable","20":"product-type-simple"},"_links":{"self":[{"href":"https:\/\/www.vintape.org\/index.php?rest_route=\/wp\/v2\/product\/504","targetHints":{"allow":["GET"]}}],"collection":[{"href":"https:\/\/www.vintape.org\/index.php?rest_route=\/wp\/v2\/product"}],"about":[{"href":"https:\/\/www.vintape.org\/index.php?rest_route=\/wp\/v2\/types\/product"}],"replies":[{"embeddable":true,"href":"https:\/\/www.vintape.org\/index.php?rest_route=%2Fwp%2Fv2%2Fcomments&post=504"}],"version-history":[{"count":0,"href":"https:\/\/www.vintape.org\/index.php?rest_route=\/wp\/v2\/product\/504\/revisions"}],"wp:featuredmedia":[{"embeddable":true,"href":"https:\/\/www.vintape.org\/index.php?rest_route=\/wp\/v2\/media\/507"}],"wp:attachment":[{"href":"https:\/\/www.vintape.org\/index.php?rest_route=%2Fwp%2Fv2%2Fmedia&parent=504"}],"wp:term":[{"taxonomy":"product_cat","embeddable":true,"href":"https:\/\/www.vintape.org\/index.php?rest_route=%2Fwp%2Fv2%2Fproduct_cat&post=504"},{"taxonomy":"product_tag","embeddable":true,"href":"https:\/\/www.vintape.org\/index.php?rest_route=%2Fwp%2Fv2%2Fproduct_tag&post=504"}],"curies":[{"name":"wp","href":"https:\/\/api.w.org\/{rel}","templated":true}]}}