{"id":248,"date":"2019-10-04T01:33:47","date_gmt":"2019-10-03T22:33:47","guid":{"rendered":"https:\/\/www.vintape.org\/urun\/import-placeholder-for-10660\/"},"modified":"2019-10-04T01:33:53","modified_gmt":"2019-10-03T22:33:53","slug":"yilbasi-ozel-seti","status":"publish","type":"product","link":"https:\/\/www.vintape.org\/?product=yilbasi-ozel-seti","title":{"rendered":"Y\u0131lba\u015f\u0131 \u00d6zel Seti"},"content":{"rendered":"<p>D\u00fc\u015f\u00fcnbil Dergisi Say\u0131lar\u0131<\/p>\n<p>D\u00fc\u015f\u00fcnbil Say\u0131 58<br \/>\nD\u00fc\u015f\u00fcnbil Say\u0131 59<br \/>\nD\u00fc\u015f\u00fcnbil Say\u0131 60<br \/>\nD\u00fc\u015f\u00fcnbil Say\u0131 63<br \/>\nD\u00fc\u015f\u00fcnbil Say\u0131 64<br \/>\nD\u00fc\u015f\u00fcnbil Say\u0131 65<br \/>\nD\u00fc\u015f\u00fcnbil Say\u0131 66<br \/>\nD\u00fc\u015f\u00fcnbil Say\u0131 67<br \/>\nD\u00fc\u015f\u00fcnbil Say\u0131 68<br \/>\nD\u00fc\u015f\u00fcnbil Say\u0131 69<br \/>\nD\u00fc\u015f\u00fcnbil Say\u0131 70<br \/>\nD\u00fc\u015f\u00fcnbil Say\u0131 71<br \/>\nD\u00fc\u015f\u00fcnbil Say\u0131 72<\/p>\n<p>Libido Dergisi Say\u0131lar\u0131<\/p>\n<p>Libido Say\u0131 17<br \/>\nLibido Say\u0131 18<br \/>\nLibido Say\u0131 27<br \/>\nLibido Say\u0131 28<br \/>\nLibido Say\u0131 29<br \/>\nLibido Say\u0131 30<br \/>\nLibido Say\u0131 32<\/p>\n<p>Kitap<\/p>\n<p>Bir Afyon Olarak \u0130deoloji<\/p>\n<p>&nbsp;<\/p>\n<p>&nbsp;<\/p>\n","protected":false},"excerpt":{"rendered":"<p>Kampanya 28 Aral\u0131k 2018 tarihine kadar ge\u00e7erlidir&#8230;<\/p>\n<p>&nbsp;<\/p>\n","protected":false},"featured_media":266,"comment_status":"open","ping_status":"closed","template":"","meta":[],"product_cat":[15],"product_tag":[],"class_list":{"0":"post-248","1":"product","2":"type-product","3":"status-publish","4":"has-post-thumbnail","6":"product_cat-genel","8":"first","9":"outofstock","10":"sale","11":"shipping-taxable","12":"purchasable","13":"product-type-simple"},"_links":{"self":[{"href":"https:\/\/www.vintape.org\/index.php?rest_route=\/wp\/v2\/product\/248","targetHints":{"allow":["GET"]}}],"collection":[{"href":"https:\/\/www.vintape.org\/index.php?rest_route=\/wp\/v2\/product"}],"about":[{"href":"https:\/\/www.vintape.org\/index.php?rest_route=\/wp\/v2\/types\/product"}],"replies":[{"embeddable":true,"href":"https:\/\/www.vintape.org\/index.php?rest_route=%2Fwp%2Fv2%2Fcomments&post=248"}],"version-history":[{"count":0,"href":"https:\/\/www.vintape.org\/index.php?rest_route=\/wp\/v2\/product\/248\/revisions"}],"wp:featuredmedia":[{"embeddable":true,"href":"https:\/\/www.vintape.org\/index.php?rest_route=\/wp\/v2\/media\/266"}],"wp:attachment":[{"href":"https:\/\/www.vintape.org\/index.php?rest_route=%2Fwp%2Fv2%2Fmedia&parent=248"}],"wp:term":[{"taxonomy":"product_cat","embeddable":true,"href":"https:\/\/www.vintape.org\/index.php?rest_route=%2Fwp%2Fv2%2Fproduct_cat&post=248"},{"taxonomy":"product_tag","embeddable":true,"href":"https:\/\/www.vintape.org\/index.php?rest_route=%2Fwp%2Fv2%2Fproduct_tag&post=248"}],"curies":[{"name":"wp","href":"https:\/\/api.w.org\/{rel}","templated":true}]}}