{"id":246,"date":"2019-10-04T01:33:47","date_gmt":"2019-10-03T22:33:47","guid":{"rendered":"https:\/\/www.vintape.org\/urun\/import-placeholder-for-10475\/"},"modified":"2019-10-04T01:33:53","modified_gmt":"2019-10-03T22:33:53","slug":"eksigini-tamamla-seti-dusunbillibido-15-sayi","status":"publish","type":"product","link":"https:\/\/www.vintape.org\/?product=eksigini-tamamla-seti-dusunbillibido-15-sayi","title":{"rendered":"Eksi\u011fini Tamamla Seti (D\u00fc\u015f\u00fcnbil+Libido 15 Say\u0131)"},"content":{"rendered":"<p>Toplamda 15 Say\u0131 se\u00e7ebilirsiniz&#8230;<\/p>\n<p>Se\u00e7ebilece\u011finiz D\u00fc\u015f\u00fcnbil Dergisi Say\u0131lar\u0131<\/p>\n<p>D\u00fc\u015f\u00fcnbil Say\u0131 58<br \/>\nD\u00fc\u015f\u00fcnbil Say\u0131 59<br \/>\nD\u00fc\u015f\u00fcnbil Say\u0131 60<br \/>\nD\u00fc\u015f\u00fcnbil Say\u0131 61<br \/>\nD\u00fc\u015f\u00fcnbil Say\u0131 62<br \/>\nD\u00fc\u015f\u00fcnbil Say\u0131 63<br \/>\nD\u00fc\u015f\u00fcnbil Say\u0131 64<br \/>\nD\u00fc\u015f\u00fcnbil Say\u0131 65<br \/>\nD\u00fc\u015f\u00fcnbil Say\u0131 66<br \/>\nD\u00fc\u015f\u00fcnbil Say\u0131 67<br \/>\nD\u00fc\u015f\u00fcnbil Say\u0131 68<br \/>\nD\u00fc\u015f\u00fcnbil Say\u0131 69<br \/>\nD\u00fc\u015f\u00fcnbil Say\u0131 70<br \/>\nD\u00fc\u015f\u00fcnbil Say\u0131 71<br \/>\nD\u00fc\u015f\u00fcnbil Say\u0131 72<br \/>\nD\u00fc\u015f\u00fcnbil Say\u0131 73<\/p>\n<p>Se\u00e7ebilece\u011finiz Libido Dergisi Say\u0131lar\u0131<\/p>\n<p>Libido Say\u0131 17<br \/>\nLibido Say\u0131 18<br \/>\nLibido Say\u0131 19<br \/>\nLibido Say\u0131 20<br \/>\nLibido Say\u0131 21<br \/>\nLibido Say\u0131 22<br \/>\nLibido Say\u0131 23<br \/>\nLibido Say\u0131 24<br \/>\nLibido Say\u0131 25\/26<br \/>\nLibido Say\u0131 27<br \/>\nLibido Say\u0131 28<br \/>\nLibido Say\u0131 29<br \/>\nLibido Say\u0131 30<br \/>\nLibido Say\u0131 31<br \/>\nLibido Say\u0131 32<br \/>\nLibido Say\u0131 33<\/p>\n<p>&nbsp;<\/p>\n<p>&nbsp;<\/p>\n","protected":false},"excerpt":{"rendered":"<p>Kampanya son tarih 10\u00a0 Aral\u0131k 2018<\/p>\n<p>\u00d6nemli Not: Sipari\u015f verirken se\u00e7ece\u011finiz say\u0131lar\u0131 sipari\u015f formunda bulunan M\u00fc\u015fteri Notu b\u00f6l\u00fcm\u00fcne yaz\u0131n\u0131z.<\/p>\n","protected":false},"featured_media":264,"comment_status":"open","ping_status":"closed","template":"","meta":[],"product_cat":[15],"product_tag":[],"class_list":{"0":"post-246","1":"product","2":"type-product","3":"status-publish","4":"has-post-thumbnail","6":"product_cat-genel","8":"first","9":"outofstock","10":"shipping-taxable","11":"purchasable","12":"product-type-simple"},"_links":{"self":[{"href":"https:\/\/www.vintape.org\/index.php?rest_route=\/wp\/v2\/product\/246","targetHints":{"allow":["GET"]}}],"collection":[{"href":"https:\/\/www.vintape.org\/index.php?rest_route=\/wp\/v2\/product"}],"about":[{"href":"https:\/\/www.vintape.org\/index.php?rest_route=\/wp\/v2\/types\/product"}],"replies":[{"embeddable":true,"href":"https:\/\/www.vintape.org\/index.php?rest_route=%2Fwp%2Fv2%2Fcomments&post=246"}],"version-history":[{"count":0,"href":"https:\/\/www.vintape.org\/index.php?rest_route=\/wp\/v2\/product\/246\/revisions"}],"wp:featuredmedia":[{"embeddable":true,"href":"https:\/\/www.vintape.org\/index.php?rest_route=\/wp\/v2\/media\/264"}],"wp:attachment":[{"href":"https:\/\/www.vintape.org\/index.php?rest_route=%2Fwp%2Fv2%2Fmedia&parent=246"}],"wp:term":[{"taxonomy":"product_cat","embeddable":true,"href":"https:\/\/www.vintape.org\/index.php?rest_route=%2Fwp%2Fv2%2Fproduct_cat&post=246"},{"taxonomy":"product_tag","embeddable":true,"href":"https:\/\/www.vintape.org\/index.php?rest_route=%2Fwp%2Fv2%2Fproduct_tag&post=246"}],"curies":[{"name":"wp","href":"https:\/\/api.w.org\/{rel}","templated":true}]}}