{"id":245,"date":"2019-10-04T01:33:47","date_gmt":"2019-10-03T22:33:47","guid":{"rendered":"https:\/\/www.vintape.org\/urun\/import-placeholder-for-10473\/"},"modified":"2019-10-04T01:33:52","modified_gmt":"2019-10-03T22:33:52","slug":"24-kasim-dusunbil-seti","status":"publish","type":"product","link":"https:\/\/www.vintape.org\/?product=24-kasim-dusunbil-seti","title":{"rendered":"24 Kas\u0131m D\u00fc\u015f\u00fcnbil Seti"},"content":{"rendered":"<p>8 Adet D\u00fc\u015f\u00fcnbil Filozof Say\u0131lar\u0131<\/p>\n<p>D\u00fc\u015f\u00fcnbil Say\u0131 58<br \/>\nD\u00fc\u015f\u00fcnbil Say\u0131 59<br \/>\nD\u00fc\u015f\u00fcnbil Say\u0131 60<br \/>\nD\u00fc\u015f\u00fcnbil Say\u0131 62<br \/>\nD\u00fc\u015f\u00fcnbil Say\u0131 63<br \/>\nD\u00fc\u015f\u00fcnbil Say\u0131 65<br \/>\nD\u00fc\u015f\u00fcnbil Say\u0131 67<br \/>\nD\u00fc\u015f\u00fcnbil Say\u0131 71<\/p>\n<p>3 Adet D\u00fc\u015f\u00fcnbil Kavram Say\u0131lar\u0131<\/p>\n<p>D\u00fc\u015f\u00fcnbil Say\u0131 64<br \/>\nD\u00fc\u015f\u00fcnbil Say\u0131 66<br \/>\nD\u00fc\u015f\u00fcnbil Say\u0131 68<\/p>\n<p>2 Adet Libido Dergisi<\/p>\n<p>Libido Say\u0131 17<br \/>\nLibido Say\u0131 18<\/p>\n","protected":false},"excerpt":{"rendered":"<p>Kampanya son tarih 25\u00a0 Kas\u0131m 2018<\/p>\n","protected":false},"featured_media":263,"comment_status":"open","ping_status":"closed","template":"","meta":[],"product_cat":[15],"product_tag":[],"class_list":{"0":"post-245","1":"product","2":"type-product","3":"status-publish","4":"has-post-thumbnail","6":"product_cat-genel","8":"first","9":"outofstock","10":"sale","11":"shipping-taxable","12":"purchasable","13":"product-type-simple"},"_links":{"self":[{"href":"https:\/\/www.vintape.org\/index.php?rest_route=\/wp\/v2\/product\/245","targetHints":{"allow":["GET"]}}],"collection":[{"href":"https:\/\/www.vintape.org\/index.php?rest_route=\/wp\/v2\/product"}],"about":[{"href":"https:\/\/www.vintape.org\/index.php?rest_route=\/wp\/v2\/types\/product"}],"replies":[{"embeddable":true,"href":"https:\/\/www.vintape.org\/index.php?rest_route=%2Fwp%2Fv2%2Fcomments&post=245"}],"version-history":[{"count":0,"href":"https:\/\/www.vintape.org\/index.php?rest_route=\/wp\/v2\/product\/245\/revisions"}],"wp:featuredmedia":[{"embeddable":true,"href":"https:\/\/www.vintape.org\/index.php?rest_route=\/wp\/v2\/media\/263"}],"wp:attachment":[{"href":"https:\/\/www.vintape.org\/index.php?rest_route=%2Fwp%2Fv2%2Fmedia&parent=245"}],"wp:term":[{"taxonomy":"product_cat","embeddable":true,"href":"https:\/\/www.vintape.org\/index.php?rest_route=%2Fwp%2Fv2%2Fproduct_cat&post=245"},{"taxonomy":"product_tag","embeddable":true,"href":"https:\/\/www.vintape.org\/index.php?rest_route=%2Fwp%2Fv2%2Fproduct_tag&post=245"}],"curies":[{"name":"wp","href":"https:\/\/api.w.org\/{rel}","templated":true}]}}