{"id":244,"date":"2019-10-04T01:33:47","date_gmt":"2019-10-03T22:33:47","guid":{"rendered":"https:\/\/www.vintape.org\/urun\/import-placeholder-for-10444\/"},"modified":"2019-10-04T01:33:52","modified_gmt":"2019-10-03T22:33:52","slug":"yeni-kampanya-2","status":"publish","type":"product","link":"https:\/\/www.vintape.org\/?product=yeni-kampanya-2","title":{"rendered":"Yeni Kampanya 2"},"content":{"rendered":"<p>6 Adet D\u00fc\u015f\u00fcnbil Dergisi<\/p>\n<p>D\u00fc\u015f\u00fcnbil Say\u0131 61<br \/>\nD\u00fc\u015f\u00fcnbil Say\u0131 64<br \/>\nD\u00fc\u015f\u00fcnbil Say\u0131 66<br \/>\nD\u00fc\u015f\u00fcnbil Say\u0131 68<br \/>\nD\u00fc\u015f\u00fcnbil Say\u0131 70<br \/>\nD\u00fc\u015f\u00fcnbil Say\u0131 72<\/p>\n<p>4 Adet Libido Dergisi<\/p>\n<p>Libido Say\u0131 30<br \/>\nLibido Say\u0131 31<br \/>\nLibido Say\u0131 32<br \/>\nLibido Say\u0131 34<\/p>\n","protected":false},"excerpt":{"rendered":"<p>Kampanya son tarih 20 Kas\u0131m 2018<\/p>\n","protected":false},"featured_media":262,"comment_status":"open","ping_status":"closed","template":"","meta":[],"product_cat":[15],"product_tag":[],"class_list":{"0":"post-244","1":"product","2":"type-product","3":"status-publish","4":"has-post-thumbnail","6":"product_cat-genel","8":"first","9":"outofstock","10":"sale","11":"shipping-taxable","12":"purchasable","13":"product-type-simple"},"_links":{"self":[{"href":"https:\/\/www.vintape.org\/index.php?rest_route=\/wp\/v2\/product\/244","targetHints":{"allow":["GET"]}}],"collection":[{"href":"https:\/\/www.vintape.org\/index.php?rest_route=\/wp\/v2\/product"}],"about":[{"href":"https:\/\/www.vintape.org\/index.php?rest_route=\/wp\/v2\/types\/product"}],"replies":[{"embeddable":true,"href":"https:\/\/www.vintape.org\/index.php?rest_route=%2Fwp%2Fv2%2Fcomments&post=244"}],"version-history":[{"count":0,"href":"https:\/\/www.vintape.org\/index.php?rest_route=\/wp\/v2\/product\/244\/revisions"}],"wp:featuredmedia":[{"embeddable":true,"href":"https:\/\/www.vintape.org\/index.php?rest_route=\/wp\/v2\/media\/262"}],"wp:attachment":[{"href":"https:\/\/www.vintape.org\/index.php?rest_route=%2Fwp%2Fv2%2Fmedia&parent=244"}],"wp:term":[{"taxonomy":"product_cat","embeddable":true,"href":"https:\/\/www.vintape.org\/index.php?rest_route=%2Fwp%2Fv2%2Fproduct_cat&post=244"},{"taxonomy":"product_tag","embeddable":true,"href":"https:\/\/www.vintape.org\/index.php?rest_route=%2Fwp%2Fv2%2Fproduct_tag&post=244"}],"curies":[{"name":"wp","href":"https:\/\/api.w.org\/{rel}","templated":true}]}}