{"id":241,"date":"2019-10-04T01:33:46","date_gmt":"2019-10-04T00:33:46","guid":{"rendered":"https:\/\/www.vintape.org\/urun\/import-placeholder-for-5125\/"},"modified":"2022-12-01T22:40:23","modified_gmt":"2022-12-01T21:40:23","slug":"libido-eski-sayilar-6-adet","status":"publish","type":"product","link":"https:\/\/www.vintape.org\/?product=libido-eski-sayilar-6-adet","title":{"rendered":"Libido Eski Say\u0131lar &#8211; 6 Adet"},"content":{"rendered":"<p>Libido Say\u0131 17<br \/>\nLibido Say\u0131 18<br \/>\nLibido Say\u0131 19<br \/>\nLibido Say\u0131 20<br \/>\nLibido Say\u0131 21<br \/>\nLibido Say\u0131 22<\/p>\n","protected":false},"excerpt":{"rendered":"<p>Libido Say\u0131 17 Libido Say\u0131 18 Libido Say\u0131 19 Libido Say\u0131 20 Libido Say\u0131 21 Libido Say\u0131 22<\/p>\n","protected":false},"featured_media":259,"comment_status":"open","ping_status":"closed","template":"","meta":[],"product_cat":[15],"product_tag":[23,40,107],"class_list":{"0":"post-241","1":"product","2":"type-product","3":"status-publish","4":"has-post-thumbnail","6":"product_cat-genel","7":"product_tag-dergi","8":"product_tag-kampanya","9":"product_tag-libido","11":"first","12":"outofstock","13":"sale","14":"featured","15":"shipping-taxable","16":"purchasable","17":"product-type-simple"},"_links":{"self":[{"href":"https:\/\/www.vintape.org\/index.php?rest_route=\/wp\/v2\/product\/241","targetHints":{"allow":["GET"]}}],"collection":[{"href":"https:\/\/www.vintape.org\/index.php?rest_route=\/wp\/v2\/product"}],"about":[{"href":"https:\/\/www.vintape.org\/index.php?rest_route=\/wp\/v2\/types\/product"}],"replies":[{"embeddable":true,"href":"https:\/\/www.vintape.org\/index.php?rest_route=%2Fwp%2Fv2%2Fcomments&post=241"}],"version-history":[{"count":0,"href":"https:\/\/www.vintape.org\/index.php?rest_route=\/wp\/v2\/product\/241\/revisions"}],"wp:featuredmedia":[{"embeddable":true,"href":"https:\/\/www.vintape.org\/index.php?rest_route=\/wp\/v2\/media\/259"}],"wp:attachment":[{"href":"https:\/\/www.vintape.org\/index.php?rest_route=%2Fwp%2Fv2%2Fmedia&parent=241"}],"wp:term":[{"taxonomy":"product_cat","embeddable":true,"href":"https:\/\/www.vintape.org\/index.php?rest_route=%2Fwp%2Fv2%2Fproduct_cat&post=241"},{"taxonomy":"product_tag","embeddable":true,"href":"https:\/\/www.vintape.org\/index.php?rest_route=%2Fwp%2Fv2%2Fproduct_tag&post=241"}],"curies":[{"name":"wp","href":"https:\/\/api.w.org\/{rel}","templated":true}]}}