{"id":240,"date":"2019-10-04T01:33:46","date_gmt":"2019-10-04T00:33:46","guid":{"rendered":"https:\/\/www.vintape.org\/urun\/import-placeholder-for-2889\/"},"modified":"2022-11-20T21:41:45","modified_gmt":"2022-11-20T20:41:45","slug":"godfather-eski-sayilar","status":"publish","type":"product","link":"https:\/\/www.vintape.org\/?product=godfather-eski-sayilar","title":{"rendered":"Godfather Eski Say\u0131lar"},"content":{"rendered":"<p>\u0130\u00e7indekiler<\/p>\n<p>Godfather Say\u0131 1<\/p>\n<p>Godfather Say\u0131 2<\/p>\n<p>Godfather Say\u0131 3<\/p>\n<p>Godfather Say\u0131 4<\/p>\n<p>Godfather Say\u0131 5<\/p>\n<p>Godfather Say\u0131 6<\/p>\n","protected":false},"excerpt":{"rendered":"<p>\u0130\u00e7indekiler Godfather Say\u0131 1 Godfather Say\u0131 2 Godfather Say\u0131 3 Godfather Say\u0131 4 Godfather Say\u0131 5 Godfather Say\u0131 6<\/p>\n","protected":false},"featured_media":258,"comment_status":"open","ping_status":"closed","template":"","meta":[],"product_cat":[15],"product_tag":[],"class_list":{"0":"post-240","1":"product","2":"type-product","3":"status-publish","4":"has-post-thumbnail","6":"product_cat-genel","8":"first","9":"outofstock","10":"sale","11":"featured","12":"shipping-taxable","13":"purchasable","14":"product-type-simple"},"_links":{"self":[{"href":"https:\/\/www.vintape.org\/index.php?rest_route=\/wp\/v2\/product\/240","targetHints":{"allow":["GET"]}}],"collection":[{"href":"https:\/\/www.vintape.org\/index.php?rest_route=\/wp\/v2\/product"}],"about":[{"href":"https:\/\/www.vintape.org\/index.php?rest_route=\/wp\/v2\/types\/product"}],"replies":[{"embeddable":true,"href":"https:\/\/www.vintape.org\/index.php?rest_route=%2Fwp%2Fv2%2Fcomments&post=240"}],"version-history":[{"count":0,"href":"https:\/\/www.vintape.org\/index.php?rest_route=\/wp\/v2\/product\/240\/revisions"}],"wp:featuredmedia":[{"embeddable":true,"href":"https:\/\/www.vintape.org\/index.php?rest_route=\/wp\/v2\/media\/258"}],"wp:attachment":[{"href":"https:\/\/www.vintape.org\/index.php?rest_route=%2Fwp%2Fv2%2Fmedia&parent=240"}],"wp:term":[{"taxonomy":"product_cat","embeddable":true,"href":"https:\/\/www.vintape.org\/index.php?rest_route=%2Fwp%2Fv2%2Fproduct_cat&post=240"},{"taxonomy":"product_tag","embeddable":true,"href":"https:\/\/www.vintape.org\/index.php?rest_route=%2Fwp%2Fv2%2Fproduct_tag&post=240"}],"curies":[{"name":"wp","href":"https:\/\/api.w.org\/{rel}","templated":true}]}}