{"id":238,"date":"2019-10-04T01:33:46","date_gmt":"2019-10-03T22:33:46","guid":{"rendered":"https:\/\/www.vintape.org\/urun\/import-placeholder-for-1411\/"},"modified":"2020-11-11T14:33:04","modified_gmt":"2020-11-11T11:33:04","slug":"dusunbil-eski-sayilar-2","status":"publish","type":"product","link":"https:\/\/www.vintape.org\/?product=dusunbil-eski-sayilar-2","title":{"rendered":"D\u00fc\u015f\u00fcnbil Eski Say\u0131lar"},"content":{"rendered":"<p>\u0130\u00c7\u0130NDEK\u0130LER &#8211; 25 ADET<\/p>\n<p>D\u00fc\u015f\u00fcnbil Say\u0131 58<br \/>\nD\u00fc\u015f\u00fcnbil Say\u0131 59<br \/>\nD\u00fc\u015f\u00fcnbil Say\u0131 60<br \/>\nD\u00fc\u015f\u00fcnbil Say\u0131 61<br \/>\nD\u00fc\u015f\u00fcnbil Say\u0131 62<br \/>\nD\u00fc\u015f\u00fcnbil Say\u0131 63<br \/>\nD\u00fc\u015f\u00fcnbil Say\u0131 64<br \/>\nD\u00fc\u015f\u00fcnbil Say\u0131 65<br \/>\nD\u00fc\u015f\u00fcnbil Say\u0131 66<br \/>\nD\u00fc\u015f\u00fcnbil Say\u0131 67<br \/>\nD\u00fc\u015f\u00fcnbil Say\u0131 68<br \/>\nD\u00fc\u015f\u00fcnbil Say\u0131 69<br \/>\nD\u00fc\u015f\u00fcnbil Say\u0131 70<br \/>\nD\u00fc\u015f\u00fcnbil Say\u0131 71<br \/>\nD\u00fc\u015f\u00fcnbil Say\u0131 72<br \/>\nD\u00fc\u015f\u00fcnbil Say\u0131 73<br \/>\nD\u00fc\u015f\u00fcnbil Say\u0131 74<br \/>\nD\u00fc\u015f\u00fcnbil Say\u0131 75<br \/>\nD\u00fc\u015f\u00fcnbil Say\u0131 76<br \/>\nD\u00fc\u015f\u00fcnbil Say\u0131 78<br \/>\nD\u00fc\u015f\u00fcnbil Say\u0131 79<br \/>\nD\u00fc\u015f\u00fcnbil Say\u0131 80<br \/>\nD\u00fc\u015f\u00fcnbil Say\u0131 81<br \/>\nD\u00fc\u015f\u00fcnbil Say\u0131 82<br \/>\nD\u00fc\u015f\u00fcnbil Say\u0131 83<\/p>\n","protected":false},"excerpt":{"rendered":"<p>\u0130\u00c7\u0130NDEK\u0130LER &#8211; 25 ADET D\u00fc\u015f\u00fcnbil Say\u0131 58 D\u00fc\u015f\u00fcnbil Say\u0131 59 D\u00fc\u015f\u00fcnbil Say\u0131 60 D\u00fc\u015f\u00fcnbil Say\u0131 61 D\u00fc\u015f\u00fcnbil Say\u0131 62 D\u00fc\u015f\u00fcnbil Say\u0131 63 D\u00fc\u015f\u00fcnbil Say\u0131 64 D\u00fc\u015f\u00fcnbil Say\u0131 65 D\u00fc\u015f\u00fcnbil Say\u0131<\/p>\n","protected":false},"featured_media":162,"comment_status":"open","ping_status":"closed","template":"","meta":[],"product_cat":[15],"product_tag":[23,24,29],"class_list":{"0":"post-238","1":"product","2":"type-product","3":"status-publish","4":"has-post-thumbnail","6":"product_cat-genel","7":"product_tag-dergi","8":"product_tag-dusunbil","9":"product_tag-eski-sayilar","10":"product_shipping_class-kargo-bizden","12":"first","13":"outofstock","14":"sale","15":"shipping-taxable","16":"purchasable","17":"product-type-simple"},"_links":{"self":[{"href":"https:\/\/www.vintape.org\/index.php?rest_route=\/wp\/v2\/product\/238","targetHints":{"allow":["GET"]}}],"collection":[{"href":"https:\/\/www.vintape.org\/index.php?rest_route=\/wp\/v2\/product"}],"about":[{"href":"https:\/\/www.vintape.org\/index.php?rest_route=\/wp\/v2\/types\/product"}],"replies":[{"embeddable":true,"href":"https:\/\/www.vintape.org\/index.php?rest_route=%2Fwp%2Fv2%2Fcomments&post=238"}],"version-history":[{"count":0,"href":"https:\/\/www.vintape.org\/index.php?rest_route=\/wp\/v2\/product\/238\/revisions"}],"wp:featuredmedia":[{"embeddable":true,"href":"https:\/\/www.vintape.org\/index.php?rest_route=\/wp\/v2\/media\/162"}],"wp:attachment":[{"href":"https:\/\/www.vintape.org\/index.php?rest_route=%2Fwp%2Fv2%2Fmedia&parent=238"}],"wp:term":[{"taxonomy":"product_cat","embeddable":true,"href":"https:\/\/www.vintape.org\/index.php?rest_route=%2Fwp%2Fv2%2Fproduct_cat&post=238"},{"taxonomy":"product_tag","embeddable":true,"href":"https:\/\/www.vintape.org\/index.php?rest_route=%2Fwp%2Fv2%2Fproduct_tag&post=238"}],"curies":[{"name":"wp","href":"https:\/\/api.w.org\/{rel}","templated":true}]}}