{"id":236,"date":"2019-10-04T01:33:46","date_gmt":"2019-10-03T22:33:46","guid":{"rendered":"https:\/\/www.vintape.org\/urun\/import-placeholder-for-1248\/"},"modified":"2020-11-11T14:32:35","modified_gmt":"2020-11-11T11:32:35","slug":"filozoflar-seti","status":"publish","type":"product","link":"https:\/\/www.vintape.org\/?product=filozoflar-seti","title":{"rendered":"Filozoflar Seti"},"content":{"rendered":"<p>Filozoflar Seti &#8211; 13 Adet<\/p>\n<p>D\u00fc\u015f\u00fcnbil Say\u0131 58\u00a0&#8211;\u00a0Russell<br \/>\nD\u00fc\u015f\u00fcnbil Say\u0131 59\u00a0&#8211;\u00a0Sartre<br \/>\nD\u00fc\u015f\u00fcnbil Say\u0131 60 &#8211;\u00a0Spinoza<br \/>\nD\u00fc\u015f\u00fcnbil Say\u0131 62 &#8211; de Beauvoir<br \/>\nD\u00fc\u015f\u00fcnbil Say\u0131 63 &#8211; Nietzsche<br \/>\nD\u00fc\u015f\u00fcnbil Say\u0131 65 &#8211; Marx<br \/>\nD\u00fc\u015f\u00fcnbil Say\u0131 67 &#8211; Schopenhauer<br \/>\nD\u00fc\u015f\u00fcnbil Say\u0131 69 &#8211; Lacan<br \/>\nD\u00fc\u015f\u00fcnbil Say\u0131 71 &#8211; Kant<br \/>\nD\u00fc\u015f\u00fcnbil Say\u0131 73 &#8211; Zizek<br \/>\nD\u00fc\u015f\u00fcnbil Say\u0131 75 &#8211; Derrida<br \/>\nD\u00fc\u015f\u00fcnbil Say\u0131 76 &#8211; Platon<br \/>\nD\u00fc\u015f\u00fcnbil Say\u0131 79 &#8211; Nietzsche<\/p>\n<p>&nbsp;<\/p>\n","protected":false},"excerpt":{"rendered":"<p>Filozoflar Seti &#8211; 13 Adet D\u00fc\u015f\u00fcnbil Say\u0131 58\u00a0&#8211;\u00a0Russell D\u00fc\u015f\u00fcnbil Say\u0131 59\u00a0&#8211;\u00a0Sartre D\u00fc\u015f\u00fcnbil Say\u0131 60 &#8211;\u00a0Spinoza D\u00fc\u015f\u00fcnbil Say\u0131 62 &#8211; de Beauvoir D\u00fc\u015f\u00fcnbil Say\u0131 63 &#8211; Nietzsche D\u00fc\u015f\u00fcnbil Say\u0131 65 &#8211;<\/p>\n","protected":false},"featured_media":256,"comment_status":"open","ping_status":"closed","template":"","meta":[],"product_cat":[15],"product_tag":[23,24,25,108,40],"class_list":{"0":"post-236","1":"product","2":"type-product","3":"status-publish","4":"has-post-thumbnail","6":"product_cat-genel","7":"product_tag-dergi","8":"product_tag-dusunbil","9":"product_tag-felsefe","10":"product_tag-filozof","11":"product_tag-kampanya","13":"first","14":"outofstock","15":"sale","16":"shipping-taxable","17":"purchasable","18":"product-type-simple"},"_links":{"self":[{"href":"https:\/\/www.vintape.org\/index.php?rest_route=\/wp\/v2\/product\/236","targetHints":{"allow":["GET"]}}],"collection":[{"href":"https:\/\/www.vintape.org\/index.php?rest_route=\/wp\/v2\/product"}],"about":[{"href":"https:\/\/www.vintape.org\/index.php?rest_route=\/wp\/v2\/types\/product"}],"replies":[{"embeddable":true,"href":"https:\/\/www.vintape.org\/index.php?rest_route=%2Fwp%2Fv2%2Fcomments&post=236"}],"version-history":[{"count":0,"href":"https:\/\/www.vintape.org\/index.php?rest_route=\/wp\/v2\/product\/236\/revisions"}],"wp:featuredmedia":[{"embeddable":true,"href":"https:\/\/www.vintape.org\/index.php?rest_route=\/wp\/v2\/media\/256"}],"wp:attachment":[{"href":"https:\/\/www.vintape.org\/index.php?rest_route=%2Fwp%2Fv2%2Fmedia&parent=236"}],"wp:term":[{"taxonomy":"product_cat","embeddable":true,"href":"https:\/\/www.vintape.org\/index.php?rest_route=%2Fwp%2Fv2%2Fproduct_cat&post=236"},{"taxonomy":"product_tag","embeddable":true,"href":"https:\/\/www.vintape.org\/index.php?rest_route=%2Fwp%2Fv2%2Fproduct_tag&post=236"}],"curies":[{"name":"wp","href":"https:\/\/api.w.org\/{rel}","templated":true}]}}