{"id":234,"date":"2019-10-04T01:33:46","date_gmt":"2019-10-03T22:33:46","guid":{"rendered":"https:\/\/www.vintape.org\/urun\/import-placeholder-for-601\/"},"modified":"2020-11-11T14:31:59","modified_gmt":"2020-11-11T11:31:59","slug":"kampanya-set","status":"publish","type":"product","link":"https:\/\/www.vintape.org\/?product=kampanya-set","title":{"rendered":"Kampanya Set"},"content":{"rendered":"<p>D\u00fc\u015f\u00fcnbil\u00a0Say\u0131 58<br \/>\nD\u00fc\u015f\u00fcnbil\u00a0Say\u0131 59<br \/>\nD\u00fc\u015f\u00fcnbil\u00a0Say\u0131 60<br \/>\nD\u00fc\u015f\u00fcnbil\u00a0Say\u0131 61<br \/>\nD\u00fc\u015f\u00fcnbil\u00a0Say\u0131 62<br \/>\nD\u00fc\u015f\u00fcnbil\u00a0Say\u0131 63<br \/>\nD\u00fc\u015f\u00fcnbil\u00a0Say\u0131 64<br \/>\nD\u00fc\u015f\u00fcnbil\u00a0Say\u0131 65<br \/>\nD\u00fc\u015f\u00fcnbil\u00a0Say\u0131 66<br \/>\nD\u00fc\u015f\u00fcnbil\u00a0Say\u0131 67<br \/>\nD\u00fc\u015f\u00fcnbil\u00a0Say\u0131 68<br \/>\nD\u00fc\u015f\u00fcnbil\u00a0Say\u0131 69<br \/>\nD\u00fc\u015f\u00fcnbil Say\u0131 70<br \/>\nD\u00fc\u015f\u00fcnbil Say\u0131 71<br \/>\nD\u00fc\u015f\u00fcnbil Say\u0131 72<br \/>\nD\u00fc\u015f\u00fcnbil Say\u0131 73<br \/>\nD\u00fc\u015f\u00fcnbil Say\u0131 74<br \/>\nD\u00fc\u015f\u00fcnbil Say\u0131 75<br \/>\nD\u00fc\u015f\u00fcnbil Say\u0131 76<br \/>\nD\u00fc\u015f\u00fcnbil Say\u0131 77<br \/>\nD\u00fc\u015f\u00fcnbil Say\u0131 78<br \/>\nD\u00fc\u015f\u00fcnbil Say\u0131 79<br \/>\nD\u00fc\u015f\u00fcnbil Say\u0131 80<br \/>\nD\u00fc\u015f\u00fcnbil Say\u0131 81<br \/>\nD\u00fc\u015f\u00fcnbil Say\u0131 82<br \/>\nD\u00fc\u015f\u00fcnbil Say\u0131 83<br \/>\nLibido Say\u0131 17<br \/>\nLibido Say\u0131 18<br \/>\nLibido Say\u0131 19<br \/>\nLibido Say\u0131 24<br \/>\nLibido Say\u0131 25\/26<br \/>\nLibido Say\u0131 27<br \/>\nLibido Say\u0131 28<br \/>\nLibido Say\u0131 29<br \/>\nLibido Say\u0131 30<br \/>\nLibido Say\u0131 31<br \/>\nLibido Say\u0131 32<br \/>\nLibido Say\u0131 33<br \/>\nLibido Say\u0131 34<br \/>\nGodFather Say\u0131 1<br \/>\nGodFather Say\u0131 2<br \/>\nGodFather Say\u0131 3<br \/>\nGodFather Say\u0131 4<br \/>\nGodFather Say\u0131 5<br \/>\nGodFather Say\u0131 6<br \/>\nTanr\u0131n\u0131n Yoklu\u011funda\/Olcay Y\u0131lmaz<br \/>\nBir Afyon Olarak \u0130deoloji\/Olcay Y\u0131lmaz<\/p>\n","protected":false},"excerpt":{"rendered":"<h4><\/h4>\n","protected":false},"featured_media":254,"comment_status":"open","ping_status":"closed","template":"","meta":[],"product_cat":[15],"product_tag":[],"class_list":{"0":"post-234","1":"product","2":"type-product","3":"status-publish","4":"has-post-thumbnail","6":"product_cat-genel","7":"product_shipping_class-kargo-bizden","9":"first","10":"outofstock","11":"sale","12":"featured","13":"shipping-taxable","14":"purchasable","15":"product-type-simple"},"_links":{"self":[{"href":"https:\/\/www.vintape.org\/index.php?rest_route=\/wp\/v2\/product\/234","targetHints":{"allow":["GET"]}}],"collection":[{"href":"https:\/\/www.vintape.org\/index.php?rest_route=\/wp\/v2\/product"}],"about":[{"href":"https:\/\/www.vintape.org\/index.php?rest_route=\/wp\/v2\/types\/product"}],"replies":[{"embeddable":true,"href":"https:\/\/www.vintape.org\/index.php?rest_route=%2Fwp%2Fv2%2Fcomments&post=234"}],"version-history":[{"count":0,"href":"https:\/\/www.vintape.org\/index.php?rest_route=\/wp\/v2\/product\/234\/revisions"}],"wp:featuredmedia":[{"embeddable":true,"href":"https:\/\/www.vintape.org\/index.php?rest_route=\/wp\/v2\/media\/254"}],"wp:attachment":[{"href":"https:\/\/www.vintape.org\/index.php?rest_route=%2Fwp%2Fv2%2Fmedia&parent=234"}],"wp:term":[{"taxonomy":"product_cat","embeddable":true,"href":"https:\/\/www.vintape.org\/index.php?rest_route=%2Fwp%2Fv2%2Fproduct_cat&post=234"},{"taxonomy":"product_tag","embeddable":true,"href":"https:\/\/www.vintape.org\/index.php?rest_route=%2Fwp%2Fv2%2Fproduct_tag&post=234"}],"curies":[{"name":"wp","href":"https:\/\/api.w.org\/{rel}","templated":true}]}}