{"id":193,"date":"2019-10-04T01:05:58","date_gmt":"2019-10-03T22:05:58","guid":{"rendered":"https:\/\/www.vintape.org\/urun\/import-placeholder-for-11832\/"},"modified":"2023-03-17T23:51:17","modified_gmt":"2023-03-17T22:51:17","slug":"dusunbil-sayi-83","status":"publish","type":"product","link":"https:\/\/www.vintape.org\/?product=dusunbil-sayi-83","title":{"rendered":"D\u00fc\u015f\u00fcnbil Say\u0131 83"},"content":{"rendered":"<div class=\"_2cuy _3dgx\">\n<div class=\"_1mf _1mj\">\n<div>\u0130\u00c7\u0130NDEK\u0130LER<\/div>\n<\/div>\n<\/div>\n<p>&nbsp;<\/p>\n<p>Rusya\u2019dan Amerika\u2019ya Ayn Rand\u2019\u0131n Felsefi Yolculu\u011fu<br \/>\nMartin Jenkins<br \/>\n\u00c7eviren: Janset Nas K\u0131l\u0131n\u00e7<\/p>\n<p>Virginia Woolf: Zaman\u0131n Batakl\u0131\u011f\u0131nda Androjen Bir Ophelia<br \/>\nJosef Hasek K\u0131l\u00e7\u0131ks\u0131z<\/p>\n<p>Hannah Arendt\u2019ten Bize Kalan<br \/>\nAla Emire D. Ersoy<\/p>\n<p>Simone de Beauvoir\u2019\u0131n Cinsel Farkl\u0131l\u0131k Fenomenolojisi I<br \/>\nSara Heinamaa<br \/>\n\u00c7eviren: B\u00fcnyamin Tan<\/p>\n<p>Siyaset Felsefesinde Kad\u0131n\u0131n ve Kad\u0131n Filozoflar\u0131n Yeri<br \/>\nS\u00f6yle\u015fi: Efsun Aksen<\/p>\n<p>Felsefenin Anlamad\u0131\u011f\u0131 \u015eu: Ayn Rand\u2019\u0131 Yok Saymak Onu Ortadan Kald\u0131rmayacak<br \/>\nSkye C. Cleary<br \/>\n\u00c7eviren: Cemre Y\u0131lmaz<\/p>\n<p>Ge\u00e7mi\u015f Ve Gelecek Aras\u0131nda Kaybolan Kamusal Alan\u0131n Tezah\u00fcr\u00fc<br \/>\nDilan Akpolat<\/p>\n<p>Virginia Woolf\u2019un \u00c7arp\u0131c\u0131l\u0131\u011f\u0131: Rosi Braidotti ile S\u00f6yle\u015fi<br \/>\nRuth Clemens<br \/>\n\u00c7eviren: Leyla Belma Gazi<\/p>\n<p>Bir Kad\u0131n Filozofumuz: M\u00fcbahat T\u00fcrker (K\u00fcyel)<br \/>\nSema \u00d6nal<\/p>\n<p>Filmdeki Felsefe<br \/>\nBenjamin Poore<br \/>\n\u00c7eviren: Zeynep \u015eenel Gencer<\/p>\n<p>\u00c7ocuk Analizi ve Bilin\u00e7d\u0131\u015f\u0131 Fantezi Mefhumu<br \/>\nPatricia Daniel<br \/>\n\u00c7eviren: Erdi Deviren<\/p>\n<p>Hannah Arendt\u2019in Adolf Eichmann\u2019a Olan \u0130tiraz\u0131<br \/>\nJudith Butler<br \/>\n\u00c7eviren: Toygar Ak\u0131n<\/p>\n<p>D\u00fc\u015f\u00fcnmek Arzuyu \u00d6ld\u00fcr\u00fcr<br \/>\nOlcay Y\u0131lmaz<\/p>\n<p>Felsefe D\u00fcnyas\u0131<\/p>\n<p>Karikat\u00fcr<\/p>\n<p>Okuma \u00d6nerisi<\/p>\n","protected":false},"excerpt":{"rendered":"<p>\u0130\u00c7\u0130NDEK\u0130LER &nbsp; Rusya\u2019dan Amerika\u2019ya Ayn Rand\u2019\u0131n Felsefi Yolculu\u011fu Martin Jenkins \u00c7eviren: Janset Nas K\u0131l\u0131n\u00e7 Virginia Woolf: Zaman\u0131n Batakl\u0131\u011f\u0131nda Androjen Bir Ophelia Josef Hasek K\u0131l\u00e7\u0131ks\u0131z Hannah Arendt\u2019ten Bize Kalan Ala Emire<\/p>\n","protected":false},"featured_media":209,"comment_status":"open","ping_status":"closed","template":"","meta":[],"product_cat":[21],"product_tag":[96,97,24,25,50,98,51,99],"class_list":{"0":"post-193","1":"product","2":"type-product","3":"status-publish","4":"has-post-thumbnail","6":"product_cat-magazine","7":"product_tag-arendt","8":"product_tag-ayn-rand","9":"product_tag-dusunbil","10":"product_tag-felsefe","11":"product_tag-kadin","12":"product_tag-kadin-filozoflar","13":"product_tag-simone-de-beauvoir","14":"product_tag-virginia-woolf","16":"first","17":"outofstock","18":"sale","19":"shipping-taxable","20":"purchasable","21":"product-type-simple"},"_links":{"self":[{"href":"https:\/\/www.vintape.org\/index.php?rest_route=\/wp\/v2\/product\/193","targetHints":{"allow":["GET"]}}],"collection":[{"href":"https:\/\/www.vintape.org\/index.php?rest_route=\/wp\/v2\/product"}],"about":[{"href":"https:\/\/www.vintape.org\/index.php?rest_route=\/wp\/v2\/types\/product"}],"replies":[{"embeddable":true,"href":"https:\/\/www.vintape.org\/index.php?rest_route=%2Fwp%2Fv2%2Fcomments&post=193"}],"version-history":[{"count":0,"href":"https:\/\/www.vintape.org\/index.php?rest_route=\/wp\/v2\/product\/193\/revisions"}],"wp:featuredmedia":[{"embeddable":true,"href":"https:\/\/www.vintape.org\/index.php?rest_route=\/wp\/v2\/media\/209"}],"wp:attachment":[{"href":"https:\/\/www.vintape.org\/index.php?rest_route=%2Fwp%2Fv2%2Fmedia&parent=193"}],"wp:term":[{"taxonomy":"product_cat","embeddable":true,"href":"https:\/\/www.vintape.org\/index.php?rest_route=%2Fwp%2Fv2%2Fproduct_cat&post=193"},{"taxonomy":"product_tag","embeddable":true,"href":"https:\/\/www.vintape.org\/index.php?rest_route=%2Fwp%2Fv2%2Fproduct_tag&post=193"}],"curies":[{"name":"wp","href":"https:\/\/api.w.org\/{rel}","templated":true}]}}