{"id":191,"date":"2019-10-04T01:05:58","date_gmt":"2019-10-03T22:05:58","guid":{"rendered":"https:\/\/www.vintape.org\/urun\/import-placeholder-for-11703\/"},"modified":"2023-03-17T23:51:17","modified_gmt":"2023-03-17T22:51:17","slug":"dusunbil-sayi-81","status":"publish","type":"product","link":"https:\/\/www.vintape.org\/?product=dusunbil-sayi-81","title":{"rendered":"D\u00fc\u015f\u00fcnbil Say\u0131 81"},"content":{"rendered":"<div class=\"_2cuy _3dgx\">\n<div class=\"_1mf _1mj\">\n<p><strong>\u0130\u00c7\u0130NDEK\u0130LER<\/strong><\/p>\n<p>Felsefede Bir Sahne De\u011fi\u015fimi: Kavramlardan Ya\u015fama Varolu\u015f\u00e7uluk<br \/>\nFeyza \u015eule G\u00fcng\u00f6r<\/p>\n<p>Sokrates\u2019in Sokratik Olanla A\u015f\u0131lmas\u0131: Kierkegaardc\u0131 Bir \u0130man Otopsisi<br \/>\nZeynep Zafer Esenyel<\/p>\n<p>Heidegger ve \u00c7evre Felsefesi<br \/>\nHaluk A\u015far<\/p>\n<p>D\u00fcnyaya F\u0131rlat\u0131lm\u0131\u015f \u0130nsan\u0131n Tutamak Aray\u0131\u015f\u0131<br \/>\nAbdurrahim Tun\u00e7<\/p>\n<p>Nietzsche: Varolu\u015f Yolculu\u011fu ve \u00d6zg\u00fcr Ruh Olman\u0131n Anlam\u0131 \u00dczerine<br \/>\nMaria Popova<br \/>\n\u00c7eviren: Burak Avc\u0131<\/p>\n<p>Camus ve Sartre\u2019\u0131n \u201cNas\u0131l \u00d6zg\u00fcr Olmal\u0131\u201d Sorusuna Dair \u0130htil\u00e2f\u0131<br \/>\nSam Dresser<br \/>\n\u00c7eviren: H\u00fcseyin S\u0131\u011f\u0131rc\u0131<\/p>\n<p>Filozoflar\u0131n En Karamsar\u0131: Schopenhauer<br \/>\nRoger Caldwell<br \/>\n\u00c7eviren: G\u00f6khan \u00c7uhac\u0131<\/p>\n<p>Varolu\u015f\u00e7u Jean Paul Sartre: \u0130nsan \u00d6zg\u00fcr Olmaya Mahkumdur!<br \/>\nFigen G\u00fcnt\u00fcrk<\/p>\n<p>E.M. Cioran\u2019da Bir \u00d6zg\u00fcrl\u00fck \u0130lkesi Olarak \u00d6l\u00fcm ve \u0130ntihar Fikri<br \/>\nBurak Say\u0131n<\/p>\n<p>Varolu\u015f\u00e7uluk ve Varolu\u015f\u00e7u Psikoterapi \u00dczerine Bir De\u011fini<br \/>\nLevent Toku\u00e7o\u011flu<\/p>\n<p>Kant ile Hesapla\u015fma<br \/>\nUmut Karag\u00f6z<\/p>\n<p>Satranc\u0131n Hayat Felsefesi<br \/>\nBar\u0131\u015f \u00c7okaz<\/p>\n<p>Felsefe D\u00fcnyas\u0131<\/p>\n<p>Karikat\u00fcr<\/p>\n<p>Okuma \u00d6nerisi<\/p>\n<\/div>\n<\/div>\n","protected":false},"excerpt":{"rendered":"<p>\u0130\u00c7\u0130NDEK\u0130LER Felsefede Bir Sahne De\u011fi\u015fimi: Kavramlardan Ya\u015fama Varolu\u015f\u00e7uluk Feyza \u015eule G\u00fcng\u00f6r Sokrates\u2019in Sokratik Olanla A\u015f\u0131lmas\u0131: Kierkegaardc\u0131 Bir \u0130man Otopsisi Zeynep Zafer Esenyel Heidegger ve \u00c7evre Felsefesi Haluk A\u015far D\u00fcnyaya F\u0131rlat\u0131lm\u0131\u015f<\/p>\n","protected":false},"featured_media":207,"comment_status":"open","ping_status":"closed","template":"","meta":[],"product_cat":[21],"product_tag":[41,24,25,53,46,65,94],"class_list":{"0":"post-191","1":"product","2":"type-product","3":"status-publish","4":"has-post-thumbnail","6":"product_cat-magazine","7":"product_tag-camus","8":"product_tag-dusunbil","9":"product_tag-felsefe","10":"product_tag-nietzsche","11":"product_tag-sartre","12":"product_tag-schopenhauer","13":"product_tag-varolusculuk","15":"first","16":"outofstock","17":"sale","18":"shipping-taxable","19":"purchasable","20":"product-type-simple"},"_links":{"self":[{"href":"https:\/\/www.vintape.org\/index.php?rest_route=\/wp\/v2\/product\/191","targetHints":{"allow":["GET"]}}],"collection":[{"href":"https:\/\/www.vintape.org\/index.php?rest_route=\/wp\/v2\/product"}],"about":[{"href":"https:\/\/www.vintape.org\/index.php?rest_route=\/wp\/v2\/types\/product"}],"replies":[{"embeddable":true,"href":"https:\/\/www.vintape.org\/index.php?rest_route=%2Fwp%2Fv2%2Fcomments&post=191"}],"version-history":[{"count":0,"href":"https:\/\/www.vintape.org\/index.php?rest_route=\/wp\/v2\/product\/191\/revisions"}],"wp:featuredmedia":[{"embeddable":true,"href":"https:\/\/www.vintape.org\/index.php?rest_route=\/wp\/v2\/media\/207"}],"wp:attachment":[{"href":"https:\/\/www.vintape.org\/index.php?rest_route=%2Fwp%2Fv2%2Fmedia&parent=191"}],"wp:term":[{"taxonomy":"product_cat","embeddable":true,"href":"https:\/\/www.vintape.org\/index.php?rest_route=%2Fwp%2Fv2%2Fproduct_cat&post=191"},{"taxonomy":"product_tag","embeddable":true,"href":"https:\/\/www.vintape.org\/index.php?rest_route=%2Fwp%2Fv2%2Fproduct_tag&post=191"}],"curies":[{"name":"wp","href":"https:\/\/api.w.org\/{rel}","templated":true}]}}